{"id":1237843,"date":"2025-06-18T17:19:55","date_gmt":"2025-06-18T15:19:55","guid":{"rendered":"https:\/\/fk-secondhand.com\/shop\/objektivplatinen-fuer-vergroesserer\/"},"modified":"2025-06-18T17:20:05","modified_gmt":"2025-06-18T15:20:05","slug":"objektivplatinen-fuer-vergroesserer","status":"publish","type":"product","link":"https:\/\/fk-secondhand.com\/en\/shop\/objektivplatinen-fuer-vergroesserer\/","title":{"rendered":"Objektivplatinen f\u00fcr Vergr\u00f6\u00dferer"},"content":{"rendered":"<table class=\"woocommerce-product-attributes shop_attributes\">\n<tbody>\n<tr class=\"woocommerce-product-attributes-item wr-product-desc no-pair\">\n<th>&nbsp;<\/th>\n<td class=\"woocommerce-product-attributes-item__value\">Lens boards for enlargers<\/td>\n<\/tr>\n<\/tbody>\n<\/table>\n","protected":false},"excerpt":{"rendered":"<p>Lens boards<\/p>\n","protected":false},"featured_media":1237835,"template":"","meta":[],"product_brand":[],"product_cat":[105],"product_tag":[],"class_list":{"0":"post-1237843","1":"product","2":"type-product","3":"status-publish","4":"has-post-thumbnail","6":"product_cat-enlarging-accessories","7":"product_shipping_class-mail-up-to-2-kg","9":"first","10":"instock","11":"purchasable","12":"product-type-simple"},"_links":{"self":[{"href":"https:\/\/fk-secondhand.com\/en\/wp-json\/wp\/v2\/product\/1237843","targetHints":{"allow":["GET"]}}],"collection":[{"href":"https:\/\/fk-secondhand.com\/en\/wp-json\/wp\/v2\/product"}],"about":[{"href":"https:\/\/fk-secondhand.com\/en\/wp-json\/wp\/v2\/types\/product"}],"wp:featuredmedia":[{"embeddable":true,"href":"https:\/\/fk-secondhand.com\/en\/wp-json\/wp\/v2\/media\/1237835"}],"wp:attachment":[{"href":"https:\/\/fk-secondhand.com\/en\/wp-json\/wp\/v2\/media?parent=1237843"}],"wp:term":[{"taxonomy":"product_brand","embeddable":true,"href":"https:\/\/fk-secondhand.com\/en\/wp-json\/wp\/v2\/product_brand?post=1237843"},{"taxonomy":"product_cat","embeddable":true,"href":"https:\/\/fk-secondhand.com\/en\/wp-json\/wp\/v2\/product_cat?post=1237843"},{"taxonomy":"product_tag","embeddable":true,"href":"https:\/\/fk-secondhand.com\/en\/wp-json\/wp\/v2\/product_tag?post=1237843"}],"curies":[{"name":"wp","href":"https:\/\/api.w.org\/{rel}","templated":true}]}}