{"id":1253977,"date":"2025-07-22T10:39:51","date_gmt":"2025-07-22T08:39:51","guid":{"rendered":"https:\/\/fk-secondhand.com\/shop\/konvolut-diverse-fotogeraete-28-stueck-bastlergeraete-3\/"},"modified":"2025-07-22T10:40:01","modified_gmt":"2025-07-22T08:40:01","slug":"konvolut-diverse-fotogeraete-28-stueck-bastlergeraete-3","status":"publish","type":"product","link":"https:\/\/fk-secondhand.com\/en\/shop\/konvolut-diverse-fotogeraete-28-stueck-bastlergeraete-3\/","title":{"rendered":"Konvolut diverse Fotoger\u00e4te- 28 St\u00fcck Bastlerger\u00e4te"},"content":{"rendered":"<table class=\"woocommerce-product-attributes shop_attributes\">\n<tbody>\n<tr class=\"woocommerce-product-attributes-item wr-product-desc\">\n<th class=\"woocommerce-product-attributes-item__label\">National PE-2057 Flash<br \/>\nHanimex 325AZ Flash<br \/>\nBraun Hobby 28BC Flash<br \/>\nPhilips Flash 16S<br \/>\nEskofot Ultragon 150mm 1<\/th>\n<td class=\"woocommerce-product-attributes-item__value\">\n<p>9<br \/>\nTraveler AF-Zoom 35-70mm<br \/>\nKodak Film Camera M35<br \/>\nJay-tech SpeedShot TX5<br \/>\nMinadax vertical battery grip<br \/>\nSixtar light meter<br \/>\nCanon Autofocus 35M<br \/>\nCanon Speedlite 188A<br \/>\nAltic 35mm focus free<br \/>\nCanon Prima Zoom 76<br \/>\nCanon Prima Zoom 39- 85mm<br \/>\nMinolta Hi-Matic AF2 Autofocus<br \/>\nCanon Prima Mini<br \/>\nGoPro Hero2<br \/>\nCanon Ixus<br \/>\nCanon AF35J<br \/>\nTripod Hakuba<br \/>\nFujifilm Quicksnap Marine<br \/>\nMamiya U<br \/>\nCanon Prima Zoom65<br \/>\nProjection lens<br \/>\n2x Moin camera<br \/>\nHasselblad<\/p>\n<\/td>\n<\/tr>\n<\/tbody>\n<\/table>\n","protected":false},"excerpt":{"rendered":"<p>Mixed lot of various photographic equipment- 28 pieces<\/p>\n<p>::: Collector&#8217;s item :::<\/p>\n","protected":false},"featured_media":1253965,"template":"","meta":[],"product_brand":[],"product_cat":[1335],"product_tag":[],"class_list":{"0":"post-1253977","1":"product","2":"type-product","3":"status-publish","4":"has-post-thumbnail","6":"product_cat-sets-convolutes","7":"product_shipping_class-mail-up-to-12-kg","9":"first","10":"outofstock","11":"purchasable","12":"product-type-simple"},"_links":{"self":[{"href":"https:\/\/fk-secondhand.com\/en\/wp-json\/wp\/v2\/product\/1253977","targetHints":{"allow":["GET"]}}],"collection":[{"href":"https:\/\/fk-secondhand.com\/en\/wp-json\/wp\/v2\/product"}],"about":[{"href":"https:\/\/fk-secondhand.com\/en\/wp-json\/wp\/v2\/types\/product"}],"wp:featuredmedia":[{"embeddable":true,"href":"https:\/\/fk-secondhand.com\/en\/wp-json\/wp\/v2\/media\/1253965"}],"wp:attachment":[{"href":"https:\/\/fk-secondhand.com\/en\/wp-json\/wp\/v2\/media?parent=1253977"}],"wp:term":[{"taxonomy":"product_brand","embeddable":true,"href":"https:\/\/fk-secondhand.com\/en\/wp-json\/wp\/v2\/product_brand?post=1253977"},{"taxonomy":"product_cat","embeddable":true,"href":"https:\/\/fk-secondhand.com\/en\/wp-json\/wp\/v2\/product_cat?post=1253977"},{"taxonomy":"product_tag","embeddable":true,"href":"https:\/\/fk-secondhand.com\/en\/wp-json\/wp\/v2\/product_tag?post=1253977"}],"curies":[{"name":"wp","href":"https:\/\/api.w.org\/{rel}","templated":true}]}}