{"id":1254045,"date":"2025-07-22T11:38:41","date_gmt":"2025-07-22T09:38:41","guid":{"rendered":"https:\/\/fk-secondhand.com\/shop\/konvolut-diverse-fotogeraete-33-stueck-bastlergeraete\/"},"modified":"2025-07-22T11:38:52","modified_gmt":"2025-07-22T09:38:52","slug":"konvolut-diverse-fotogeraete-33-stueck-bastlergeraete","status":"publish","type":"product","link":"https:\/\/fk-secondhand.com\/en\/shop\/konvolut-diverse-fotogeraete-33-stueck-bastlergeraete\/","title":{"rendered":"Konvolut diverse Fotoger\u00e4te &#8211; 33 St\u00fcck Bastlerger\u00e4te"},"content":{"rendered":"<table class=\"woocommerce-product-attributes shop_attributes\">\n<tbody>\n<tr class=\"woocommerce-product-attributes-item wr-product-desc no-pair\">\n<th>&nbsp;<\/th>\n<td class=\"woocommerce-product-attributes-item__value\">Super Cosina 80-200mm f\/4.5-5.6<br \/>\nSigma Zoom master 35-70mm f\/3.5-4.5<br \/>\nSicor MC Auto Teleconverter 2x for Canon FD<br \/>\nCF Auto Teleplus 2x<br \/>\nVivitar Automatic Teleconverter<br \/>\nCanon Zoom EF-S 18-55mm f\/3.5-5.6<br \/>\nTokina SD 70-210mm f\/4-5.6<br \/>\nSonnar 135mm f\/4<br \/>\nProjar 50mm f\/2, 8<br \/>\nMinolta programme 3200i flash<br \/>\nMinolta programme 2000xi flash<br \/>\n2x Minolta programme 3500xi flash<br \/>\nMinolta auto 132x<br \/>\nColor Revuetar-S 85mm f\/2.8<br \/>\nKomura Telemore 95 II<br \/>\nAutomatic extension ring for &#8216;P&#8217;<br \/>\nLight meter Revue S-103<br \/>\nCanon 35-80mm<br \/>\nKiptaron 50mm f\/4.5<br \/>\nVivitar MC Teleconverter 2X-1<br \/>\nPanasonic DMC-TZ56<br \/>\nVivitar Automatic Teleconverter<br \/>\nMinolta Programme 3500xi<br \/>\nBattery Grip H\u00e4hnel ND-D40<br \/>\nSony HVL-F42AM Flash<br \/>\nSixtus Gossen<br \/>\nSoligor 30DA Flash<br \/>\nAuto Tamron Zoom 70-220mm f\/4<br \/>\nMetz 36 CT3 Flash<br \/>\nMinolta Programme 3200i<br \/>\nBuschnell 4 power Scopechief Twentytwo<br \/>\nVintage Binoculars<\/td>\n<\/tr>\n<\/tbody>\n<\/table>\n","protected":false},"excerpt":{"rendered":"<p>Mixed lot of various photo devices &#8211; 33 pieces<\/p>\n<p>::: Collector&#8217;s items :::<\/p>\n","protected":false},"featured_media":1254029,"template":"","meta":[],"product_brand":[],"product_cat":[1335],"product_tag":[],"class_list":{"0":"post-1254045","1":"product","2":"type-product","3":"status-publish","4":"has-post-thumbnail","6":"product_cat-sets-convolutes","7":"product_shipping_class-mail-up-to-12-kg","9":"first","10":"instock","11":"purchasable","12":"product-type-simple"},"_links":{"self":[{"href":"https:\/\/fk-secondhand.com\/en\/wp-json\/wp\/v2\/product\/1254045","targetHints":{"allow":["GET"]}}],"collection":[{"href":"https:\/\/fk-secondhand.com\/en\/wp-json\/wp\/v2\/product"}],"about":[{"href":"https:\/\/fk-secondhand.com\/en\/wp-json\/wp\/v2\/types\/product"}],"wp:featuredmedia":[{"embeddable":true,"href":"https:\/\/fk-secondhand.com\/en\/wp-json\/wp\/v2\/media\/1254029"}],"wp:attachment":[{"href":"https:\/\/fk-secondhand.com\/en\/wp-json\/wp\/v2\/media?parent=1254045"}],"wp:term":[{"taxonomy":"product_brand","embeddable":true,"href":"https:\/\/fk-secondhand.com\/en\/wp-json\/wp\/v2\/product_brand?post=1254045"},{"taxonomy":"product_cat","embeddable":true,"href":"https:\/\/fk-secondhand.com\/en\/wp-json\/wp\/v2\/product_cat?post=1254045"},{"taxonomy":"product_tag","embeddable":true,"href":"https:\/\/fk-secondhand.com\/en\/wp-json\/wp\/v2\/product_tag?post=1254045"}],"curies":[{"name":"wp","href":"https:\/\/api.w.org\/{rel}","templated":true}]}}