{"id":1254533,"date":"2025-07-23T09:41:15","date_gmt":"2025-07-23T07:41:15","guid":{"rendered":"https:\/\/fk-secondhand.com\/shop\/konvolut-diverse-sammlergeraete-33-stueck-bastlergeraete\/"},"modified":"2025-07-23T09:41:29","modified_gmt":"2025-07-23T07:41:29","slug":"konvolut-diverse-sammlergeraete-33-stueck-bastlergeraete","status":"publish","type":"product","link":"https:\/\/fk-secondhand.com\/en\/shop\/konvolut-diverse-sammlergeraete-33-stueck-bastlergeraete\/","title":{"rendered":"Konvolut diverse Sammlerger\u00e4te &#8211; 33 St\u00fcck Bastlerger\u00e4te"},"content":{"rendered":"<table class=\"woocommerce-product-attributes shop_attributes\">\n<tbody>\n<tr class=\"woocommerce-product-attributes-item wr-product-desc no-pair\">\n<th>&nbsp;<\/th>\n<td class=\"woocommerce-product-attributes-item__value\">Zeiss Ikonta folding camera<br \/>\nFolding camera by Herlango with cassette<br \/>\nHolding rail for Studiolux<br \/>\n3x viewfinder camera Agfa Isola<br \/>\nVoigtl\u00e4nder folding camera<br \/>\nRollei B35<br \/>\nDacora dignette I with case<br \/>\nVoigtl\u00e4nder Vitomatic II<br \/>\nKonica housing<br \/>\nZorki 6<br \/>\nToshiba ES- 30G flash<br \/>\nVoigtl\u00e4nder camera case<br \/>\nRicoh Auto Half<br \/>\nIkon Zeiss viewfinder<br \/>\nVoigtl\u00e4nder Vitomatic II CS<br \/>\nSuper-Dynarex 135mm f\/4<br \/>\nmagnifier<br \/>\n901 Mini flash by Agfa<br \/>\nPorst KX50 flash<br \/>\nFujica GE<br \/>\nInstamatic camera 100 by Kodak<br \/>\nCulminar 105mm f\/4, 5<br \/>\nJupiter 8 50mm f\/2<br \/>\nEdixa reflex<br \/>\nAgfa Optima 535 sensor<br \/>\nAgfamatic pocket lux<br \/>\nAgfa Isola 1 case<br \/>\nCapital light meter<br \/>\nAntique telescope part<br \/>\nKodak Instamatic flash holder<br \/>\nRetica III C upper part<\/td>\n<\/tr>\n<\/tbody>\n<\/table>\n","protected":false},"excerpt":{"rendered":"<p>Mixed lot of various collector&#8217;s items &#8211; 33 pieces<\/p>\n<p>::: Collector&#8217;s items :::<\/p>\n","protected":false},"featured_media":1254519,"template":"","meta":[],"product_brand":[],"product_cat":[1335],"product_tag":[],"class_list":{"0":"post-1254533","1":"product","2":"type-product","3":"status-publish","4":"has-post-thumbnail","6":"product_cat-sets-convolutes","7":"product_shipping_class-mail-up-to-12-kg","9":"first","10":"outofstock","11":"purchasable","12":"product-type-simple"},"_links":{"self":[{"href":"https:\/\/fk-secondhand.com\/en\/wp-json\/wp\/v2\/product\/1254533","targetHints":{"allow":["GET"]}}],"collection":[{"href":"https:\/\/fk-secondhand.com\/en\/wp-json\/wp\/v2\/product"}],"about":[{"href":"https:\/\/fk-secondhand.com\/en\/wp-json\/wp\/v2\/types\/product"}],"wp:featuredmedia":[{"embeddable":true,"href":"https:\/\/fk-secondhand.com\/en\/wp-json\/wp\/v2\/media\/1254519"}],"wp:attachment":[{"href":"https:\/\/fk-secondhand.com\/en\/wp-json\/wp\/v2\/media?parent=1254533"}],"wp:term":[{"taxonomy":"product_brand","embeddable":true,"href":"https:\/\/fk-secondhand.com\/en\/wp-json\/wp\/v2\/product_brand?post=1254533"},{"taxonomy":"product_cat","embeddable":true,"href":"https:\/\/fk-secondhand.com\/en\/wp-json\/wp\/v2\/product_cat?post=1254533"},{"taxonomy":"product_tag","embeddable":true,"href":"https:\/\/fk-secondhand.com\/en\/wp-json\/wp\/v2\/product_tag?post=1254533"}],"curies":[{"name":"wp","href":"https:\/\/api.w.org\/{rel}","templated":true}]}}