{"id":1255016,"date":"2025-07-24T09:45:16","date_gmt":"2025-07-24T07:45:16","guid":{"rendered":"https:\/\/fk-secondhand.com\/shop\/durst-vergroesserungsrahmen-cofram-304-fuer-bis-zu-35x43cm-papier-2\/"},"modified":"2025-07-24T09:45:25","modified_gmt":"2025-07-24T07:45:25","slug":"durst-vergroesserungsrahmen-cofram-304-fuer-bis-zu-35x43cm-papier-2","status":"publish","type":"product","link":"https:\/\/fk-secondhand.com\/en\/shop\/durst-vergroesserungsrahmen-cofram-304-fuer-bis-zu-35x43cm-papier-2\/","title":{"rendered":"Durst Vergr\u00f6\u00dferungsrahmen Cofram 304 f\u00fcr bis zu 35x43cm Papier"},"content":{"rendered":"<table class=\"woocommerce-product-attributes shop_attributes\">\n<tbody>\n<tr class=\"woocommerce-product-attributes-item wr-product-desc no-pair\">\n<th>&nbsp;<\/th>\n<td class=\"woocommerce-product-attributes-item__value\">Enlargement frame for 30x40cm paper (with oversize format)<\/td>\n<\/tr>\n<tr class=\"woocommerce-product-attributes-item wr-product-desc no-pair\">\n<th>&nbsp;<\/th>\n<td class=\"woocommerce-product-attributes-item__value\">with 2 masking tapes<\/td>\n<\/tr>\n<tr class=\"woocommerce-product-attributes-item wr-product-desc no-pair\">\n<th>&nbsp;<\/th>\n<td class=\"woocommerce-product-attributes-item__value\">on white base<\/td>\n<\/tr>\n<\/tbody>\n<\/table>\n","protected":false},"excerpt":{"rendered":"<p>DURST enlarging frame<\/p>\n","protected":false},"featured_media":1255008,"template":"","meta":[],"product_brand":[],"product_cat":[106],"product_tag":[],"class_list":{"0":"post-1255016","1":"product","2":"type-product","3":"status-publish","4":"has-post-thumbnail","6":"product_cat-enlarging-easel","7":"product_shipping_class-mail-up-to-4-kg","8":"pa_marke-durst-en","10":"first","11":"outofstock","12":"purchasable","13":"product-type-simple"},"_links":{"self":[{"href":"https:\/\/fk-secondhand.com\/en\/wp-json\/wp\/v2\/product\/1255016","targetHints":{"allow":["GET"]}}],"collection":[{"href":"https:\/\/fk-secondhand.com\/en\/wp-json\/wp\/v2\/product"}],"about":[{"href":"https:\/\/fk-secondhand.com\/en\/wp-json\/wp\/v2\/types\/product"}],"wp:featuredmedia":[{"embeddable":true,"href":"https:\/\/fk-secondhand.com\/en\/wp-json\/wp\/v2\/media\/1255008"}],"wp:attachment":[{"href":"https:\/\/fk-secondhand.com\/en\/wp-json\/wp\/v2\/media?parent=1255016"}],"wp:term":[{"taxonomy":"product_brand","embeddable":true,"href":"https:\/\/fk-secondhand.com\/en\/wp-json\/wp\/v2\/product_brand?post=1255016"},{"taxonomy":"product_cat","embeddable":true,"href":"https:\/\/fk-secondhand.com\/en\/wp-json\/wp\/v2\/product_cat?post=1255016"},{"taxonomy":"product_tag","embeddable":true,"href":"https:\/\/fk-secondhand.com\/en\/wp-json\/wp\/v2\/product_tag?post=1255016"}],"curies":[{"name":"wp","href":"https:\/\/api.w.org\/{rel}","templated":true}]}}