{"id":1257590,"date":"2025-07-29T15:26:24","date_gmt":"2025-07-29T13:26:24","guid":{"rendered":"https:\/\/fk-secondhand.com\/shop\/broncolor-pulso-2-blitzkoepfe-2-stueck-mit-zubehoer\/"},"modified":"2025-07-29T15:26:39","modified_gmt":"2025-07-29T13:26:39","slug":"broncolor-pulso-2-blitzkoepfe-2-stueck-mit-zubehoer","status":"publish","type":"product","link":"https:\/\/fk-secondhand.com\/en\/shop\/broncolor-pulso-2-blitzkoepfe-2-stueck-mit-zubehoer\/","title":{"rendered":"Broncolor Pulso 2 Blitzk\u00f6pfe 2 St\u00fcck mit Zubeh\u00f6r"},"content":{"rendered":"<table class=\"woocommerce-product-attributes shop_attributes\">\n<tbody>\n<tr class=\"woocommerce-product-attributes-item wr-product-desc no-pair\">\n<th>&nbsp;<\/th>\n<td class=\"woocommerce-product-attributes-item__value\">Pulso<br \/>\n2 flash heads<br \/>\n3 reflectors<br \/>\n2 barndoors<br \/>\n1 softbox<br \/>\n1 honeycomb<\/td>\n<\/tr>\n<\/tbody>\n<\/table>\n","protected":false},"excerpt":{"rendered":"<p>Broncolor studio flash set<\/p>\n","protected":false},"featured_media":1257580,"template":"","meta":[],"product_brand":[],"product_cat":[308],"product_tag":[],"class_list":{"0":"post-1257590","1":"product","2":"type-product","3":"status-publish","4":"has-post-thumbnail","6":"product_cat-generators-flash-heads","7":"product_shipping_class-mail-up-to-12-kg","8":"pa_marke-broncolor-en","10":"first","11":"outofstock","12":"purchasable","13":"product-type-simple"},"_links":{"self":[{"href":"https:\/\/fk-secondhand.com\/en\/wp-json\/wp\/v2\/product\/1257590","targetHints":{"allow":["GET"]}}],"collection":[{"href":"https:\/\/fk-secondhand.com\/en\/wp-json\/wp\/v2\/product"}],"about":[{"href":"https:\/\/fk-secondhand.com\/en\/wp-json\/wp\/v2\/types\/product"}],"wp:featuredmedia":[{"embeddable":true,"href":"https:\/\/fk-secondhand.com\/en\/wp-json\/wp\/v2\/media\/1257580"}],"wp:attachment":[{"href":"https:\/\/fk-secondhand.com\/en\/wp-json\/wp\/v2\/media?parent=1257590"}],"wp:term":[{"taxonomy":"product_brand","embeddable":true,"href":"https:\/\/fk-secondhand.com\/en\/wp-json\/wp\/v2\/product_brand?post=1257590"},{"taxonomy":"product_cat","embeddable":true,"href":"https:\/\/fk-secondhand.com\/en\/wp-json\/wp\/v2\/product_cat?post=1257590"},{"taxonomy":"product_tag","embeddable":true,"href":"https:\/\/fk-secondhand.com\/en\/wp-json\/wp\/v2\/product_tag?post=1257590"}],"curies":[{"name":"wp","href":"https:\/\/api.w.org\/{rel}","templated":true}]}}