{"id":1260634,"date":"2025-08-05T17:44:31","date_gmt":"2025-08-05T15:44:31","guid":{"rendered":"https:\/\/fk-secondhand.com\/shop\/kodak-reprostaender-fuer-retina-mit-zubehoer\/"},"modified":"2025-08-05T17:44:43","modified_gmt":"2025-08-05T15:44:43","slug":"kodak-reprostaender-fuer-retina-mit-zubehoer","status":"publish","type":"product","link":"https:\/\/fk-secondhand.com\/en\/shop\/kodak-reprostaender-fuer-retina-mit-zubehoer\/","title":{"rendered":"Kodak Reprost\u00e4nder f\u00fcr Retina mit Zubeh\u00f6r"},"content":{"rendered":"<table class=\"woocommerce-product-attributes shop_attributes\">\n<tbody>\n<tr class=\"woocommerce-product-attributes-item wr-product-desc no-pair\">\n<th>&nbsp;<\/th>\n<td class=\"woocommerce-product-attributes-item__value\">Kodak<br \/>\nRepro stand for Retinas<br \/>\nWith accessories and lighting<\/td>\n<\/tr>\n<\/tbody>\n<\/table>\n","protected":false},"excerpt":{"rendered":"<p>Repro equipment from Kodak<\/p>\n","protected":false},"featured_media":1260626,"template":"","meta":[],"product_brand":[],"product_cat":[321],"product_tag":[],"class_list":{"0":"post-1260634","1":"product","2":"type-product","3":"status-publish","4":"has-post-thumbnail","6":"product_cat-small-parts-accessories","7":"product_shipping_class-mail-up-to-4-kg","8":"pa_marke-kodak-en","10":"first","11":"outofstock","12":"purchasable","13":"product-type-simple"},"_links":{"self":[{"href":"https:\/\/fk-secondhand.com\/en\/wp-json\/wp\/v2\/product\/1260634","targetHints":{"allow":["GET"]}}],"collection":[{"href":"https:\/\/fk-secondhand.com\/en\/wp-json\/wp\/v2\/product"}],"about":[{"href":"https:\/\/fk-secondhand.com\/en\/wp-json\/wp\/v2\/types\/product"}],"wp:featuredmedia":[{"embeddable":true,"href":"https:\/\/fk-secondhand.com\/en\/wp-json\/wp\/v2\/media\/1260626"}],"wp:attachment":[{"href":"https:\/\/fk-secondhand.com\/en\/wp-json\/wp\/v2\/media?parent=1260634"}],"wp:term":[{"taxonomy":"product_brand","embeddable":true,"href":"https:\/\/fk-secondhand.com\/en\/wp-json\/wp\/v2\/product_brand?post=1260634"},{"taxonomy":"product_cat","embeddable":true,"href":"https:\/\/fk-secondhand.com\/en\/wp-json\/wp\/v2\/product_cat?post=1260634"},{"taxonomy":"product_tag","embeddable":true,"href":"https:\/\/fk-secondhand.com\/en\/wp-json\/wp\/v2\/product_tag?post=1260634"}],"curies":[{"name":"wp","href":"https:\/\/api.w.org\/{rel}","templated":true}]}}