{"id":1272382,"date":"2025-09-03T14:22:02","date_gmt":"2025-09-03T12:22:02","guid":{"rendered":"https:\/\/fk-secondhand.com\/shop\/konvolut-diverse-sammlergeraet-20-stueck-bastlergeraete\/"},"modified":"2025-09-03T14:55:23","modified_gmt":"2025-09-03T12:55:23","slug":"konvolut-diverse-sammlergeraet-20-stueck-bastlergeraete","status":"publish","type":"product","link":"https:\/\/fk-secondhand.com\/en\/shop\/konvolut-diverse-sammlergeraet-20-stueck-bastlergeraete\/","title":{"rendered":"Konvolut diverse Sammlerger\u00e4t &#8211; 20 St\u00fcck Bastlerger\u00e4te"},"content":{"rendered":"<table class=\"woocommerce-product-attributes shop_attributes\">\n<tbody>\n<tr class=\"woocommerce-product-attributes-item wr-product-desc no-pair\">\n<th>&nbsp;<\/th>\n<td class=\"woocommerce-product-attributes-item__value\">Zeiss Ikon folding camera with Novar 10.5 cm<br \/>\nFUJI DL-150 viewfinder camera<br \/>\nAgfa folding camera with Anastigmat 10 cm<br \/>\nAgfa Isola 75 mm f\/6.3 viewfinder camera<br \/>\nAgfalux flash<br \/>\nZeiss Ikon half-frame folding camera with Novar 7.5 cm f\/4.5<br \/>\nLomo Minitar 1 32 mm f\/2.8 viewfinder camera<br \/>\nCanon AV-1 viewfinder camera<br \/>\nViewfinder camera Voigtl\u00e4nder VITO CLR<br \/>\nViewfinder camera CLACK by Agfa<br \/>\nViewfinder camera Dacora dignette I Prontor 125<br \/>\nSixtomat exposure meter<br \/>\nViewfinder camera Arette IB 45mm f\/2.8<br \/>\nOptomax exposure meter<br \/>\nBewi exposure meter<br \/>\nBeriram exposure meter<br \/>\n3x magnifying glass<br \/>\nEumig Viennette Super 8<\/td>\n<\/tr>\n<\/tbody>\n<\/table>\n","protected":false},"excerpt":{"rendered":"<p>Assortment of various collector&#8217;s items &#8211; 20 pieces<\/p>\n<p>::: Collector&#8217;s items :::<\/p>\n","protected":false},"featured_media":1272372,"template":"","meta":[],"product_brand":[],"product_cat":[1335],"product_tag":[],"class_list":{"0":"post-1272382","1":"product","2":"type-product","3":"status-publish","4":"has-post-thumbnail","6":"product_cat-sets-convolutes","7":"product_shipping_class-mail-up-to-12-kg","9":"first","10":"outofstock","11":"purchasable","12":"product-type-simple"},"_links":{"self":[{"href":"https:\/\/fk-secondhand.com\/en\/wp-json\/wp\/v2\/product\/1272382","targetHints":{"allow":["GET"]}}],"collection":[{"href":"https:\/\/fk-secondhand.com\/en\/wp-json\/wp\/v2\/product"}],"about":[{"href":"https:\/\/fk-secondhand.com\/en\/wp-json\/wp\/v2\/types\/product"}],"wp:featuredmedia":[{"embeddable":true,"href":"https:\/\/fk-secondhand.com\/en\/wp-json\/wp\/v2\/media\/1272372"}],"wp:attachment":[{"href":"https:\/\/fk-secondhand.com\/en\/wp-json\/wp\/v2\/media?parent=1272382"}],"wp:term":[{"taxonomy":"product_brand","embeddable":true,"href":"https:\/\/fk-secondhand.com\/en\/wp-json\/wp\/v2\/product_brand?post=1272382"},{"taxonomy":"product_cat","embeddable":true,"href":"https:\/\/fk-secondhand.com\/en\/wp-json\/wp\/v2\/product_cat?post=1272382"},{"taxonomy":"product_tag","embeddable":true,"href":"https:\/\/fk-secondhand.com\/en\/wp-json\/wp\/v2\/product_tag?post=1272382"}],"curies":[{"name":"wp","href":"https:\/\/api.w.org\/{rel}","templated":true}]}}