{"id":1272410,"date":"2025-09-03T14:52:33","date_gmt":"2025-09-03T12:52:33","guid":{"rendered":"https:\/\/fk-secondhand.com\/shop\/konvolut-diverse-fotogeraete-32-stueck-bastlergeraete\/"},"modified":"2025-09-03T14:52:49","modified_gmt":"2025-09-03T12:52:49","slug":"konvolut-diverse-fotogeraete-32-stueck-bastlergeraete","status":"publish","type":"product","link":"https:\/\/fk-secondhand.com\/en\/shop\/konvolut-diverse-fotogeraete-32-stueck-bastlergeraete\/","title":{"rendered":"Konvolut diverse Fotoger\u00e4te &#8211; 32 St\u00fcck Bastlerger\u00e4te"},"content":{"rendered":"<table class=\"woocommerce-product-attributes shop_attributes\">\n<tbody>\n<tr class=\"woocommerce-product-attributes-item wr-product-desc no-pair\">\n<th>&nbsp;<\/th>\n<td class=\"woocommerce-product-attributes-item__value\">Concord 110EF pocket camera<br \/>\nJumelles 10&#215;25 binoculars<br \/>\nCanon Prima 76 viewfinder camera<br \/>\nSoligor TIF 340 flash<br \/>\nNikon Speedlight SB-800 flash<br \/>\nMinolta Program 5200i flash<br \/>\nMetz 30BCT 4 flash<br \/>\nNissin 20M flash<br \/>\nRevuetron 34T flash<br \/>\nPanasonic PE-145 flash<br \/>\nMinolta Program 5200i flash<br \/>\nMinolta Maxxum 2800 AF flash<br \/>\nSunpak auto 355AF flash<br \/>\n0.7x wide-angle video converter from Vivanco<br \/>\nVivitar automatic extension tube<br \/>\nAuto Revuenon 55mm f\/1.7<br \/>\nCanon 300EZ flash<br \/>\nMX Triplus Auto extension tube<br \/>\nTraveler 12&#215;32 binoculars<br \/>\nKinotelex 2x<br \/>\nMinolta Vectis 20 viewfinder camera<br \/>\nSekonic Zoom meter L-228<br \/>\nPraktica DCZ 2.1 viewfinder camera<br \/>\nViewfinder camera Minolta 150 Riva Zoom<br \/>\nHawkeye pocket Instamatic camera<br \/>\nKodak Easy share DX4900<br \/>\nFlash Unomat B20C<br \/>\nVideo camera JVC GR-D239E<br \/>\nNikon flash SB-22<br \/>\nUniversa auto tele converter<br \/>\nVideo camera Sony CCD-TR427E<br \/>\nFlash Philips P536 Thyristor CL X<\/td>\n<\/tr>\n<\/tbody>\n<\/table>\n","protected":false},"excerpt":{"rendered":"<p>Konvolut diverse Fotoger\u00e4te &#8211; 32 St\u00fcck<\/p>\n<p>::: Bastlerger\u00e4t :::<\/p>\n","protected":false},"featured_media":1272398,"template":"","meta":[],"product_brand":[],"product_cat":[1335],"product_tag":[],"class_list":{"0":"post-1272410","1":"product","2":"type-product","3":"status-publish","4":"has-post-thumbnail","6":"product_cat-sets-convolutes","7":"product_shipping_class-mail-up-to-12-kg","9":"first","10":"instock","11":"purchasable","12":"product-type-simple"},"_links":{"self":[{"href":"https:\/\/fk-secondhand.com\/en\/wp-json\/wp\/v2\/product\/1272410","targetHints":{"allow":["GET"]}}],"collection":[{"href":"https:\/\/fk-secondhand.com\/en\/wp-json\/wp\/v2\/product"}],"about":[{"href":"https:\/\/fk-secondhand.com\/en\/wp-json\/wp\/v2\/types\/product"}],"wp:featuredmedia":[{"embeddable":true,"href":"https:\/\/fk-secondhand.com\/en\/wp-json\/wp\/v2\/media\/1272398"}],"wp:attachment":[{"href":"https:\/\/fk-secondhand.com\/en\/wp-json\/wp\/v2\/media?parent=1272410"}],"wp:term":[{"taxonomy":"product_brand","embeddable":true,"href":"https:\/\/fk-secondhand.com\/en\/wp-json\/wp\/v2\/product_brand?post=1272410"},{"taxonomy":"product_cat","embeddable":true,"href":"https:\/\/fk-secondhand.com\/en\/wp-json\/wp\/v2\/product_cat?post=1272410"},{"taxonomy":"product_tag","embeddable":true,"href":"https:\/\/fk-secondhand.com\/en\/wp-json\/wp\/v2\/product_tag?post=1272410"}],"curies":[{"name":"wp","href":"https:\/\/api.w.org\/{rel}","templated":true}]}}