{"id":1276123,"date":"2025-09-10T12:09:29","date_gmt":"2025-09-10T10:09:29","guid":{"rendered":"https:\/\/fk-secondhand.com\/shop\/konvolut-diverse-fotogeraete-15-stueck-bastlergeraete-2\/"},"modified":"2025-09-10T12:09:39","modified_gmt":"2025-09-10T10:09:39","slug":"konvolut-diverse-fotogeraete-15-stueck-bastlergeraete-2","status":"publish","type":"product","link":"https:\/\/fk-secondhand.com\/en\/shop\/konvolut-diverse-fotogeraete-15-stueck-bastlergeraete-2\/","title":{"rendered":"Konvolut diverse Fotoger\u00e4te &#8211; 15 St\u00fcck Bastlerger\u00e4te"},"content":{"rendered":"<table class=\"woocommerce-product-attributes shop_attributes\">\n<tbody>\n<tr class=\"woocommerce-product-attributes-item wr-product-desc no-pair\">\n<th>&nbsp;<\/th>\n<td class=\"woocommerce-product-attributes-item__value\">Viewfinder camera model P56<br \/>\nMini flash Primus<br \/>\nViewfinder camera Dacora 75mm f\/4.5<br \/>\nMoza Moin camera<br \/>\nFlash Metz 28 AF1<br \/>\nNikon Coolpix 990<br \/>\nLight meter Sixtar<br \/>\nSixtomat light meter<br \/>\nCanon AF310XL<br \/>\nAgfa external flash<br \/>\nRevue M16 flash<br \/>\nMinolta Vectis SF-1 flash<br \/>\nMinolta Program 2000xi flash<br \/>\nSekonig light meter<br \/>\nAgfalux<\/td>\n<\/tr>\n<\/tbody>\n<\/table>\n","protected":false},"excerpt":{"rendered":"<p>Various photographic devices &#8211; 15 items<\/p>\n<p>::: Collector&#8217;s items :::<\/p>\n","protected":false},"featured_media":1276113,"template":"","meta":[],"product_brand":[],"product_cat":[1335],"product_tag":[],"class_list":{"0":"post-1276123","1":"product","2":"type-product","3":"status-publish","4":"has-post-thumbnail","6":"product_cat-sets-convolutes","7":"product_shipping_class-mail-up-to-6-kg","9":"first","10":"instock","11":"purchasable","12":"product-type-simple"},"_links":{"self":[{"href":"https:\/\/fk-secondhand.com\/en\/wp-json\/wp\/v2\/product\/1276123","targetHints":{"allow":["GET"]}}],"collection":[{"href":"https:\/\/fk-secondhand.com\/en\/wp-json\/wp\/v2\/product"}],"about":[{"href":"https:\/\/fk-secondhand.com\/en\/wp-json\/wp\/v2\/types\/product"}],"wp:featuredmedia":[{"embeddable":true,"href":"https:\/\/fk-secondhand.com\/en\/wp-json\/wp\/v2\/media\/1276113"}],"wp:attachment":[{"href":"https:\/\/fk-secondhand.com\/en\/wp-json\/wp\/v2\/media?parent=1276123"}],"wp:term":[{"taxonomy":"product_brand","embeddable":true,"href":"https:\/\/fk-secondhand.com\/en\/wp-json\/wp\/v2\/product_brand?post=1276123"},{"taxonomy":"product_cat","embeddable":true,"href":"https:\/\/fk-secondhand.com\/en\/wp-json\/wp\/v2\/product_cat?post=1276123"},{"taxonomy":"product_tag","embeddable":true,"href":"https:\/\/fk-secondhand.com\/en\/wp-json\/wp\/v2\/product_tag?post=1276123"}],"curies":[{"name":"wp","href":"https:\/\/api.w.org\/{rel}","templated":true}]}}