{"id":1276191,"date":"2025-09-10T14:20:45","date_gmt":"2025-09-10T12:20:45","guid":{"rendered":"https:\/\/fk-secondhand.com\/shop\/konvolut-diverse-fotogeraete-23-stueck-bastlergeraete-6\/"},"modified":"2025-09-10T14:21:01","modified_gmt":"2025-09-10T12:21:01","slug":"konvolut-diverse-fotogeraete-23-stueck-bastlergeraete-6","status":"publish","type":"product","link":"https:\/\/fk-secondhand.com\/en\/shop\/konvolut-diverse-fotogeraete-23-stueck-bastlergeraete-6\/","title":{"rendered":"Konvolut diverse Fotoger\u00e4te &#8211; 23 St\u00fcck Bastlerger\u00e4te"},"content":{"rendered":"<table class=\"woocommerce-product-attributes shop_attributes\">\n<tbody>\n<tr class=\"woocommerce-product-attributes-item wr-product-desc no-pair\">\n<th>&nbsp;<\/th>\n<td class=\"woocommerce-product-attributes-item__value\">3 x Minolta program 2800 AF<br \/>\nSpeedlite 200E<br \/>\nCanon Speedlite 244T<br \/>\nKako auto-250SB<br \/>\nMetz 32 CT3<br \/>\nJay-tech digi flash<br \/>\nCanon Speedlite 277T<br \/>\nMetz 32 Z-1<br \/>\nMinolta program 3200i<br \/>\nPraktica 321A<br \/>\nMinolta Program 4000 AF<br \/>\nPentax Efina T<br \/>\nMinolta Program 2000xi<br \/>\nSunpak GX17<br \/>\nCanon BM70<br \/>\nMinolta Vectis SF-1<br \/>\nLuxon 9800A<br \/>\nOptisan Gemini II<br \/>\nMetz Mecablitz 60CT<br \/>\nMetz Mecablitz 30B3<br \/>\nMetz Mecablitz 60 CT-4<\/td>\n<\/tr>\n<\/tbody>\n<\/table>\n","protected":false},"excerpt":{"rendered":"<p>Diverse photo equipment &#8211; 23 items<\/p>\n<p>::: Collector&#8217;s items :::<\/p>\n","protected":false},"featured_media":1276185,"template":"","meta":[],"product_brand":[],"product_cat":[1335],"product_tag":[],"class_list":{"0":"post-1276191","1":"product","2":"type-product","3":"status-publish","4":"has-post-thumbnail","6":"product_cat-sets-convolutes","7":"product_shipping_class-mail-up-to-12-kg","9":"first","10":"instock","11":"purchasable","12":"product-type-simple"},"_links":{"self":[{"href":"https:\/\/fk-secondhand.com\/en\/wp-json\/wp\/v2\/product\/1276191","targetHints":{"allow":["GET"]}}],"collection":[{"href":"https:\/\/fk-secondhand.com\/en\/wp-json\/wp\/v2\/product"}],"about":[{"href":"https:\/\/fk-secondhand.com\/en\/wp-json\/wp\/v2\/types\/product"}],"wp:featuredmedia":[{"embeddable":true,"href":"https:\/\/fk-secondhand.com\/en\/wp-json\/wp\/v2\/media\/1276185"}],"wp:attachment":[{"href":"https:\/\/fk-secondhand.com\/en\/wp-json\/wp\/v2\/media?parent=1276191"}],"wp:term":[{"taxonomy":"product_brand","embeddable":true,"href":"https:\/\/fk-secondhand.com\/en\/wp-json\/wp\/v2\/product_brand?post=1276191"},{"taxonomy":"product_cat","embeddable":true,"href":"https:\/\/fk-secondhand.com\/en\/wp-json\/wp\/v2\/product_cat?post=1276191"},{"taxonomy":"product_tag","embeddable":true,"href":"https:\/\/fk-secondhand.com\/en\/wp-json\/wp\/v2\/product_tag?post=1276191"}],"curies":[{"name":"wp","href":"https:\/\/api.w.org\/{rel}","templated":true}]}}