{"id":1276203,"date":"2025-09-10T14:40:31","date_gmt":"2025-09-10T12:40:31","guid":{"rendered":"https:\/\/fk-secondhand.com\/shop\/konvolut-diverse-fotogeraete-28-stueck-bastlergeraete-4\/"},"modified":"2025-09-10T14:40:41","modified_gmt":"2025-09-10T12:40:41","slug":"konvolut-diverse-fotogeraete-28-stueck-bastlergeraete-4","status":"publish","type":"product","link":"https:\/\/fk-secondhand.com\/en\/shop\/konvolut-diverse-fotogeraete-28-stueck-bastlergeraete-4\/","title":{"rendered":"Konvolut diverse Fotoger\u00e4te &#8211; 28 St\u00fcck Bastlerger\u00e4te"},"content":{"rendered":"<table class=\"woocommerce-product-attributes shop_attributes\">\n<tbody>\n<tr class=\"woocommerce-product-attributes-item wr-product-desc no-pair\">\n<th>&nbsp;<\/th>\n<td class=\"woocommerce-product-attributes-item__value\">255x Instamatic camera from Kodak<br \/>\n2 x Agfa Tully<br \/>\nAgfalux Ci<br \/>\nAgfamatic 2000 sensor<br \/>\nGossen colour finder<br \/>\nMinolta Ix-Date<br \/>\nMinolta Electroflash S<br \/>\nZeiss Ikon Box Tengor<br \/>\nWatalux x2<br \/>\nVoigtl\u00e4nder folding camera Anastigmat f\/6.3<br \/>\nAgfa Optima II<br \/>\nExtension tubes<br \/>\nSekonic exposure meter<br \/>\nAnastigmat Eurynar 135 mm f\/6.8<br \/>\nAgfa SIlette -L<br \/>\nFolding camera Sport<br \/>\nMinolta AL Rokkor-PF 45 mm f\/2.0<br \/>\nKodak Retina Ib<br \/>\nKodak Retinette<br \/>\nVoigtl\u00e4nder Brillant<br \/>\nAgfa Optima Color Apotar S<br \/>\nStaeble Kata 45 mm f\/2.8<br \/>\nAnastigmat 50 mm f\/3.5<br \/>\n3-leg tripod<br \/>\nFolding camera Contessa<br \/>\nFolding camera Anastigmat Fotar 105 mm f\/6.3<br \/>\nEumig 504<\/td>\n<\/tr>\n<\/tbody>\n<\/table>\n","protected":false},"excerpt":{"rendered":"<p>Diverse foto equipment &#8211; 28 pieces<\/p>\n<p>::: Collector&#8217;s items :::<\/p>\n","protected":false},"featured_media":1276193,"template":"","meta":[],"product_brand":[],"product_cat":[1335],"product_tag":[],"class_list":{"0":"post-1276203","1":"product","2":"type-product","3":"status-publish","4":"has-post-thumbnail","6":"product_cat-sets-convolutes","7":"product_shipping_class-mail-up-to-20-kg","9":"first","10":"outofstock","11":"purchasable","12":"product-type-simple"},"_links":{"self":[{"href":"https:\/\/fk-secondhand.com\/en\/wp-json\/wp\/v2\/product\/1276203","targetHints":{"allow":["GET"]}}],"collection":[{"href":"https:\/\/fk-secondhand.com\/en\/wp-json\/wp\/v2\/product"}],"about":[{"href":"https:\/\/fk-secondhand.com\/en\/wp-json\/wp\/v2\/types\/product"}],"wp:featuredmedia":[{"embeddable":true,"href":"https:\/\/fk-secondhand.com\/en\/wp-json\/wp\/v2\/media\/1276193"}],"wp:attachment":[{"href":"https:\/\/fk-secondhand.com\/en\/wp-json\/wp\/v2\/media?parent=1276203"}],"wp:term":[{"taxonomy":"product_brand","embeddable":true,"href":"https:\/\/fk-secondhand.com\/en\/wp-json\/wp\/v2\/product_brand?post=1276203"},{"taxonomy":"product_cat","embeddable":true,"href":"https:\/\/fk-secondhand.com\/en\/wp-json\/wp\/v2\/product_cat?post=1276203"},{"taxonomy":"product_tag","embeddable":true,"href":"https:\/\/fk-secondhand.com\/en\/wp-json\/wp\/v2\/product_tag?post=1276203"}],"curies":[{"name":"wp","href":"https:\/\/api.w.org\/{rel}","templated":true}]}}