{"id":1278172,"date":"2025-09-15T13:56:47","date_gmt":"2025-09-15T11:56:47","guid":{"rendered":"https:\/\/fk-secondhand.com\/shop\/konvolut-diverse-fotogeraete-35-stueck-bastlergeraete\/"},"modified":"2025-09-15T13:56:56","modified_gmt":"2025-09-15T11:56:56","slug":"konvolut-diverse-fotogeraete-35-stueck-bastlergeraete","status":"publish","type":"product","link":"https:\/\/fk-secondhand.com\/en\/shop\/konvolut-diverse-fotogeraete-35-stueck-bastlergeraete\/","title":{"rendered":"Konvolut diverse Fotoger\u00e4te &#8211; 35 St\u00fcck Bastlerger\u00e4te"},"content":{"rendered":"<table class=\"woocommerce-product-attributes shop_attributes\">\n<tbody>\n<tr class=\"woocommerce-product-attributes-item wr-product-desc no-pair\">\n<th>&nbsp;<\/th>\n<td class=\"woocommerce-product-attributes-item__value\">2-way camera<br \/>\nCanon G11<br \/>\nSoligor Auto ring light AR20<br \/>\nCanon Speedlite 300EZ<br \/>\nOlympus SuperZoom110<br \/>\nHanimex 35EF<br \/>\nSony TV tuner unit TGV-7E PAL<br \/>\nOlympus M.Zuiko digital 14-24mm f\/3.5-5.6<br \/>\nSony remote control handle<br \/>\nUnknown extension ring<br \/>\nBattery NP-E3<br \/>\nUltra-AV 110-200mm f\/3.5<br \/>\nHand Cylinder Microtome<br \/>\nKodak Advantix C370<br \/>\nHelios 44-2 58mm f\/2<br \/>\nMagnifying glass<br \/>\nMinolta AF viewfinder camera 35mm f\/2.8<br \/>\nTop-Set 110<br \/>\nMinolta Zoom 35-80mm f\/4-5.6<br \/>\nMotor Winder R4<br \/>\nOlympus XA viewfinder camera 35 mm f\/2.8<br \/>\nMecablitz 23 BC4<br \/>\nMinolta program 2800 AF<br \/>\nRMC Tokina 35 mm f\/2.8<br \/>\nMacro Variogon 8-40 mm f\/1.2<br \/>\nAgfa ISI-C<br \/>\nLeica AF-C1 40mm f\/2.8 80mm f\/5.6<br \/>\nZeiss Ikon back<br \/>\nPanasonic PE-201C<br \/>\nSony remote control RM-94<br \/>\nPanasonic PE-145<br \/>\nOlympus SP-55OUZ<br \/>\nPentacon sixTL<br \/>\nHasselblad 553 ELX<\/td>\n<\/tr>\n<\/tbody>\n<\/table>\n","protected":false},"excerpt":{"rendered":"<p>Assortment of various photographic equipment &#8211; 35 items<\/p>\n<p>::: Hobbyist equipment :::<\/p>\n","protected":false},"featured_media":1278164,"template":"","meta":[],"product_brand":[],"product_cat":[1335],"product_tag":[],"class_list":{"0":"post-1278172","1":"product","2":"type-product","3":"status-publish","4":"has-post-thumbnail","6":"product_cat-sets-convolutes","7":"product_shipping_class-mail-up-to-12-kg","9":"first","10":"outofstock","11":"purchasable","12":"product-type-simple"},"_links":{"self":[{"href":"https:\/\/fk-secondhand.com\/en\/wp-json\/wp\/v2\/product\/1278172","targetHints":{"allow":["GET"]}}],"collection":[{"href":"https:\/\/fk-secondhand.com\/en\/wp-json\/wp\/v2\/product"}],"about":[{"href":"https:\/\/fk-secondhand.com\/en\/wp-json\/wp\/v2\/types\/product"}],"wp:featuredmedia":[{"embeddable":true,"href":"https:\/\/fk-secondhand.com\/en\/wp-json\/wp\/v2\/media\/1278164"}],"wp:attachment":[{"href":"https:\/\/fk-secondhand.com\/en\/wp-json\/wp\/v2\/media?parent=1278172"}],"wp:term":[{"taxonomy":"product_brand","embeddable":true,"href":"https:\/\/fk-secondhand.com\/en\/wp-json\/wp\/v2\/product_brand?post=1278172"},{"taxonomy":"product_cat","embeddable":true,"href":"https:\/\/fk-secondhand.com\/en\/wp-json\/wp\/v2\/product_cat?post=1278172"},{"taxonomy":"product_tag","embeddable":true,"href":"https:\/\/fk-secondhand.com\/en\/wp-json\/wp\/v2\/product_tag?post=1278172"}],"curies":[{"name":"wp","href":"https:\/\/api.w.org\/{rel}","templated":true}]}}