{"id":1279573,"date":"2025-09-16T14:57:41","date_gmt":"2025-09-16T12:57:41","guid":{"rendered":"https:\/\/fk-secondhand.com\/shop\/jobo-testprinter\/"},"modified":"2025-09-16T14:57:51","modified_gmt":"2025-09-16T12:57:51","slug":"jobo-testprinter","status":"publish","type":"product","link":"https:\/\/fk-secondhand.com\/en\/shop\/jobo-testprinter\/","title":{"rendered":"JOBO Testprinter"},"content":{"rendered":"<table class=\"woocommerce-product-attributes shop_attributes\">\n<tbody>\n<tr class=\"woocommerce-product-attributes-item wr-product-desc no-pair\">\n<th>&nbsp;<\/th>\n<td class=\"woocommerce-product-attributes-item__value\">Der JOBO-Testdrucker Nr. 6815 ist ein 20 x 25 cm gro\u00dfer Stufenkeilfilm.<br \/>\nDer Testdrucker verf\u00fcgt \u00fcber vier gleich gro\u00dfe Bereiche mit jeweils f\u00fcnf Neutraldichte-Stufen mit logarithmischen Dichten von 0,10, 0,22, 0,40 und 0,70.<\/td>\n<\/tr>\n<\/tbody>\n<\/table>\n","protected":false},"excerpt":{"rendered":"<p>Test printer by JOBO &#8211; 2 pieces<\/p>\n","protected":false},"featured_media":1279565,"template":"","meta":[],"product_brand":[],"product_cat":[101],"product_tag":[],"class_list":{"0":"post-1279573","1":"product","2":"type-product","3":"status-publish","4":"has-post-thumbnail","6":"product_cat-film-developing","7":"product_shipping_class-mail-up-to-2-kg","8":"pa_marke-jobo-en","10":"first","11":"outofstock","12":"purchasable","13":"product-type-simple"},"_links":{"self":[{"href":"https:\/\/fk-secondhand.com\/en\/wp-json\/wp\/v2\/product\/1279573","targetHints":{"allow":["GET"]}}],"collection":[{"href":"https:\/\/fk-secondhand.com\/en\/wp-json\/wp\/v2\/product"}],"about":[{"href":"https:\/\/fk-secondhand.com\/en\/wp-json\/wp\/v2\/types\/product"}],"wp:featuredmedia":[{"embeddable":true,"href":"https:\/\/fk-secondhand.com\/en\/wp-json\/wp\/v2\/media\/1279565"}],"wp:attachment":[{"href":"https:\/\/fk-secondhand.com\/en\/wp-json\/wp\/v2\/media?parent=1279573"}],"wp:term":[{"taxonomy":"product_brand","embeddable":true,"href":"https:\/\/fk-secondhand.com\/en\/wp-json\/wp\/v2\/product_brand?post=1279573"},{"taxonomy":"product_cat","embeddable":true,"href":"https:\/\/fk-secondhand.com\/en\/wp-json\/wp\/v2\/product_cat?post=1279573"},{"taxonomy":"product_tag","embeddable":true,"href":"https:\/\/fk-secondhand.com\/en\/wp-json\/wp\/v2\/product_tag?post=1279573"}],"curies":[{"name":"wp","href":"https:\/\/api.w.org\/{rel}","templated":true}]}}