{"id":1285880,"date":"2025-09-30T12:28:33","date_gmt":"2025-09-30T10:28:33","guid":{"rendered":"https:\/\/fk-secondhand.com\/shop\/konvolut-diverse-fotogeraete-18-stueck-bastlergeraete-3\/"},"modified":"2025-09-30T12:28:44","modified_gmt":"2025-09-30T10:28:44","slug":"konvolut-diverse-fotogeraete-18-stueck-bastlergeraete-3","status":"publish","type":"product","link":"https:\/\/fk-secondhand.com\/en\/shop\/konvolut-diverse-fotogeraete-18-stueck-bastlergeraete-3\/","title":{"rendered":"Konvolut diverse Fotoger\u00e4te &#8211; 18 St\u00fcck Bastlerger\u00e4te"},"content":{"rendered":"<table class=\"woocommerce-product-attributes shop_attributes\">\n<tbody>\n<tr class=\"woocommerce-product-attributes-item wr-product-desc no-pair\">\n<th>&nbsp;<\/th>\n<td class=\"woocommerce-product-attributes-item__value\">Eumig C6<br \/>\nEumig zoom handle<br \/>\nEumig macro set for 860 PMA and 880 PMA<br \/>\nPower Zoom Flash by Digital Concept<br \/>\nSony SPK-THB Sports Pack<br \/>\nSony VAD-WB Lens Adapter<br \/>\n2x tele converter 52mm and tele attachment lens 2x, 52mm from Soligor<br \/>\nVT-S Tele converter x1.5 and vW-S Wide converter x0.5 by Sigma<br \/>\nRaynox adapter ring for Panasonic DMC-FZ8\/FZ7<br \/>\nUnomat DC2020<br \/>\nOlympus PT-035 underwater housing<br \/>\nBlaupunkt CCR 890 H video camera<br \/>\nSoligor AF Zoom Flash TIF 340<br \/>\nSony VAD-WB lens adaptor<br \/>\nHandycam HVL-F7<br \/>\nSony car battery adaptor DCC-L1<br \/>\n2x Sony Sportspack SPK-THC<\/td>\n<\/tr>\n<\/tbody>\n<\/table>\n","protected":false},"excerpt":{"rendered":"<p>Assortment of various photographic equipment &#8211; 18 items<\/p>\n<p>::: Hobbyist equipment :::<\/p>\n","protected":false},"featured_media":1285868,"template":"","meta":[],"product_brand":[],"product_cat":[1335],"product_tag":[],"class_list":{"0":"post-1285880","1":"product","2":"type-product","3":"status-publish","4":"has-post-thumbnail","6":"product_cat-sets-convolutes","7":"product_shipping_class-mail-up-to-12-kg","9":"first","10":"instock","11":"purchasable","12":"product-type-simple"},"_links":{"self":[{"href":"https:\/\/fk-secondhand.com\/en\/wp-json\/wp\/v2\/product\/1285880","targetHints":{"allow":["GET"]}}],"collection":[{"href":"https:\/\/fk-secondhand.com\/en\/wp-json\/wp\/v2\/product"}],"about":[{"href":"https:\/\/fk-secondhand.com\/en\/wp-json\/wp\/v2\/types\/product"}],"wp:featuredmedia":[{"embeddable":true,"href":"https:\/\/fk-secondhand.com\/en\/wp-json\/wp\/v2\/media\/1285868"}],"wp:attachment":[{"href":"https:\/\/fk-secondhand.com\/en\/wp-json\/wp\/v2\/media?parent=1285880"}],"wp:term":[{"taxonomy":"product_brand","embeddable":true,"href":"https:\/\/fk-secondhand.com\/en\/wp-json\/wp\/v2\/product_brand?post=1285880"},{"taxonomy":"product_cat","embeddable":true,"href":"https:\/\/fk-secondhand.com\/en\/wp-json\/wp\/v2\/product_cat?post=1285880"},{"taxonomy":"product_tag","embeddable":true,"href":"https:\/\/fk-secondhand.com\/en\/wp-json\/wp\/v2\/product_tag?post=1285880"}],"curies":[{"name":"wp","href":"https:\/\/api.w.org\/{rel}","templated":true}]}}