{"id":1285965,"date":"2025-09-30T13:47:33","date_gmt":"2025-09-30T11:47:33","guid":{"rendered":"https:\/\/fk-secondhand.com\/shop\/konvolut-diverse-fotogeraete-15-stueck-bastlergeraete-3\/"},"modified":"2025-09-30T13:47:44","modified_gmt":"2025-09-30T11:47:44","slug":"konvolut-diverse-fotogeraete-15-stueck-bastlergeraete-3","status":"publish","type":"product","link":"https:\/\/fk-secondhand.com\/en\/shop\/konvolut-diverse-fotogeraete-15-stueck-bastlergeraete-3\/","title":{"rendered":"Konvolut diverse Fotoger\u00e4te &#8211; 15 St\u00fcck Bastlerger\u00e4te"},"content":{"rendered":"<table class=\"woocommerce-product-attributes shop_attributes\">\n<tbody>\n<tr class=\"woocommerce-product-attributes-item wr-product-desc no-pair\">\n<th>&nbsp;<\/th>\n<td class=\"woocommerce-product-attributes-item__value\">Pentax ME Super<br \/>\nYashica winder<br \/>\nKepcor shutter release<br \/>\nMinolta Auto 132PX<br \/>\nContax 159 Winder W-7<br \/>\nCanon Power Winder A<br \/>\nD\u00f6rr DAF 42 Power Zoom<br \/>\nRolleiflash 16<br \/>\nSony Alpha NEX-7<br \/>\nPentax Espio 140V<br \/>\nOlympus XA with Electronic Flash A11<br \/>\nCanon Boom Microphone BM-50<br \/>\nPentax Espio 90MC<br \/>\nMinolta Auto Focus Hi-Matic AF42<br \/>\n5 filters for Polaroid and filter holder<\/td>\n<\/tr>\n<\/tbody>\n<\/table>\n","protected":false},"excerpt":{"rendered":"<p>Assortment of various photographic equipment &#8211; 15 items<\/p>\n<p>::: Hobbyist equipment :::<\/p>\n","protected":false},"featured_media":1285955,"template":"","meta":[],"product_brand":[],"product_cat":[1335],"product_tag":[],"class_list":{"0":"post-1285965","1":"product","2":"type-product","3":"status-publish","4":"has-post-thumbnail","6":"product_cat-sets-convolutes","7":"product_shipping_class-mail-up-to-6-kg","9":"first","10":"outofstock","11":"purchasable","12":"product-type-simple"},"_links":{"self":[{"href":"https:\/\/fk-secondhand.com\/en\/wp-json\/wp\/v2\/product\/1285965","targetHints":{"allow":["GET"]}}],"collection":[{"href":"https:\/\/fk-secondhand.com\/en\/wp-json\/wp\/v2\/product"}],"about":[{"href":"https:\/\/fk-secondhand.com\/en\/wp-json\/wp\/v2\/types\/product"}],"wp:featuredmedia":[{"embeddable":true,"href":"https:\/\/fk-secondhand.com\/en\/wp-json\/wp\/v2\/media\/1285955"}],"wp:attachment":[{"href":"https:\/\/fk-secondhand.com\/en\/wp-json\/wp\/v2\/media?parent=1285965"}],"wp:term":[{"taxonomy":"product_brand","embeddable":true,"href":"https:\/\/fk-secondhand.com\/en\/wp-json\/wp\/v2\/product_brand?post=1285965"},{"taxonomy":"product_cat","embeddable":true,"href":"https:\/\/fk-secondhand.com\/en\/wp-json\/wp\/v2\/product_cat?post=1285965"},{"taxonomy":"product_tag","embeddable":true,"href":"https:\/\/fk-secondhand.com\/en\/wp-json\/wp\/v2\/product_tag?post=1285965"}],"curies":[{"name":"wp","href":"https:\/\/api.w.org\/{rel}","templated":true}]}}