{"id":1291188,"date":"2025-10-08T14:32:23","date_gmt":"2025-10-08T12:32:23","guid":{"rendered":"https:\/\/fk-secondhand.com\/shop\/adapterring-fuer-vergroesserungsobjektive-m23-auf-m39\/"},"modified":"2025-10-08T14:32:49","modified_gmt":"2025-10-08T12:32:49","slug":"adapterring-fuer-vergroesserungsobjektive-m23-auf-m39","status":"publish","type":"product","link":"https:\/\/fk-secondhand.com\/en\/shop\/adapterring-fuer-vergroesserungsobjektive-m23-auf-m39\/","title":{"rendered":"Adapterring f\u00fcr Vergr\u00f6\u00dferungsobjektive M23 auf M39"},"content":{"rendered":"<table class=\"woocommerce-product-attributes shop_attributes\">\n<tbody>\n<tr class=\"woocommerce-product-attributes-item wr-product-desc no-pair\">\n<th>&nbsp;<\/th>\n<td class=\"woocommerce-product-attributes-item__value\">Adapter ring for magnifying lenses M23 to M39<\/td>\n<\/tr>\n<\/tbody>\n<\/table>\n","protected":false},"excerpt":{"rendered":"<p>Adapter ring for magnifying lenses M23 to M39<\/p>\n","protected":false},"featured_media":1291177,"template":"","meta":[],"product_brand":[],"product_cat":[315],"product_tag":[],"class_list":{"0":"post-1291188","1":"product","2":"type-product","3":"status-publish","4":"has-post-thumbnail","6":"product_cat-filter-holder-adapter","7":"product_shipping_class-mail-up-to-2-kg","9":"first","10":"outofstock","11":"purchasable","12":"product-type-simple"},"_links":{"self":[{"href":"https:\/\/fk-secondhand.com\/en\/wp-json\/wp\/v2\/product\/1291188","targetHints":{"allow":["GET"]}}],"collection":[{"href":"https:\/\/fk-secondhand.com\/en\/wp-json\/wp\/v2\/product"}],"about":[{"href":"https:\/\/fk-secondhand.com\/en\/wp-json\/wp\/v2\/types\/product"}],"wp:featuredmedia":[{"embeddable":true,"href":"https:\/\/fk-secondhand.com\/en\/wp-json\/wp\/v2\/media\/1291177"}],"wp:attachment":[{"href":"https:\/\/fk-secondhand.com\/en\/wp-json\/wp\/v2\/media?parent=1291188"}],"wp:term":[{"taxonomy":"product_brand","embeddable":true,"href":"https:\/\/fk-secondhand.com\/en\/wp-json\/wp\/v2\/product_brand?post=1291188"},{"taxonomy":"product_cat","embeddable":true,"href":"https:\/\/fk-secondhand.com\/en\/wp-json\/wp\/v2\/product_cat?post=1291188"},{"taxonomy":"product_tag","embeddable":true,"href":"https:\/\/fk-secondhand.com\/en\/wp-json\/wp\/v2\/product_tag?post=1291188"}],"curies":[{"name":"wp","href":"https:\/\/api.w.org\/{rel}","templated":true}]}}