{"id":1292047,"date":"2025-10-09T12:21:53","date_gmt":"2025-10-09T10:21:53","guid":{"rendered":"https:\/\/fk-secondhand.com\/shop\/konvolut-diverse-sammlergeraet-20-stueck-bastlergeraete-2\/"},"modified":"2025-10-09T12:22:05","modified_gmt":"2025-10-09T10:22:05","slug":"konvolut-diverse-sammlergeraet-20-stueck-bastlergeraete-2","status":"publish","type":"product","link":"https:\/\/fk-secondhand.com\/en\/shop\/konvolut-diverse-sammlergeraet-20-stueck-bastlergeraete-2\/","title":{"rendered":"Konvolut diverse Sammlerger\u00e4t &#8211; 20 St\u00fcck Bastlerger\u00e4te"},"content":{"rendered":"<table class=\"woocommerce-product-attributes shop_attributes\">\n<tbody>\n<tr class=\"woocommerce-product-attributes-item wr-product-desc no-pair\">\n<th>&nbsp;<\/th>\n<td class=\"woocommerce-product-attributes-item__value\">RC Leica R shutter release<br \/>\n4 x Leica Meter MC<br \/>\nLeica Meter MR<br \/>\nUndefined camera mounts<br \/>\nMotor Winder R4 from Leitz<br \/>\nWeimorlux<br \/>\nLeitz Eldia copying device<br \/>\nTully Agfa<br \/>\nAgfatronic 240 CB<br \/>\nYellow-green filter<br \/>\nBellows device with 3 interchangeable slides<br \/>\nUnknown lens f=100 \/ S-13 \/ 1:6.3<br \/>\nVoigtl\u00e4nder Vito CD 50mm f\/2.8<br \/>\nAgfa Isolette<br \/>\nViewfinder camera Agfa 45mm f\/2.8<br \/>\nPaxette Prontor-S 45mm f\/2.8<br \/>\nAdox Radionar 45mm f\/2.8<br \/>\nSankyo Super 5x<\/td>\n<\/tr>\n<\/tbody>\n<\/table>\n","protected":false},"excerpt":{"rendered":"<p>Assortment of various collector&#8217;s items &#8211; 20 pieces<\/p>\n<p>::: Hobbyist equipment :::<\/p>\n","protected":false},"featured_media":1292035,"template":"","meta":[],"product_brand":[],"product_cat":[1335],"product_tag":[],"class_list":{"0":"post-1292047","1":"product","2":"type-product","3":"status-publish","4":"has-post-thumbnail","6":"product_cat-sets-convolutes","7":"product_shipping_class-mail-up-to-20-kg","9":"first","10":"instock","11":"purchasable","12":"product-type-simple"},"_links":{"self":[{"href":"https:\/\/fk-secondhand.com\/en\/wp-json\/wp\/v2\/product\/1292047","targetHints":{"allow":["GET"]}}],"collection":[{"href":"https:\/\/fk-secondhand.com\/en\/wp-json\/wp\/v2\/product"}],"about":[{"href":"https:\/\/fk-secondhand.com\/en\/wp-json\/wp\/v2\/types\/product"}],"wp:featuredmedia":[{"embeddable":true,"href":"https:\/\/fk-secondhand.com\/en\/wp-json\/wp\/v2\/media\/1292035"}],"wp:attachment":[{"href":"https:\/\/fk-secondhand.com\/en\/wp-json\/wp\/v2\/media?parent=1292047"}],"wp:term":[{"taxonomy":"product_brand","embeddable":true,"href":"https:\/\/fk-secondhand.com\/en\/wp-json\/wp\/v2\/product_brand?post=1292047"},{"taxonomy":"product_cat","embeddable":true,"href":"https:\/\/fk-secondhand.com\/en\/wp-json\/wp\/v2\/product_cat?post=1292047"},{"taxonomy":"product_tag","embeddable":true,"href":"https:\/\/fk-secondhand.com\/en\/wp-json\/wp\/v2\/product_tag?post=1292047"}],"curies":[{"name":"wp","href":"https:\/\/api.w.org\/{rel}","templated":true}]}}