{"id":1292095,"date":"2025-10-09T12:40:50","date_gmt":"2025-10-09T10:40:50","guid":{"rendered":"https:\/\/fk-secondhand.com\/shop\/konvolut-diverse-sammlergeraet-19-stueck-bastlergeraete\/"},"modified":"2025-10-09T12:41:02","modified_gmt":"2025-10-09T10:41:02","slug":"konvolut-diverse-sammlergeraet-19-stueck-bastlergeraete","status":"publish","type":"product","link":"https:\/\/fk-secondhand.com\/en\/shop\/konvolut-diverse-sammlergeraet-19-stueck-bastlergeraete\/","title":{"rendered":"Konvolut diverse Sammlerger\u00e4t &#8211; 19 St\u00fcck Bastlerger\u00e4te"},"content":{"rendered":"<table class=\"woocommerce-product-attributes shop_attributes\">\n<tbody>\n<tr class=\"woocommerce-product-attributes-item wr-product-desc no-pair\">\n<th>&nbsp;<\/th>\n<td class=\"woocommerce-product-attributes-item__value\">Rollei Beta 2<br \/>\nBraun Vario Zoom 340 SCA<br \/>\nCamera Bracket Super Deluxe T.S.<br \/>\nUnknown ball head<br \/>\nRollei 134B flash<br \/>\nAccura Aux. Wideangle VI-W<br \/>\n2 x Accura Aux. Telephoto VI-T<br \/>\nItohnzar Tele conversion lens 1.5x<br \/>\nMarexar Close-Up Zoom 52mm<br \/>\nErnst Leitz GmbH Wetzlar 5cm 105x148mm DIN A6<br \/>\nCullmann SCA 300 CX40<br \/>\nActino light meter<br \/>\nKodak EK160-EF<br \/>\nEumig C6<br \/>\nSears Easi-Load C115<br \/>\nRevue S8 Deluxe<br \/>\nCanon AF 514XL-S<br \/>\nFor medium format slide projector part from Leica<\/td>\n<\/tr>\n<\/tbody>\n<\/table>\n","protected":false},"excerpt":{"rendered":"<p>Assortment of various collector&#8217;s items &#8211; 19 pieces<\/p>\n<p>::: Hobbyist equipment :::<\/p>\n","protected":false},"featured_media":1292083,"template":"","meta":[],"product_brand":[],"product_cat":[1335],"product_tag":[],"class_list":{"0":"post-1292095","1":"product","2":"type-product","3":"status-publish","4":"has-post-thumbnail","6":"product_cat-sets-convolutes","7":"product_shipping_class-mail-up-to-12-kg","9":"first","10":"instock","11":"purchasable","12":"product-type-simple"},"_links":{"self":[{"href":"https:\/\/fk-secondhand.com\/en\/wp-json\/wp\/v2\/product\/1292095","targetHints":{"allow":["GET"]}}],"collection":[{"href":"https:\/\/fk-secondhand.com\/en\/wp-json\/wp\/v2\/product"}],"about":[{"href":"https:\/\/fk-secondhand.com\/en\/wp-json\/wp\/v2\/types\/product"}],"wp:featuredmedia":[{"embeddable":true,"href":"https:\/\/fk-secondhand.com\/en\/wp-json\/wp\/v2\/media\/1292083"}],"wp:attachment":[{"href":"https:\/\/fk-secondhand.com\/en\/wp-json\/wp\/v2\/media?parent=1292095"}],"wp:term":[{"taxonomy":"product_brand","embeddable":true,"href":"https:\/\/fk-secondhand.com\/en\/wp-json\/wp\/v2\/product_brand?post=1292095"},{"taxonomy":"product_cat","embeddable":true,"href":"https:\/\/fk-secondhand.com\/en\/wp-json\/wp\/v2\/product_cat?post=1292095"},{"taxonomy":"product_tag","embeddable":true,"href":"https:\/\/fk-secondhand.com\/en\/wp-json\/wp\/v2\/product_tag?post=1292095"}],"curies":[{"name":"wp","href":"https:\/\/api.w.org\/{rel}","templated":true}]}}