{"id":1292223,"date":"2025-10-09T15:08:33","date_gmt":"2025-10-09T13:08:33","guid":{"rendered":"https:\/\/fk-secondhand.com\/shop\/konvolut-diverse-fotogeraete-17-stueck-bastlergeraete-3\/"},"modified":"2025-10-09T15:08:42","modified_gmt":"2025-10-09T13:08:42","slug":"konvolut-diverse-fotogeraete-17-stueck-bastlergeraete-3","status":"publish","type":"product","link":"https:\/\/fk-secondhand.com\/en\/shop\/konvolut-diverse-fotogeraete-17-stueck-bastlergeraete-3\/","title":{"rendered":"Konvolut diverse Fotoger\u00e4te &#8211; 17 St\u00fcck Bastlerger\u00e4te"},"content":{"rendered":"<table class=\"woocommerce-product-attributes shop_attributes\">\n<tbody>\n<tr class=\"woocommerce-product-attributes-item wr-product-desc no-pair\">\n<th>&nbsp;<\/th>\n<td class=\"woocommerce-product-attributes-item__value\">Makinon 2x converter<br \/>\nVivitar MC Tele Converter 2x-4 FL-FD<br \/>\nSankor Aux. Telephoto Lens<br \/>\nBeroflex Auto Tele Converter 2x<br \/>\nVivitar Automatic Extension Tube AT-21 36 mm\/20 mm\/12 mm<br \/>\nExtension tube set for macro photography<br \/>\nNikon 39 mm drop-in gelatin holder<br \/>\nUnknown projection lens<br \/>\nRaynox wide-angle lens 0.8x<br \/>\nSuper Video Conversion 0.55x lens from Cullmann<br \/>\nZykkor telephoto lens<br \/>\nHeerbrug copy adapter<br \/>\n5 x metal cassettes <\/td>\n<\/tr>\n<\/tbody>\n<\/table>\n","protected":false},"excerpt":{"rendered":"<p>Assortment of various photographic equipment &#8211; 17 items<\/p>\n<p>::: Hobbyist equipment :::<\/p>\n","protected":false},"featured_media":1292217,"template":"","meta":[],"product_brand":[],"product_cat":[1335],"product_tag":[],"class_list":{"0":"post-1292223","1":"product","2":"type-product","3":"status-publish","4":"has-post-thumbnail","6":"product_cat-sets-convolutes","7":"product_shipping_class-mail-up-to-4-kg","9":"first","10":"instock","11":"purchasable","12":"product-type-simple"},"_links":{"self":[{"href":"https:\/\/fk-secondhand.com\/en\/wp-json\/wp\/v2\/product\/1292223","targetHints":{"allow":["GET"]}}],"collection":[{"href":"https:\/\/fk-secondhand.com\/en\/wp-json\/wp\/v2\/product"}],"about":[{"href":"https:\/\/fk-secondhand.com\/en\/wp-json\/wp\/v2\/types\/product"}],"wp:featuredmedia":[{"embeddable":true,"href":"https:\/\/fk-secondhand.com\/en\/wp-json\/wp\/v2\/media\/1292217"}],"wp:attachment":[{"href":"https:\/\/fk-secondhand.com\/en\/wp-json\/wp\/v2\/media?parent=1292223"}],"wp:term":[{"taxonomy":"product_brand","embeddable":true,"href":"https:\/\/fk-secondhand.com\/en\/wp-json\/wp\/v2\/product_brand?post=1292223"},{"taxonomy":"product_cat","embeddable":true,"href":"https:\/\/fk-secondhand.com\/en\/wp-json\/wp\/v2\/product_cat?post=1292223"},{"taxonomy":"product_tag","embeddable":true,"href":"https:\/\/fk-secondhand.com\/en\/wp-json\/wp\/v2\/product_tag?post=1292223"}],"curies":[{"name":"wp","href":"https:\/\/api.w.org\/{rel}","templated":true}]}}