{"id":1292253,"date":"2025-10-09T15:28:02","date_gmt":"2025-10-09T13:28:02","guid":{"rendered":"https:\/\/fk-secondhand.com\/shop\/konvolut-diverse-sammlergeraete-20-stueck-bastlergeraete-7\/"},"modified":"2025-10-09T15:28:13","modified_gmt":"2025-10-09T13:28:13","slug":"konvolut-diverse-sammlergeraete-20-stueck-bastlergeraete-7","status":"publish","type":"product","link":"https:\/\/fk-secondhand.com\/en\/shop\/konvolut-diverse-sammlergeraete-20-stueck-bastlergeraete-7\/","title":{"rendered":"Konvolut diverse Sammlerger\u00e4te &#8211; 20 St\u00fcck Bastlerger\u00e4te"},"content":{"rendered":"<table class=\"woocommerce-product-attributes shop_attributes\">\n<tbody>\n<tr class=\"woocommerce-product-attributes-item wr-product-desc no-pair\">\n<th>&nbsp;<\/th>\n<td class=\"woocommerce-product-attributes-item__value\">Weltix 5cm f\/2.9<br \/>\nAgfamatic 100 sensor<br \/>\nPolaroid Flash Model 268<br \/>\nAttachable magnifying glass from Zeiss Ikon<br \/>\nAgfamatic 200 sensor<br \/>\nFoca sport 4.5cm f\/3.5<br \/>\n2 x Beriram Chronos<br \/>\nAgfamatic 1008<br \/>\nVoigtl\u00e4nder Vito B<br \/>\nAgfa Color Apotar 45mm f\/2.8<br \/>\nUnknown repro head for macro photography<br \/>\nUnknown microscope adapter<br \/>\nPolaroid Development Timer 128<br \/>\nSlide holder for a film projector<br \/>\nPolaroid Close up lens -Plus 4<br \/>\nEumig Eumakor 2 x<br \/>\nExcelsior light meter<br \/>\nMinolta Extension<br \/>\nFolding camera with Rapid-Aplanat f\/135mm f\/7.7<\/td>\n<\/tr>\n<\/tbody>\n<\/table>\n","protected":false},"excerpt":{"rendered":"<p>Assortment of various collector&#8217;s items &#8211; 20 pieces<\/p>\n<p>::: Hobbyist equipment :::<\/p>\n","protected":false},"featured_media":1292243,"template":"","meta":[],"product_brand":[],"product_cat":[1335],"product_tag":[],"class_list":{"0":"post-1292253","1":"product","2":"type-product","3":"status-publish","4":"has-post-thumbnail","6":"product_cat-sets-convolutes","7":"product_shipping_class-mail-up-to-12-kg","9":"first","10":"outofstock","11":"purchasable","12":"product-type-simple"},"_links":{"self":[{"href":"https:\/\/fk-secondhand.com\/en\/wp-json\/wp\/v2\/product\/1292253","targetHints":{"allow":["GET"]}}],"collection":[{"href":"https:\/\/fk-secondhand.com\/en\/wp-json\/wp\/v2\/product"}],"about":[{"href":"https:\/\/fk-secondhand.com\/en\/wp-json\/wp\/v2\/types\/product"}],"wp:featuredmedia":[{"embeddable":true,"href":"https:\/\/fk-secondhand.com\/en\/wp-json\/wp\/v2\/media\/1292243"}],"wp:attachment":[{"href":"https:\/\/fk-secondhand.com\/en\/wp-json\/wp\/v2\/media?parent=1292253"}],"wp:term":[{"taxonomy":"product_brand","embeddable":true,"href":"https:\/\/fk-secondhand.com\/en\/wp-json\/wp\/v2\/product_brand?post=1292253"},{"taxonomy":"product_cat","embeddable":true,"href":"https:\/\/fk-secondhand.com\/en\/wp-json\/wp\/v2\/product_cat?post=1292253"},{"taxonomy":"product_tag","embeddable":true,"href":"https:\/\/fk-secondhand.com\/en\/wp-json\/wp\/v2\/product_tag?post=1292253"}],"curies":[{"name":"wp","href":"https:\/\/api.w.org\/{rel}","templated":true}]}}