{"id":1301333,"date":"2025-11-03T09:53:01","date_gmt":"2025-11-03T08:53:01","guid":{"rendered":"https:\/\/fk-secondhand.com\/shop\/olympus-e-500-mit-14-42mm-f-35-56\/"},"modified":"2025-11-04T19:56:00","modified_gmt":"2025-11-04T18:56:00","slug":"olympus-e-500-mit-14-42mm-f-35-56","status":"publish","type":"product","link":"https:\/\/fk-secondhand.com\/en\/shop\/olympus-e-500-mit-14-42mm-f-35-56\/","title":{"rendered":"Olympus E-500 mit 14-42mm f\/3,5-5,6"},"content":{"rendered":"<table class=\"woocommerce-product-attributes shop_attributes\">\n<tbody>\n<tr class=\"woocommerce-product-attributes-item wr-product-desc\">\n<th class=\"woocommerce-product-attributes-item__label\">::<\/th>\n<td class=\"woocommerce-product-attributes-item__value\">\n<p>CAMERA :::<\/p>\n<\/td>\n<\/tr>\n<tr class=\"woocommerce-product-attributes-item wr-product-desc empty\">\n<th>&nbsp;<\/th>\n<td>&nbsp;<\/td>\n<\/tr>\n<tr class=\"woocommerce-product-attributes-item wr-product-desc\">\n<th class=\"woocommerce-product-attributes-item__label\">Market launch<\/th>\n<td class=\"woocommerce-product-attributes-item__value\">\n<p>2005<br \/>\nType: SLR camera<br \/>\nSensor: CMOS (17.3 x 13.0)<br \/>\nPixels (effective): 8 megapixels<br \/>\nRecording format: (Micro) Four Thirds<br \/>\nImage processor: TruePic<br \/>\nCrop factor: 2.0x<\/p>\n<\/td>\n<\/tr>\n<tr class=\"woocommerce-product-attributes-item wr-product-desc\">\n<th class=\"woocommerce-product-attributes-item__label\">Bayonet<\/th>\n<td class=\"woocommerce-product-attributes-item__value\">\n<p>Four Thirds (4\/3)<br \/>\nImage stabiliser: No<br \/>\nISO sensitivity: ISO 100\u20131600 (manual); auto range ISO 100\u2013400<br \/>\nContinuous shooting: approx. 2.5 frames\/sec.<\/p>\n<\/td>\n<\/tr>\n<tr class=\"woocommerce-product-attributes-item wr-product-desc\">\n<th class=\"woocommerce-product-attributes-item__label\">Autofocus<\/th>\n<td class=\"woocommerce-product-attributes-item__value\">\n<p>Phase AF<br \/>\nShutter: Mechanical focal-plane shutter<br \/>\nShutter speeds: 1\/4000 s to 60 s, bulb to ~8 minutes<br \/>\nExposure metering: Spot, multi-area, centre-weighted integral<br \/>\nExposure control: Programmed auto, manual exposure control<\/p>\n<\/td>\n<\/tr>\n<tr class=\"woocommerce-product-attributes-item wr-product-desc\">\n<th class=\"woocommerce-product-attributes-item__label\">Viewfinder<\/th>\n<td class=\"woocommerce-product-attributes-item__value\">\n<p>Optical, pentaprism<br \/>\nDisplay: 2.5&#8243;<br \/>\nFlash: Integrated &#8211; LZ<br \/>\nPower supply: Li-ion battery<br \/>\nDimensions (WxHxD): approx. 129.5 \u00d7 94.5 \u00d7 66 mm<br \/>\nWeight: approx. 435 g<\/p>\n<\/td>\n<\/tr>\n<tr class=\"woocommerce-product-attributes-item wr-product-desc empty\">\n<th>&nbsp;<\/th>\n<td>&nbsp;<\/td>\n<\/tr>\n<tr class=\"woocommerce-product-attributes-item wr-product-desc\">\n<th class=\"woocommerce-product-attributes-item__label\">::<\/th>\n<td class=\"woocommerce-product-attributes-item__value\">\n<p>LENS ::: <\/p>\n<p>Market launch: September 2006<br \/>\nBayonet mount: Four Thirds mount<br \/>\nImage stabiliser: No<br \/>\nFocusing: Autofocus with micromotor + manual override possible<br \/>\nFocal length: 14\u201342 mm (equivalent to approx. 28\u201384 mm in 35 mm format)<br \/>\nAperture: f\/3.5 \u2013 f\/5.6<br \/>\nAperture blades: Circular aperture<br \/>\nMinimum focus distance: 0.25 m<br \/>\nMax. reproduction ratio: approx. 0.19\u00d7<br \/>\nFilter thread: 58 mm<br \/>\nOther features: 10 lens elements in 8 groups, including 1 ED element + 2 aspherical elements<br \/>\nDimensions (\u00d8 \u00d7 L): approx. \u00d8 66 mm \u00d7 length 61 mm<br \/>\nWeight: approx. 190 g<\/p>\n<\/td>\n<\/tr>\n<\/tbody>\n<\/table>\n","protected":false},"excerpt":{"rendered":"<p>Olympus E-500 with 14\u201342 mm f\/3.5\u20135.6<\/p>\n","protected":false},"featured_media":1301327,"template":"","meta":[],"product_brand":[],"product_cat":[111],"product_tag":[],"class_list":{"0":"post-1301333","1":"product","2":"type-product","3":"status-publish","4":"has-post-thumbnail","6":"product_cat-digital-cameras","7":"product_shipping_class-mail-up-to-2-kg","8":"pa_marke-olympus-en","10":"first","11":"outofstock","12":"purchasable","13":"product-type-simple"},"_links":{"self":[{"href":"https:\/\/fk-secondhand.com\/en\/wp-json\/wp\/v2\/product\/1301333","targetHints":{"allow":["GET"]}}],"collection":[{"href":"https:\/\/fk-secondhand.com\/en\/wp-json\/wp\/v2\/product"}],"about":[{"href":"https:\/\/fk-secondhand.com\/en\/wp-json\/wp\/v2\/types\/product"}],"wp:featuredmedia":[{"embeddable":true,"href":"https:\/\/fk-secondhand.com\/en\/wp-json\/wp\/v2\/media\/1301327"}],"wp:attachment":[{"href":"https:\/\/fk-secondhand.com\/en\/wp-json\/wp\/v2\/media?parent=1301333"}],"wp:term":[{"taxonomy":"product_brand","embeddable":true,"href":"https:\/\/fk-secondhand.com\/en\/wp-json\/wp\/v2\/product_brand?post=1301333"},{"taxonomy":"product_cat","embeddable":true,"href":"https:\/\/fk-secondhand.com\/en\/wp-json\/wp\/v2\/product_cat?post=1301333"},{"taxonomy":"product_tag","embeddable":true,"href":"https:\/\/fk-secondhand.com\/en\/wp-json\/wp\/v2\/product_tag?post=1301333"}],"curies":[{"name":"wp","href":"https:\/\/api.w.org\/{rel}","templated":true}]}}