{"id":1301721,"date":"2025-11-04T09:26:36","date_gmt":"2025-11-04T08:26:36","guid":{"rendered":"https:\/\/fk-secondhand.com\/shop\/fujifilm-x-a2-mit-super-ebc-ec-16-50mm-f-35-56-ois-ii-55l01979\/"},"modified":"2025-11-04T09:26:55","modified_gmt":"2025-11-04T08:26:55","slug":"fujifilm-x-a2-mit-super-ebc-ec-16-50mm-f-35-56-ois-ii-55l01979","status":"publish","type":"product","link":"https:\/\/fk-secondhand.com\/en\/shop\/fujifilm-x-a2-mit-super-ebc-ec-16-50mm-f-35-56-ois-ii-55l01979\/","title":{"rendered":"FUJIFILM X-A2 mit Super EBC EC 16-50mm f\/3,5-5,6 OIS II &#8211; #55L01979"},"content":{"rendered":"<table class=\"woocommerce-product-attributes shop_attributes\">\n<tbody>\n<tr class=\"woocommerce-product-attributes-item wr-product-desc\">\n<th class=\"woocommerce-product-attributes-item__label\">::<\/th>\n<td class=\"woocommerce-product-attributes-item__value\">\n<p>CAMERA :::<\/p>\n<\/td>\n<\/tr>\n<tr class=\"woocommerce-product-attributes-item wr-product-desc empty\">\n<th>&nbsp;<\/th>\n<td>&nbsp;<\/td>\n<\/tr>\n<tr class=\"woocommerce-product-attributes-item wr-product-desc\">\n<th class=\"woocommerce-product-attributes-item__label\">Market launch<\/th>\n<td class=\"woocommerce-product-attributes-item__value\">\n<p>2015<br \/>\nType: Mirrorless system camera<br \/>\nSensor: CMOS (23.6 x 15.8 mm)<br \/>\nPixels (effective): 16.3 megapixels<br \/>\nRecording format: APS-C format<br \/>\nImage processor: EXR<br \/>\nCrop factor: 1.5x<\/p>\n<\/td>\n<\/tr>\n<tr class=\"woocommerce-product-attributes-item wr-product-desc\">\n<th class=\"woocommerce-product-attributes-item__label\">Bayonet<\/th>\n<td class=\"woocommerce-product-attributes-item__value\">\n<p>FUJIFILM X<br \/>\nImage stabiliser: No (lens-dependent)<br \/>\nISO sensitivity: Standard: ISO 200\u20136400<br \/>\nContinuous shooting: approx. 5.6 frames\/sec.<br \/>\nAutofocus: Contrast AF<\/p>\n<\/td>\n<\/tr>\n<tr class=\"woocommerce-product-attributes-item wr-product-desc\">\n<th class=\"woocommerce-product-attributes-item__label\">Shutter<\/th>\n<td class=\"woocommerce-product-attributes-item__value\">\n<p>Mechanical and electronic shutter<br \/>\nShutter speeds: Mechanical: 30 sec. to 1\/4000 sec. \/ Electronic: Up to 1\/32000 sec.<br \/>\nExposure metering: Multi-field, spot, centre-weighted integral<br \/>\nExposure control: Programme, aperture and scene auto, manual exposure control<\/p>\n<\/td>\n<\/tr>\n<tr class=\"woocommerce-product-attributes-item wr-product-desc\">\n<th class=\"woocommerce-product-attributes-item__label\">Viewfinder<\/th>\n<td class=\"woocommerce-product-attributes-item__value\">\n<p>No integrated viewfinder<br \/>\nDisplay: 3.0&#8243;<br \/>\nFlash: Integrated &#8211; LZ<br \/>\nPower supply: Li-ion battery<br \/>\nDimensions (WxHxD): approx. 117 mm \u00d7 67 mm \u00d7 40 mm<br \/>\nWeight: approx. 350 g<\/p>\n<\/td>\n<\/tr>\n<tr class=\"woocommerce-product-attributes-item wr-product-desc empty\">\n<th>&nbsp;<\/th>\n<td>&nbsp;<\/td>\n<\/tr>\n<tr class=\"woocommerce-product-attributes-item wr-product-desc\">\n<th class=\"woocommerce-product-attributes-item__label\">::<\/th>\n<td class=\"woocommerce-product-attributes-item__value\">\n<p>LENS :::<\/p>\n<p>Market launch: 2015<\/p>\n<\/td>\n<\/tr>\n<tr class=\"woocommerce-product-attributes-item wr-product-desc\">\n<th class=\"woocommerce-product-attributes-item__label\">Serial number<\/th>\n<td class=\"woocommerce-product-attributes-item__value\">\n<p>51Q07773<br \/>\nBayonet mount: Fujifilm X-Mount (APS-C)<br \/>\nImage stabiliser: Yes (optical image stabiliser OIS)<br \/>\nFocusing: Autofocus (fast motor), manual override possible<br \/>\nFocal length: 16\u201350 mm (equivalent to approx. 24\u201376 mm in 35 mm format)<br \/>\nAperture: f\/3.5\u2013f\/5.6<br \/>\nAperture blades: 7 rounded blades<br \/>\nMinimum focus distance: Normal position approx. 0.6 m across entire zoom range; macro position approx. 0.15 m at wide angle (15 cm)<br \/>\nMax. reproduction ratio: approx. 0.20\u00d7 (wide)<br \/>\nDimensions (\u00d8 \u00d7 L): \u00d8 approx. 62.6 mm \u00d7 length approx. 65.2 mm (wide-angle position) \/ up to approx. 98.3 mm (telephoto position)<br \/>\nWeight: approx. 195 g<\/p>\n<\/td>\n<\/tr>\n<\/tbody>\n<\/table>\n","protected":false},"excerpt":{"rendered":"<p>Fujifilm X-A2 with Super EBC EC 16-50mm f\/3.5-5.6 OIS II<\/p>\n","protected":false},"featured_media":1301714,"template":"","meta":[],"product_brand":[],"product_cat":[111],"product_tag":[],"class_list":{"0":"post-1301721","1":"product","2":"type-product","3":"status-publish","4":"has-post-thumbnail","6":"product_cat-digital-cameras","7":"product_shipping_class-mail-up-to-2-kg","8":"pa_marke-fujifilm-en","10":"first","11":"outofstock","12":"purchasable","13":"product-type-simple"},"_links":{"self":[{"href":"https:\/\/fk-secondhand.com\/en\/wp-json\/wp\/v2\/product\/1301721","targetHints":{"allow":["GET"]}}],"collection":[{"href":"https:\/\/fk-secondhand.com\/en\/wp-json\/wp\/v2\/product"}],"about":[{"href":"https:\/\/fk-secondhand.com\/en\/wp-json\/wp\/v2\/types\/product"}],"wp:featuredmedia":[{"embeddable":true,"href":"https:\/\/fk-secondhand.com\/en\/wp-json\/wp\/v2\/media\/1301714"}],"wp:attachment":[{"href":"https:\/\/fk-secondhand.com\/en\/wp-json\/wp\/v2\/media?parent=1301721"}],"wp:term":[{"taxonomy":"product_brand","embeddable":true,"href":"https:\/\/fk-secondhand.com\/en\/wp-json\/wp\/v2\/product_brand?post=1301721"},{"taxonomy":"product_cat","embeddable":true,"href":"https:\/\/fk-secondhand.com\/en\/wp-json\/wp\/v2\/product_cat?post=1301721"},{"taxonomy":"product_tag","embeddable":true,"href":"https:\/\/fk-secondhand.com\/en\/wp-json\/wp\/v2\/product_tag?post=1301721"}],"curies":[{"name":"wp","href":"https:\/\/api.w.org\/{rel}","templated":true}]}}