{"id":1302420,"date":"2025-11-05T15:29:44","date_gmt":"2025-11-05T14:29:44","guid":{"rendered":"https:\/\/fk-secondhand.com\/shop\/panasonic-lumix-dmc-g81-mit-14-140mm-f-35-56-power-o-i-s-we6ja005182\/"},"modified":"2025-11-05T15:30:11","modified_gmt":"2025-11-05T14:30:11","slug":"panasonic-lumix-dmc-g81-mit-14-140mm-f-35-56-power-o-i-s-we6ja005182","status":"publish","type":"product","link":"https:\/\/fk-secondhand.com\/en\/shop\/panasonic-lumix-dmc-g81-mit-14-140mm-f-35-56-power-o-i-s-we6ja005182\/","title":{"rendered":"Panasonic Lumix DMC-G81 mit 14-140mm f\/3,5-5,6 Power O.I.S. &#8211; #WE6JA005182"},"content":{"rendered":"<table class=\"woocommerce-product-attributes shop_attributes\">\n<tbody>\n<tr class=\"woocommerce-product-attributes-item wr-product-desc\">\n<th class=\"woocommerce-product-attributes-item__label\">::<\/th>\n<td class=\"woocommerce-product-attributes-item__value\">\n<p>CAMERA :::<\/p>\n<p>Market launch: 2016<br \/>\nType: Mirrorless system camera<br \/>\nSensor: CMOS (17.3 x 13.0)<br \/>\nPixels (effective): 16 megapixels<br \/>\nRecording format: (Micro) Four Thirds<br \/>\nImage processor: Venus Engine<\/p>\n<\/td>\n<\/tr>\n<tr class=\"woocommerce-product-attributes-item wr-product-desc\">\n<th class=\"woocommerce-product-attributes-item__label\">Crop factor<\/th>\n<td class=\"woocommerce-product-attributes-item__value\">\n<p>2.0x<br \/>\nBayonet: Micro Four Thirds (MFT)<br \/>\nImage stabiliser: Sensor shift<br \/>\nISO sensitivity: ISO 200 \u2013 25,600<br \/>\nContinuous shooting: Max. 9 frames\/sec. (AFS) \/ Max. 6 frames\/sec. (AFC) frames\/sec.<\/p>\n<\/td>\n<\/tr>\n<tr class=\"woocommerce-product-attributes-item wr-product-desc\">\n<th class=\"woocommerce-product-attributes-item__label\">Autofocus<\/th>\n<td class=\"woocommerce-product-attributes-item__value\">\n<p>Contrast AF<br \/>\nShutter: Electronic focal-plane shutter<br \/>\nShutter speeds: Mechanical: 60 sec. to 1\/4000 sec. \/ Electronic: 1 sec. to 1\/16000 sec. \/ Bulb (max. 120 sec.)<\/p>\n<\/td>\n<\/tr>\n<tr class=\"woocommerce-product-attributes-item wr-product-desc\">\n<th class=\"woocommerce-product-attributes-item__label\">Exposure metering<\/th>\n<td class=\"woocommerce-product-attributes-item__value\">\n<p>Multi-field, centre-weighted, spot<br \/>\nExposure control: Aperture priority, shutter priority and programme mode, manual exposure control<br \/>\nDisplay: 3.0&#8243;<br \/>\nFlash: Integrated &#8211; LZ<\/p>\n<\/td>\n<\/tr>\n<tr class=\"woocommerce-product-attributes-item wr-product-desc\">\n<th class=\"woocommerce-product-attributes-item__label\">Power supply<\/th>\n<td class=\"woocommerce-product-attributes-item__value\">\n<p>Li-ion battery<br \/>\nDimensions (WxHxD): approx. 128.4 \u00d7 89 \u00d7 74.3 mm<br \/>\nWeight: approx. 505 g<\/p>\n<p>::: LENS :::<\/p>\n<p>Bayonet: Micro Four Thirds (MFT)<\/p>\n<\/td>\n<\/tr>\n<tr class=\"woocommerce-product-attributes-item wr-product-desc\">\n<th class=\"woocommerce-product-attributes-item__label\">Serial number<\/th>\n<td class=\"woocommerce-product-attributes-item__value\">\n<p>HN3FA001988<br \/>\nImage stabiliser: Yes \u2013 optical image stabiliser &#8220;POWER O.I.S.&#8221;<br \/>\nFocusing: Autofocus with stepper motor (internal focusing)<br \/>\nFocal length: 14\u2013140 mm (equivalent to approx. 28\u2013280 mm in 35 mm format)<br \/>\nAperture: f\/3.5 (wide angle) to f\/5.6 (telephoto)<br \/>\nAperture blades: 7 rounded blades<br \/>\nMinimum focusing distance: 0.30 m in wide angle range (14-21 mm) \/ 0.50 m in telephoto range (22-140 mm)<br \/>\nMax. reproduction ratio: approx. 0.25\u00d7 (equivalent to approx. 0.50\u00d7 in 35 mm equivalent)<br \/>\nFilter thread: \u00d8 58 mm<br \/>\nDimensions (\u00d8 \u00d7 L): \u00d8 approx. 67 \u00d7 length approx. 75 mm<br \/>\nWeight: approx. 265 g<\/p>\n<\/td>\n<\/tr>\n<\/tbody>\n<\/table>\n","protected":false},"excerpt":{"rendered":"<p>Panasonic Lumix DMC-G81 with 14-140mm f3.5-5.6 Power O.I.S.<\/p>\n","protected":false},"featured_media":1302411,"template":"","meta":[],"product_brand":[],"product_cat":[111],"product_tag":[],"class_list":{"0":"post-1302420","1":"product","2":"type-product","3":"status-publish","4":"has-post-thumbnail","6":"product_cat-digital-cameras","7":"product_shipping_class-mail-up-to-2-kg","8":"pa_marke-panasonic-en","10":"first","11":"instock","12":"purchasable","13":"product-type-simple"},"_links":{"self":[{"href":"https:\/\/fk-secondhand.com\/en\/wp-json\/wp\/v2\/product\/1302420","targetHints":{"allow":["GET"]}}],"collection":[{"href":"https:\/\/fk-secondhand.com\/en\/wp-json\/wp\/v2\/product"}],"about":[{"href":"https:\/\/fk-secondhand.com\/en\/wp-json\/wp\/v2\/types\/product"}],"wp:featuredmedia":[{"embeddable":true,"href":"https:\/\/fk-secondhand.com\/en\/wp-json\/wp\/v2\/media\/1302411"}],"wp:attachment":[{"href":"https:\/\/fk-secondhand.com\/en\/wp-json\/wp\/v2\/media?parent=1302420"}],"wp:term":[{"taxonomy":"product_brand","embeddable":true,"href":"https:\/\/fk-secondhand.com\/en\/wp-json\/wp\/v2\/product_brand?post=1302420"},{"taxonomy":"product_cat","embeddable":true,"href":"https:\/\/fk-secondhand.com\/en\/wp-json\/wp\/v2\/product_cat?post=1302420"},{"taxonomy":"product_tag","embeddable":true,"href":"https:\/\/fk-secondhand.com\/en\/wp-json\/wp\/v2\/product_tag?post=1302420"}],"curies":[{"name":"wp","href":"https:\/\/api.w.org\/{rel}","templated":true}]}}