{"id":1302991,"date":"2025-11-06T16:05:37","date_gmt":"2025-11-06T15:05:37","guid":{"rendered":"https:\/\/fk-secondhand.com\/shop\/olympus-pen-e-pl1-mit-lumix-20mm-f-17-g-asph-504554\/"},"modified":"2025-11-06T16:05:57","modified_gmt":"2025-11-06T15:05:57","slug":"olympus-pen-e-pl1-mit-lumix-20mm-f-17-g-asph-504554","status":"publish","type":"product","link":"https:\/\/fk-secondhand.com\/en\/shop\/olympus-pen-e-pl1-mit-lumix-20mm-f-17-g-asph-504554\/","title":{"rendered":"Olympus Pen E-PL1 mit Lumix 20mm f\/1,7 G ASPH &#8211; #504554"},"content":{"rendered":"<table class=\"woocommerce-product-attributes shop_attributes\">\n<tbody>\n<tr class=\"woocommerce-product-attributes-item wr-product-desc\">\n<th class=\"woocommerce-product-attributes-item__label\">::<\/th>\n<td class=\"woocommerce-product-attributes-item__value\">\n<p>CAMERA :::<\/p>\n<p>Market launch: 2010<br \/>\nType: Mirrorless system camera<br \/>\nSensor: CMOS (17.3 x 13.0)<br \/>\nPixels (effective): 12.3 megapixels<br \/>\nRecording format: (Micro) Four Thirds<\/p>\n<\/td>\n<\/tr>\n<tr class=\"woocommerce-product-attributes-item wr-product-desc\">\n<th class=\"woocommerce-product-attributes-item__label\">Image processor<\/th>\n<td class=\"woocommerce-product-attributes-item__value\">\n<p>TruePic<br \/>\nCrop factor: 2.0x<br \/>\nBayonet: Micro Four Thirds (MFT)<br \/>\nImage stabiliser: Sensor shift<br \/>\nISO sensitivity: ISO 200 \u2013 3200<br \/>\nContinuous shooting: approx. 3 frames\/second<br \/>\nAutofocus: Contrast AF<\/p>\n<\/td>\n<\/tr>\n<tr class=\"woocommerce-product-attributes-item wr-product-desc\">\n<th class=\"woocommerce-product-attributes-item__label\">Shutter<\/th>\n<td class=\"woocommerce-product-attributes-item__value\">\n<p>Electronic focal-plane shutter<br \/>\nShutter speeds: 60 seconds to 1\/2000 second, bulb mode (max. 8 minutes)<br \/>\nExposure metering: Multi-area, centre-weighted, spot<br \/>\nExposure control: Programme, aperture priority and shutter priority, manual exposure control<\/p>\n<\/td>\n<\/tr>\n<tr class=\"woocommerce-product-attributes-item wr-product-desc\">\n<th class=\"woocommerce-product-attributes-item__label\">Viewfinder<\/th>\n<td class=\"woocommerce-product-attributes-item__value\">\n<p>no integrated viewfinder<br \/>\nDisplay: 2.7&#8243;<br \/>\nFlash: Integrated &#8211; 7<br \/>\nPower supply: Lithium-ion battery &#8211; type BLS-1<br \/>\nDimensions (WxHxD): approx. 115 mm \u00d7 72 mm \u00d7 42 mm<br \/>\nWeight: approx. 334 g<\/p>\n<\/td>\n<\/tr>\n<tr class=\"woocommerce-product-attributes-item wr-product-desc empty\">\n<th>&nbsp;<\/th>\n<td>&nbsp;<\/td>\n<\/tr>\n<tr class=\"woocommerce-product-attributes-item wr-product-desc\">\n<th class=\"woocommerce-product-attributes-item__label\">::<\/th>\n<td class=\"woocommerce-product-attributes-item__value\">\n<p>LENS :::<\/p>\n<p>Market launch: 2009<\/p>\n<\/td>\n<\/tr>\n<tr class=\"woocommerce-product-attributes-item wr-product-desc\">\n<th class=\"woocommerce-product-attributes-item__label\">Serial number<\/th>\n<td class=\"woocommerce-product-attributes-item__value\">\n<p>BR2EE007992<br \/>\nBayonet: Micro Four Thirds<br \/>\nImage stabiliser: No<br \/>\nFocusing: Autofocus<br \/>\nFocal length: 20 mm (\u224840 mm KB equivalent)<br \/>\nAperture: f\/1.7<br \/>\nAperture blades: 7<br \/>\nMinimum focus distance: 0.20 m<br \/>\nMax. reproduction ratio: approx. 0.13\u00d7<br \/>\nFilter thread: \u00d8 46 mm<br \/>\nDimensions (\u00d8 \u00d7 L): \u00d8 approx. 63 mm \u00d7 length approx. 25.5 mm<br \/>\nWeight: approx. 100 g<\/p>\n<\/td>\n<\/tr>\n<\/tbody>\n<\/table>\n","protected":false},"excerpt":{"rendered":"<p>Olympus Pen E-PL1 with Panasonic Lumix 20mm f1.7 G ASPH<\/p>\n<p>Approximately 4,400 releases<\/p>\n","protected":false},"featured_media":1302984,"template":"","meta":[],"product_brand":[],"product_cat":[111],"product_tag":[],"class_list":{"0":"post-1302991","1":"product","2":"type-product","3":"status-publish","4":"has-post-thumbnail","6":"product_cat-digital-cameras","7":"product_shipping_class-mail-up-to-2-kg","8":"pa_marke-olympus-en","10":"first","11":"outofstock","12":"purchasable","13":"product-type-simple"},"_links":{"self":[{"href":"https:\/\/fk-secondhand.com\/en\/wp-json\/wp\/v2\/product\/1302991","targetHints":{"allow":["GET"]}}],"collection":[{"href":"https:\/\/fk-secondhand.com\/en\/wp-json\/wp\/v2\/product"}],"about":[{"href":"https:\/\/fk-secondhand.com\/en\/wp-json\/wp\/v2\/types\/product"}],"wp:featuredmedia":[{"embeddable":true,"href":"https:\/\/fk-secondhand.com\/en\/wp-json\/wp\/v2\/media\/1302984"}],"wp:attachment":[{"href":"https:\/\/fk-secondhand.com\/en\/wp-json\/wp\/v2\/media?parent=1302991"}],"wp:term":[{"taxonomy":"product_brand","embeddable":true,"href":"https:\/\/fk-secondhand.com\/en\/wp-json\/wp\/v2\/product_brand?post=1302991"},{"taxonomy":"product_cat","embeddable":true,"href":"https:\/\/fk-secondhand.com\/en\/wp-json\/wp\/v2\/product_cat?post=1302991"},{"taxonomy":"product_tag","embeddable":true,"href":"https:\/\/fk-secondhand.com\/en\/wp-json\/wp\/v2\/product_tag?post=1302991"}],"curies":[{"name":"wp","href":"https:\/\/api.w.org\/{rel}","templated":true}]}}