{"id":1303760,"date":"2025-11-10T15:19:24","date_gmt":"2025-11-10T14:19:24","guid":{"rendered":"https:\/\/fk-secondhand.com\/shop\/pentax-k10-d-body-mit-smc-16-45mm-f-40-smc-ed-al-2503656\/"},"modified":"2025-11-10T15:19:49","modified_gmt":"2025-11-10T14:19:49","slug":"pentax-k10-d-body-mit-smc-16-45mm-f-40-smc-ed-al-2503656","status":"publish","type":"product","link":"https:\/\/fk-secondhand.com\/en\/shop\/pentax-k10-d-body-mit-smc-16-45mm-f-40-smc-ed-al-2503656\/","title":{"rendered":"Pentax K10 D Body mit SMC 16-45mm f\/4,0 SMC ED AL &#8211; #2503656"},"content":{"rendered":"<table class=\"woocommerce-product-attributes shop_attributes\">\n<tbody>\n<tr class=\"woocommerce-product-attributes-item wr-product-desc\">\n<th class=\"woocommerce-product-attributes-item__label\">::<\/th>\n<td class=\"woocommerce-product-attributes-item__value\">\n<p>CAMERA :::<\/p>\n<p>Market launch: 2006<br \/>\nType: SLR camera<br \/>\nSensor: CMOS (23.5 x 15.7 mm)<br \/>\nPixels (effective): 10.2 megapixels<br \/>\nRecording format: APS-C format<br \/>\nImage processor: PRIME<\/p>\n<\/td>\n<\/tr>\n<tr class=\"woocommerce-product-attributes-item wr-product-desc\">\n<th class=\"woocommerce-product-attributes-item__label\">Crop factor<\/th>\n<td class=\"woocommerce-product-attributes-item__value\">\n<p>1.5x<br \/>\nBayonet: Pentax K<br \/>\nImage stabiliser: Sensor shift<br \/>\nISO sensitivity: ISO 100 \u2013 1,600<br \/>\nContinuous shooting: approx. 3 frames\/sec.<br \/>\nAutofocus: TTL phase AF<br \/>\nShutter: Electronic focal-plane shutter<\/p>\n<\/td>\n<\/tr>\n<tr class=\"woocommerce-product-attributes-item wr-product-desc\">\n<th class=\"woocommerce-product-attributes-item__label\">Shutter speeds<\/th>\n<td class=\"woocommerce-product-attributes-item__value\">\n<p>30 s to 1\/4000 s<br \/>\nExposure metering: Centre-weighted, multi-field, spot<br \/>\nExposure control: Aperture priority, programme and shutter priority, manual exposure control<br \/>\nViewfinder: Optical, pentaprism<br \/>\nDisplay: 2.5&#8243;<br \/>\nFlash: Integrated &#8211; 11<\/p>\n<\/td>\n<\/tr>\n<tr class=\"woocommerce-product-attributes-item wr-product-desc\">\n<th class=\"woocommerce-product-attributes-item__label\">Power supply<\/th>\n<td class=\"woocommerce-product-attributes-item__value\">\n<p>Lithium-ion battery &#8211; Type D-LI50<br \/>\nDimensions (WxHxD): approx. 141.5 mm \u00d7 101 mm \u00d7 70 mm<br \/>\nWeight: approx. 710 g<\/p>\n<p>::: LENS :::<\/p>\n<p>Market launch: 2003<br \/>\nBayonet: Pentax K-mount (KAF)<br \/>\nImage stabiliser: No<br \/>\nFocusing: Autofocus via camera motor (screw drive), manual override possible (Quick-Shift)<br \/>\nFocal length: 16\u201345 mm (equivalent to approx. 24.5\u201369 mm 35 mm equivalent)<br \/>\nAperture: f\/4 (constant across the entire zoom range)<br \/>\nAperture blades: 8<br \/>\nMinimum focus distance: 0.28 m<br \/>\nMax. reproduction ratio: 0.26\u00d7<br \/>\nFilter thread: 67 mm<br \/>\nDimensions (\u00d8 \u00d7 L): 72 mm \u00d7 92 mm<br \/>\nWeight: approx. 365 g<\/p>\n<\/td>\n<\/tr>\n<\/tbody>\n<\/table>\n","protected":false},"excerpt":{"rendered":"<p>Pentax K10D body with SMC 16-45mm f\/4.0 SMC ED AL<\/p>\n","protected":false},"featured_media":1303753,"template":"","meta":[],"product_brand":[],"product_cat":[111],"product_tag":[],"class_list":{"0":"post-1303760","1":"product","2":"type-product","3":"status-publish","4":"has-post-thumbnail","6":"product_cat-digital-cameras","7":"product_shipping_class-mail-up-to-2-kg","8":"pa_marke-pentax-en","10":"first","11":"outofstock","12":"purchasable","13":"product-type-simple"},"_links":{"self":[{"href":"https:\/\/fk-secondhand.com\/en\/wp-json\/wp\/v2\/product\/1303760","targetHints":{"allow":["GET"]}}],"collection":[{"href":"https:\/\/fk-secondhand.com\/en\/wp-json\/wp\/v2\/product"}],"about":[{"href":"https:\/\/fk-secondhand.com\/en\/wp-json\/wp\/v2\/types\/product"}],"wp:featuredmedia":[{"embeddable":true,"href":"https:\/\/fk-secondhand.com\/en\/wp-json\/wp\/v2\/media\/1303753"}],"wp:attachment":[{"href":"https:\/\/fk-secondhand.com\/en\/wp-json\/wp\/v2\/media?parent=1303760"}],"wp:term":[{"taxonomy":"product_brand","embeddable":true,"href":"https:\/\/fk-secondhand.com\/en\/wp-json\/wp\/v2\/product_brand?post=1303760"},{"taxonomy":"product_cat","embeddable":true,"href":"https:\/\/fk-secondhand.com\/en\/wp-json\/wp\/v2\/product_cat?post=1303760"},{"taxonomy":"product_tag","embeddable":true,"href":"https:\/\/fk-secondhand.com\/en\/wp-json\/wp\/v2\/product_tag?post=1303760"}],"curies":[{"name":"wp","href":"https:\/\/api.w.org\/{rel}","templated":true}]}}