{"id":1304746,"date":"2025-11-14T13:39:22","date_gmt":"2025-11-14T12:39:22","guid":{"rendered":"https:\/\/fk-secondhand.com\/shop\/konvolut-diverse-sammlergeraet-23-stueck-bastlergeraete-2\/"},"modified":"2025-11-14T13:43:22","modified_gmt":"2025-11-14T12:43:22","slug":"konvolut-diverse-sammlergeraet-23-stueck-bastlergeraete-2","status":"publish","type":"product","link":"https:\/\/fk-secondhand.com\/en\/shop\/konvolut-diverse-sammlergeraet-23-stueck-bastlergeraete-2\/","title":{"rendered":"Konvolut diverse Sammlerger\u00e4t &#8211; 23 St\u00fcck Bastlerger\u00e4te"},"content":{"rendered":"<table class=\"woocommerce-product-attributes shop_attributes\">\n<tbody>\n<tr class=\"woocommerce-product-attributes-item wr-product-desc\">\n<th class=\"woocommerce-product-attributes-item__label\">Consisting of<\/th>\n<td class=\"woocommerce-product-attributes-item__value\">\n<p>G\u00f6erz Berlin Angle Mirror #957<br \/>\nMetz 45 CT-4<br \/>\nUnomat B12 Flash Units #0022342<\/p>\n<\/td>\n<\/tr>\n<tr class=\"woocommerce-product-attributes-item wr-product-desc no-pair\">\n<th>&nbsp;<\/th>\n<td class=\"woocommerce-product-attributes-item__value\">Novoflex bellows device<br \/>\nKodak Brownie fiesta viewfinder camera<br \/>\nGossen Sixtomat<br \/>\nKodak Brownie fiesta viewfinder camera<br \/>\nNizo Heliomatic<br \/>\nAgfa Agfalux<br \/>\ncds weimarlux<br \/>\nIlford Sportsman miniature camera 35mm<br \/>\nmecablitz 348bts<br \/>\nHanimex auto off CX475<\/td>\n<\/tr>\n<tr class=\"woocommerce-product-attributes-item wr-product-desc no-pair\">\n<th>&nbsp;<\/th>\n<td class=\"woocommerce-product-attributes-item__value\">Warwick No2 Camera<br \/>\nBolex Paillard<br \/>\nVivitar Electronic Flash 1900<br \/>\nSunpak Auto 28<br \/>\nPouva Start<br \/>\nZeiss Ikon<br \/>\nDehel Primar<br \/>\nMinolta Flash Adapter<br \/>\nPolaroid Camera<br \/>\nPentax Espio 115<\/td>\n<\/tr>\n<\/tbody>\n<\/table>\n","protected":false},"excerpt":{"rendered":"<p>Collection consisting of 23 different devices. Functionality not checked\/therefore not guaranteed.<\/p>\n","protected":false},"featured_media":1304740,"template":"","meta":[],"product_brand":[],"product_cat":[1335],"product_tag":[],"class_list":{"0":"post-1304746","1":"product","2":"type-product","3":"status-publish","4":"has-post-thumbnail","6":"product_cat-sets-convolutes","7":"product_shipping_class-mail-up-to-12-kg","9":"first","10":"outofstock","11":"purchasable","12":"product-type-simple"},"_links":{"self":[{"href":"https:\/\/fk-secondhand.com\/en\/wp-json\/wp\/v2\/product\/1304746","targetHints":{"allow":["GET"]}}],"collection":[{"href":"https:\/\/fk-secondhand.com\/en\/wp-json\/wp\/v2\/product"}],"about":[{"href":"https:\/\/fk-secondhand.com\/en\/wp-json\/wp\/v2\/types\/product"}],"wp:featuredmedia":[{"embeddable":true,"href":"https:\/\/fk-secondhand.com\/en\/wp-json\/wp\/v2\/media\/1304740"}],"wp:attachment":[{"href":"https:\/\/fk-secondhand.com\/en\/wp-json\/wp\/v2\/media?parent=1304746"}],"wp:term":[{"taxonomy":"product_brand","embeddable":true,"href":"https:\/\/fk-secondhand.com\/en\/wp-json\/wp\/v2\/product_brand?post=1304746"},{"taxonomy":"product_cat","embeddable":true,"href":"https:\/\/fk-secondhand.com\/en\/wp-json\/wp\/v2\/product_cat?post=1304746"},{"taxonomy":"product_tag","embeddable":true,"href":"https:\/\/fk-secondhand.com\/en\/wp-json\/wp\/v2\/product_tag?post=1304746"}],"curies":[{"name":"wp","href":"https:\/\/api.w.org\/{rel}","templated":true}]}}