{"id":1304771,"date":"2025-11-14T16:06:12","date_gmt":"2025-11-14T15:06:12","guid":{"rendered":"https:\/\/fk-secondhand.com\/shop\/konvolut-diverse-sammlergeraet-stueck-bastlergeraete\/"},"modified":"2025-11-14T16:06:20","modified_gmt":"2025-11-14T15:06:20","slug":"konvolut-diverse-sammlergeraet-stueck-bastlergeraete","status":"publish","type":"product","link":"https:\/\/fk-secondhand.com\/en\/shop\/konvolut-diverse-sammlergeraet-stueck-bastlergeraete\/","title":{"rendered":"Konvolut diverse Sammlerger\u00e4t &#8211; ?? St\u00fcck Bastlerger\u00e4te"},"content":{"rendered":"<table class=\"woocommerce-product-attributes shop_attributes\">\n<tbody>\n<tr class=\"woocommerce-product-attributes-item wr-product-desc\">\n<th class=\"woocommerce-product-attributes-item__label\">Consisting of<\/th>\n<td class=\"woocommerce-product-attributes-item__value\">\n<p>5 various parts of wooden cameras<br \/>\nIlford exposed film 6x13cm<br \/>\nFilter set of 4 filters with filter holder<br \/>\nKodak Instamatic 500 compact camera<br \/>\nMiniature clip-on flash<br \/>\nMiniature clip-on flash<br \/>\nVoigtl\u00e4nder Vito CD with Voigtl\u00e4nder Lanthar f\/2.8 50mm<\/p>\n<\/td>\n<\/tr>\n<tr class=\"woocommerce-product-attributes-item wr-product-desc no-pair\">\n<th>&nbsp;<\/th>\n<td class=\"woocommerce-product-attributes-item__value\">Kodak Instamatic 300 compact camera<br \/>\nBox camera<br \/>\nLeitz New York Slide Copy Film Camera Accessory<br \/>\nLeitz New York Slide Copy Film Camera Accessory<br \/>\nDacora super dignette <\/td>\n<\/tr>\n<tr class=\"woocommerce-product-attributes-item wr-product-desc no-pair\">\n<th>&nbsp;<\/th>\n<td class=\"woocommerce-product-attributes-item__value\">Viewfinder old folding cameras<br \/>\nAgfa Jsolette<br \/>\nAgfa Sixtomat finder Gossen exposure meter<br \/>\nMetrawatt Horvex 3 exposure meter<br \/>\nLaack Anastigmat Definion f\/4.5 75mm<br \/>\nKern Paillard Switar f\/1.8 16mm ar<br \/>\nJhagee Exa 500<\/td>\n<\/tr>\n<tr class=\"woocommerce-product-attributes-item wr-product-desc no-pair\">\n<th>&nbsp;<\/th>\n<td class=\"woocommerce-product-attributes-item__value\">Instamatic 100 camera<br \/>\nInstamatic 100 camera<br \/>\nAgfa Color Ambion f\/4 35mm<br \/>\nBEWI light meter<br \/>\nAdox analogue camera with Adoxar f\/6.3 75mm<br \/>\nAnalogue camera<\/td>\n<\/tr>\n<\/tbody>\n<\/table>\n","protected":false},"excerpt":{"rendered":"<p>Collection of various devices. Functionality not checked, therefore not guaranteed.<\/p>\n","protected":false},"featured_media":1304767,"template":"","meta":[],"product_brand":[],"product_cat":[1335],"product_tag":[],"class_list":{"0":"post-1304771","1":"product","2":"type-product","3":"status-publish","4":"has-post-thumbnail","6":"product_cat-sets-convolutes","7":"product_shipping_class-mail-up-to-12-kg","9":"first","10":"outofstock","11":"purchasable","12":"product-type-simple"},"_links":{"self":[{"href":"https:\/\/fk-secondhand.com\/en\/wp-json\/wp\/v2\/product\/1304771","targetHints":{"allow":["GET"]}}],"collection":[{"href":"https:\/\/fk-secondhand.com\/en\/wp-json\/wp\/v2\/product"}],"about":[{"href":"https:\/\/fk-secondhand.com\/en\/wp-json\/wp\/v2\/types\/product"}],"wp:featuredmedia":[{"embeddable":true,"href":"https:\/\/fk-secondhand.com\/en\/wp-json\/wp\/v2\/media\/1304767"}],"wp:attachment":[{"href":"https:\/\/fk-secondhand.com\/en\/wp-json\/wp\/v2\/media?parent=1304771"}],"wp:term":[{"taxonomy":"product_brand","embeddable":true,"href":"https:\/\/fk-secondhand.com\/en\/wp-json\/wp\/v2\/product_brand?post=1304771"},{"taxonomy":"product_cat","embeddable":true,"href":"https:\/\/fk-secondhand.com\/en\/wp-json\/wp\/v2\/product_cat?post=1304771"},{"taxonomy":"product_tag","embeddable":true,"href":"https:\/\/fk-secondhand.com\/en\/wp-json\/wp\/v2\/product_tag?post=1304771"}],"curies":[{"name":"wp","href":"https:\/\/api.w.org\/{rel}","templated":true}]}}