{"id":1304789,"date":"2025-11-14T17:58:12","date_gmt":"2025-11-14T16:58:12","guid":{"rendered":"https:\/\/fk-secondhand.com\/shop\/konvolut-diverse-fotogeraete-45-stueck-bastlergeraete\/"},"modified":"2025-11-14T17:58:22","modified_gmt":"2025-11-14T16:58:22","slug":"konvolut-diverse-fotogeraete-45-stueck-bastlergeraete","status":"publish","type":"product","link":"https:\/\/fk-secondhand.com\/en\/shop\/konvolut-diverse-fotogeraete-45-stueck-bastlergeraete\/","title":{"rendered":"Konvolut diverse Fotoger\u00e4te &#8211; 45 St\u00fcck Bastlerger\u00e4te"},"content":{"rendered":"<table class=\"woocommerce-product-attributes shop_attributes\">\n<tbody>\n<tr class=\"woocommerce-product-attributes-item wr-product-desc\">\n<th class=\"woocommerce-product-attributes-item__label\">Consisting of<\/th>\n<td class=\"woocommerce-product-attributes-item__value\">\n<p>Digital King 0.45x Wide Lens Attachment<br \/>\nKenko Wide Angle Converter SGW-0.5<br \/>\nHama Metz LED-72 Smart LED Lighting Green<br \/>\nMeopta Mirar 2x<br \/>\nMeopta Mirar 0.5x<\/p>\n<\/td>\n<\/tr>\n<tr class=\"woocommerce-product-attributes-item wr-product-desc no-pair\">\n<th>&nbsp;<\/th>\n<td class=\"woocommerce-product-attributes-item__value\">Hama Synchromat flash trigger<br \/>\nClavis pocket flash<br \/>\nPanagor extension ring set 12, 20, 36 mm<br \/>\nSamsung SCL-W3755 wide conversion lens<br \/>\nVario shutter<br \/>\nSchneider Kreuznach G-Claron 9\/305<br \/>\nSoligor exposure meter<br \/>\nHand grip with flash shoe<\/td>\n<\/tr>\n<tr class=\"woocommerce-product-attributes-item wr-product-desc no-pair\">\n<th>&nbsp;<\/th>\n<td class=\"woocommerce-product-attributes-item__value\">Lens f\/3.5 50 mm<br \/>\nSmall camera tripod head<br \/>\nMeopta Belar f\/4.5 55 mm<br \/>\nRodenstock Rodagon f\/2.8 50 mm<br \/>\nSteinheil Munich Cassar f\/3.5 50 mm<br \/>\nMaxwider super wide aux lens 46 mm series VII<br \/>\nLeitz motor drive r4<\/td>\n<\/tr>\n<tr class=\"woocommerce-product-attributes-item wr-product-desc no-pair\">\n<th>&nbsp;<\/th>\n<td class=\"woocommerce-product-attributes-item__value\">Hama flash rail<br \/>\nAperture for large format lenses<br \/>\nFlash rail<br \/>\nFlash rail<br \/>\nElectret condenser mic unisound EM-83 IMP 1k-<br \/>\nOlympus FL-600R clip-on flash<br \/>\nCassette<br \/>\nCullmann 20 AF-N Digital for Nikon<br \/>\nRobert Bosch 340M SCA Braun Vario Zoom clip-on flash<\/td>\n<\/tr>\n<tr class=\"woocommerce-product-attributes-item wr-product-desc no-pair\">\n<th>&nbsp;<\/th>\n<td class=\"woocommerce-product-attributes-item__value\">Agfatronic 280 CB clip-on flash<br \/>\nAgfatronic 401 CBS clip-on flash<br \/>\nSunpak Remotelite II clip-on flash<br \/>\nCanon Digital IXUS V2<br \/>\nCanon IXUS L-1<br \/>\nMinox 35 GL<br \/>\nFlash rail<br \/>\nBolex dioptre adjustment for viewfinder<\/td>\n<\/tr>\n<tr class=\"woocommerce-product-attributes-item wr-product-desc no-pair\">\n<th>&nbsp;<\/th>\n<td class=\"woocommerce-product-attributes-item__value\">National PE-387S clip-on flash<br \/>\nMinolta Dimage F200<br \/>\nKangaroo mini clip-on flash<br \/>\nGo Pro Hero 2<br \/>\nMinolta 20 clip-on flash<br \/>\nHalina MW 35 af<br \/>\nSony Handycam 120x digital zoom<br \/>\nCanon ML af35<br \/>\nHasselblad adapter ring<\/td>\n<\/tr>\n<\/tbody>\n<\/table>\n","protected":false},"excerpt":{"rendered":"<p>Collection of 45 various hobbyist devices. Functionality not checked, therefore not guaranteed.<\/p>\n","protected":false},"featured_media":1304784,"template":"","meta":[],"product_brand":[],"product_cat":[1335],"product_tag":[],"class_list":{"0":"post-1304789","1":"product","2":"type-product","3":"status-publish","4":"has-post-thumbnail","6":"product_cat-sets-convolutes","7":"product_shipping_class-mail-up-to-12-kg","9":"first","10":"instock","11":"purchasable","12":"product-type-simple"},"_links":{"self":[{"href":"https:\/\/fk-secondhand.com\/en\/wp-json\/wp\/v2\/product\/1304789","targetHints":{"allow":["GET"]}}],"collection":[{"href":"https:\/\/fk-secondhand.com\/en\/wp-json\/wp\/v2\/product"}],"about":[{"href":"https:\/\/fk-secondhand.com\/en\/wp-json\/wp\/v2\/types\/product"}],"wp:featuredmedia":[{"embeddable":true,"href":"https:\/\/fk-secondhand.com\/en\/wp-json\/wp\/v2\/media\/1304784"}],"wp:attachment":[{"href":"https:\/\/fk-secondhand.com\/en\/wp-json\/wp\/v2\/media?parent=1304789"}],"wp:term":[{"taxonomy":"product_brand","embeddable":true,"href":"https:\/\/fk-secondhand.com\/en\/wp-json\/wp\/v2\/product_brand?post=1304789"},{"taxonomy":"product_cat","embeddable":true,"href":"https:\/\/fk-secondhand.com\/en\/wp-json\/wp\/v2\/product_cat?post=1304789"},{"taxonomy":"product_tag","embeddable":true,"href":"https:\/\/fk-secondhand.com\/en\/wp-json\/wp\/v2\/product_tag?post=1304789"}],"curies":[{"name":"wp","href":"https:\/\/api.w.org\/{rel}","templated":true}]}}