{"id":1305123,"date":"2025-11-17T15:36:35","date_gmt":"2025-11-17T14:36:35","guid":{"rendered":"https:\/\/fk-secondhand.com\/shop\/canon-eos-650-mit-ef-38-76mm-f-45-56-10933430\/"},"modified":"2025-11-17T15:36:57","modified_gmt":"2025-11-17T14:36:57","slug":"canon-eos-650-mit-ef-38-76mm-f-45-56-10933430","status":"publish","type":"product","link":"https:\/\/fk-secondhand.com\/en\/shop\/canon-eos-650-mit-ef-38-76mm-f-45-56-10933430\/","title":{"rendered":"Canon EOS 650 mit EF 38-76mm f\/4,5-5,6 &#8211; #10933430"},"content":{"rendered":"<table class=\"woocommerce-product-attributes shop_attributes\">\n<tbody>\n<tr class=\"woocommerce-product-attributes-item wr-product-desc\">\n<th class=\"woocommerce-product-attributes-item__label\">::<\/th>\n<td class=\"woocommerce-product-attributes-item__value\">\n<p>CAMERA :::<\/p>\n<p>Years of manufacture: 1987-1989<br \/>\nType: SLR camera<br \/>\nFilm format: 135 (35mm small format film)<br \/>\nRecording format: 24x36mm (KB full format)<\/p>\n<\/td>\n<\/tr>\n<tr class=\"woocommerce-product-attributes-item wr-product-desc\">\n<th class=\"woocommerce-product-attributes-item__label\">Bayonet<\/th>\n<td class=\"woocommerce-product-attributes-item__value\">\n<p>Canon EF<br \/>\nFocusing: Autofocus<br \/>\nContinuous shooting: approx. 3 frames\/sec.<br \/>\nShutter: Electronic focal-plane shutter<br \/>\nShutter speeds: 30 s to 1\/2000 sec.<br \/>\nExposure metering: Multi-segment<\/p>\n<\/td>\n<\/tr>\n<tr class=\"woocommerce-product-attributes-item wr-product-desc\">\n<th class=\"woocommerce-product-attributes-item__label\">Exposure control<\/th>\n<td class=\"woocommerce-product-attributes-item__value\">\n<p>Program, aperture priority and shutter priority modes, manual exposure control<br \/>\nExposure compensation: \u00b15 EV in 0.5 EV steps<br \/>\nFlash: External via hot shoe<br \/>\nPower supply: One 6V lithium battery (type 2CR5)<br \/>\nWeight: approx. 660 g<\/p>\n<\/td>\n<\/tr>\n<tr class=\"woocommerce-product-attributes-item wr-product-desc empty\">\n<th>&nbsp;<\/th>\n<td>&nbsp;<\/td>\n<\/tr>\n<tr class=\"woocommerce-product-attributes-item wr-product-desc\">\n<th class=\"woocommerce-product-attributes-item__label\">::<\/th>\n<td class=\"woocommerce-product-attributes-item__value\">\n<p>LENS :::<\/p>\n<p>Market launch: 1995<br \/>\nBayonet mount: Canon EF<br \/>\nImage stabiliser: No<br \/>\nFocusing: Autofocus with DC motor<br \/>\nFocal length: 38\u201376 mm<br \/>\nAperture: f\/4.5\u20135.6<br \/>\nAperture blades: 5<br \/>\nMinimum focus distance: 0.58 m<br \/>\nMax. reproduction ratio: 0.15\u00d7<br \/>\nFilter thread: 52 mm<br \/>\nDimensions (\u00d8 \u00d7 L): approx. 65 \u00d7 64 mm<br \/>\nWeight: approx. 155 g<\/p>\n<\/td>\n<\/tr>\n<\/tbody>\n<\/table>\n","protected":false},"excerpt":{"rendered":"<p>Canon EOS 650 with EF 38-76mm f\/4.5-5.6<\/p>\n","protected":false},"featured_media":1305116,"template":"","meta":[],"product_brand":[],"product_cat":[110],"product_tag":[],"class_list":{"0":"post-1305123","1":"product","2":"type-product","3":"status-publish","4":"has-post-thumbnail","6":"product_cat-film-cameras","7":"product_shipping_class-mail-up-to-2-kg","8":"pa_marke-canon-en","10":"first","11":"instock","12":"purchasable","13":"product-type-simple"},"_links":{"self":[{"href":"https:\/\/fk-secondhand.com\/en\/wp-json\/wp\/v2\/product\/1305123","targetHints":{"allow":["GET"]}}],"collection":[{"href":"https:\/\/fk-secondhand.com\/en\/wp-json\/wp\/v2\/product"}],"about":[{"href":"https:\/\/fk-secondhand.com\/en\/wp-json\/wp\/v2\/types\/product"}],"wp:featuredmedia":[{"embeddable":true,"href":"https:\/\/fk-secondhand.com\/en\/wp-json\/wp\/v2\/media\/1305116"}],"wp:attachment":[{"href":"https:\/\/fk-secondhand.com\/en\/wp-json\/wp\/v2\/media?parent=1305123"}],"wp:term":[{"taxonomy":"product_brand","embeddable":true,"href":"https:\/\/fk-secondhand.com\/en\/wp-json\/wp\/v2\/product_brand?post=1305123"},{"taxonomy":"product_cat","embeddable":true,"href":"https:\/\/fk-secondhand.com\/en\/wp-json\/wp\/v2\/product_cat?post=1305123"},{"taxonomy":"product_tag","embeddable":true,"href":"https:\/\/fk-secondhand.com\/en\/wp-json\/wp\/v2\/product_tag?post=1305123"}],"curies":[{"name":"wp","href":"https:\/\/api.w.org\/{rel}","templated":true}]}}