{"id":1305320,"date":"2025-11-18T08:17:29","date_gmt":"2025-11-18T07:17:29","guid":{"rendered":"https:\/\/fk-secondhand.com\/shop\/canon-eos-2000d-set-mit-18-55mm-f-35-56-iii-833078053119\/"},"modified":"2025-11-18T09:23:57","modified_gmt":"2025-11-18T08:23:57","slug":"canon-eos-2000d-set-mit-18-55mm-f-35-56-iii-833078053119","status":"publish","type":"product","link":"https:\/\/fk-secondhand.com\/en\/shop\/canon-eos-2000d-set-mit-18-55mm-f-35-56-iii-833078053119\/","title":{"rendered":"Canon EOS 2000D Set mit 18-55mm f\/3,5-5,6 III &#8211; #833078053119"},"content":{"rendered":"<table class=\"woocommerce-product-attributes shop_attributes\">\n<tbody>\n<tr class=\"woocommerce-product-attributes-item wr-product-desc\">\n<th class=\"woocommerce-product-attributes-item__label\">::<\/th>\n<td class=\"woocommerce-product-attributes-item__value\">\n<p>CAMERA :::<\/p>\n<p>Market launch: 2018<br \/>\nType: SLR camera<br \/>\nSensor: CMOS (22.3 x 14.9 mm)<br \/>\nPixels (effective): 24.1 megapixels<br \/>\nRecording format: APS-C format<\/p>\n<\/td>\n<\/tr>\n<tr class=\"woocommerce-product-attributes-item wr-product-desc\">\n<th class=\"woocommerce-product-attributes-item__label\">Image processor<\/th>\n<td class=\"woocommerce-product-attributes-item__value\">\n<p>Digic<br \/>\nCrop factor: 1.6x<br \/>\nBayonet: Canon EF and EF-S<br \/>\nImage stabiliser: No<br \/>\nISO sensitivity: ISO 100\u20136,400<br \/>\nContinuous shooting: approx. 3 frames\/second<\/p>\n<\/td>\n<\/tr>\n<tr class=\"woocommerce-product-attributes-item wr-product-desc\">\n<th class=\"woocommerce-product-attributes-item__label\">Autofocus<\/th>\n<td class=\"woocommerce-product-attributes-item__value\">\n<p>9 AF points<br \/>\nShutter: Electronic focal-plane shutter<br \/>\nShutter speeds: 30 s to 1\/4,000 s + bulb<br \/>\nExposure metering: Multi-zone, centre-weighted<br \/>\nExposure control: Full, time, aperture, scene and programme auto, manual exposure control<\/p>\n<\/td>\n<\/tr>\n<tr class=\"woocommerce-product-attributes-item wr-product-desc\">\n<th class=\"woocommerce-product-attributes-item__label\">Viewfinder<\/th>\n<td class=\"woocommerce-product-attributes-item__value\">\n<p>Optical, pentaprism<br \/>\nDisplay: 3.0&#8243;<br \/>\nFlash: Built-in &#8211; LZ 9.2<br \/>\nPower supply: Lithium-ion battery &#8211; type LP-E10<br \/>\nDimensions (WxHxD): approx. 129 mm \u00d7 101.3 mm \u00d7 77.6 mm<\/p>\n<\/td>\n<\/tr>\n<tr class=\"woocommerce-product-attributes-item wr-product-desc\">\n<th class=\"woocommerce-product-attributes-item__label\">Weight<\/th>\n<td class=\"woocommerce-product-attributes-item__value\">\n<p>approx. 475 g<\/p>\n<p>::: LENS :::<\/p>\n<p>Market launch: 2011<br \/>\nBayonet: Canon EF-S<br \/>\nImage stabiliser: No<br \/>\nFocusing: Autofocus with DC micromotor<br \/>\nFocal length: 18\u201355 mm<br \/>\nAperture: f\/3.5\u20135.6<br \/>\nAperture blades: 6<br \/>\nMinimum focus distance: 0.25 m<br \/>\nMax. reproduction ratio: 0.34\u00d7<br \/>\nFilter thread: 58 mm<br \/>\nDimensions (\u00d8 \u00d7 L): approx. 69 \u00d7 70 mm<br \/>\nWeight: approx. 190 g<\/p>\n<\/td>\n<\/tr>\n<\/tbody>\n<\/table>\n","protected":false},"excerpt":{"rendered":"<p>Canon EOS 2000D kit with 18\u201355 mm f\/3.5\u20135.6 III<\/p>\n<p>approx. 6,200 shutter count<\/p>\n","protected":false},"featured_media":1305313,"template":"","meta":[],"product_brand":[],"product_cat":[111],"product_tag":[],"class_list":{"0":"post-1305320","1":"product","2":"type-product","3":"status-publish","4":"has-post-thumbnail","6":"product_cat-digital-cameras","7":"product_shipping_class-mail-up-to-2-kg","8":"pa_marke-canon-en","10":"first","11":"outofstock","12":"purchasable","13":"product-type-simple"},"_links":{"self":[{"href":"https:\/\/fk-secondhand.com\/en\/wp-json\/wp\/v2\/product\/1305320","targetHints":{"allow":["GET"]}}],"collection":[{"href":"https:\/\/fk-secondhand.com\/en\/wp-json\/wp\/v2\/product"}],"about":[{"href":"https:\/\/fk-secondhand.com\/en\/wp-json\/wp\/v2\/types\/product"}],"wp:featuredmedia":[{"embeddable":true,"href":"https:\/\/fk-secondhand.com\/en\/wp-json\/wp\/v2\/media\/1305313"}],"wp:attachment":[{"href":"https:\/\/fk-secondhand.com\/en\/wp-json\/wp\/v2\/media?parent=1305320"}],"wp:term":[{"taxonomy":"product_brand","embeddable":true,"href":"https:\/\/fk-secondhand.com\/en\/wp-json\/wp\/v2\/product_brand?post=1305320"},{"taxonomy":"product_cat","embeddable":true,"href":"https:\/\/fk-secondhand.com\/en\/wp-json\/wp\/v2\/product_cat?post=1305320"},{"taxonomy":"product_tag","embeddable":true,"href":"https:\/\/fk-secondhand.com\/en\/wp-json\/wp\/v2\/product_tag?post=1305320"}],"curies":[{"name":"wp","href":"https:\/\/api.w.org\/{rel}","templated":true}]}}