{"id":1305447,"date":"2025-11-18T10:10:50","date_gmt":"2025-11-18T09:10:50","guid":{"rendered":"https:\/\/fk-secondhand.com\/shop\/canon-eos-50e-mit-ef-28-135mm-f-35-56-is-usm-1652799\/"},"modified":"2025-11-18T10:11:13","modified_gmt":"2025-11-18T09:11:13","slug":"canon-eos-50e-mit-ef-28-135mm-f-35-56-is-usm-1652799","status":"publish","type":"product","link":"https:\/\/fk-secondhand.com\/en\/shop\/canon-eos-50e-mit-ef-28-135mm-f-35-56-is-usm-1652799\/","title":{"rendered":"Canon EOS 50E mit EF 28-135mm f\/3,5-5,6 IS USM &#8211; #1652799"},"content":{"rendered":"<table class=\"woocommerce-product-attributes shop_attributes\">\n<tbody>\n<tr class=\"woocommerce-product-attributes-item wr-product-desc\">\n<th class=\"woocommerce-product-attributes-item__label\">::<\/th>\n<td class=\"woocommerce-product-attributes-item__value\">\n<p>CAMERA :::<\/p>\n<p>Year(s) of manufacture: 1995<br \/>\nType: SLR camera<br \/>\nFilm format: 135 (35 mm small-format film)<br \/>\nRecording format: 24 x 36 mm (full-frame)<\/p>\n<\/td>\n<\/tr>\n<tr class=\"woocommerce-product-attributes-item wr-product-desc\">\n<th class=\"woocommerce-product-attributes-item__label\">Bayonet<\/th>\n<td class=\"woocommerce-product-attributes-item__value\">\n<p>Canon EF<br \/>\nFocusing: Autofocus<br \/>\nContinuous shooting: approx. 2.5 frames\/sec.<br \/>\nShutter: Electronic focal-plane shutter<br \/>\nShutter speeds: 30 s to 1\/4000 s + bulb mode<br \/>\nExposure metering: Matrix, centre-weighted integral<\/p>\n<\/td>\n<\/tr>\n<tr class=\"woocommerce-product-attributes-item wr-product-desc\">\n<th class=\"woocommerce-product-attributes-item__label\">Exposure control<\/th>\n<td class=\"woocommerce-product-attributes-item__value\">\n<p>Program, shutter priority and aperture priority modes, manual exposure control<br \/>\nExposure compensation: \u00b12 EV, in 0.5 EV steps<br \/>\nFlash: Built-in<br \/>\nPower supply: 1\u00d7 2CR5 6 V battery<br \/>\nWeight: approx. 595 g<\/p>\n<\/td>\n<\/tr>\n<tr class=\"woocommerce-product-attributes-item wr-product-desc empty\">\n<th>&nbsp;<\/th>\n<td>&nbsp;<\/td>\n<\/tr>\n<tr class=\"woocommerce-product-attributes-item wr-product-desc\">\n<th class=\"woocommerce-product-attributes-item__label\">::<\/th>\n<td class=\"woocommerce-product-attributes-item__value\">\n<p>LENS :::<\/p>\n<p>Market launch: February 1998<br \/>\nBayonet: Canon EF<br \/>\nImage stabiliser: Yes (IS)<br \/>\nFocusing: Ring USM (ultrasonic motor)<br \/>\nFocal length: 28\u2013135 mm<br \/>\nAperture: f\/3.5\u2013f\/5.6<br \/>\nAperture blades: 6<br \/>\nMinimum focusing distance: 0.50 m<br \/>\nMax. reproduction ratio: 0.19\u00d7<br \/>\nFilter thread: 72 mm<br \/>\nDimensions (\u00d8 \u00d7 L): approx. 78.4 \u00d7 96.8 mm<br \/>\nWeight: approx. 540 g<\/p>\n<\/td>\n<\/tr>\n<\/tbody>\n<\/table>\n","protected":false},"excerpt":{"rendered":"<p>Canon EOS 50E with EF 28-135mm f\/3.5-5.6 IS USM<\/p>\n","protected":false},"featured_media":1305440,"template":"","meta":[],"product_brand":[],"product_cat":[110],"product_tag":[],"class_list":{"0":"post-1305447","1":"product","2":"type-product","3":"status-publish","4":"has-post-thumbnail","6":"product_cat-film-cameras","7":"product_shipping_class-mail-up-to-2-kg","8":"pa_marke-canon-en","10":"first","11":"outofstock","12":"purchasable","13":"product-type-simple"},"_links":{"self":[{"href":"https:\/\/fk-secondhand.com\/en\/wp-json\/wp\/v2\/product\/1305447","targetHints":{"allow":["GET"]}}],"collection":[{"href":"https:\/\/fk-secondhand.com\/en\/wp-json\/wp\/v2\/product"}],"about":[{"href":"https:\/\/fk-secondhand.com\/en\/wp-json\/wp\/v2\/types\/product"}],"wp:featuredmedia":[{"embeddable":true,"href":"https:\/\/fk-secondhand.com\/en\/wp-json\/wp\/v2\/media\/1305440"}],"wp:attachment":[{"href":"https:\/\/fk-secondhand.com\/en\/wp-json\/wp\/v2\/media?parent=1305447"}],"wp:term":[{"taxonomy":"product_brand","embeddable":true,"href":"https:\/\/fk-secondhand.com\/en\/wp-json\/wp\/v2\/product_brand?post=1305447"},{"taxonomy":"product_cat","embeddable":true,"href":"https:\/\/fk-secondhand.com\/en\/wp-json\/wp\/v2\/product_cat?post=1305447"},{"taxonomy":"product_tag","embeddable":true,"href":"https:\/\/fk-secondhand.com\/en\/wp-json\/wp\/v2\/product_tag?post=1305447"}],"curies":[{"name":"wp","href":"https:\/\/api.w.org\/{rel}","templated":true}]}}