{"id":1306141,"date":"2025-11-19T08:24:32","date_gmt":"2025-11-19T07:24:32","guid":{"rendered":"https:\/\/fk-secondhand.com\/shop\/minolta-xe-1-mit-md-zoom-35-70mm-f-35-1156432\/"},"modified":"2026-02-02T13:38:30","modified_gmt":"2026-02-02T12:38:30","slug":"minolta-xe-1-mit-md-zoom-35-70mm-f-35-1156432","status":"publish","type":"product","link":"https:\/\/fk-secondhand.com\/en\/shop\/minolta-xe-1-mit-md-zoom-35-70mm-f-35-1156432\/","title":{"rendered":"Minolta XE-1 mit MD Zoom 35-70mm f\/3,5 &#8211; #1156432"},"content":{"rendered":"<table class=\"woocommerce-product-attributes shop_attributes\">\n<tbody>\n<tr class=\"woocommerce-product-attributes-item wr-product-desc\">\n<th class=\"woocommerce-product-attributes-item__label\">::<\/th>\n<td class=\"woocommerce-product-attributes-item__value\">\n<p>CAMERA :::<\/p>\n<p>Year(s) of manufacture: 1974<br \/>\nType: SLR camera<br \/>\nFilm format: 135 (35 mm small-format film)<br \/>\nImage format: 24 x 36 mm (full-frame)<br \/>\nBayonet mount: Minolta SR (MD\/MC)<\/p>\n<\/td>\n<\/tr>\n<tr class=\"woocommerce-product-attributes-item wr-product-desc\">\n<th class=\"woocommerce-product-attributes-item__label\">Focusing<\/th>\n<td class=\"woocommerce-product-attributes-item__value\">\n<p>Manual focus<br \/>\nContinuous shooting: No<br \/>\nShutter: Electronic focal-plane shutter<br \/>\nShutter speeds: 4 seconds to 1\/1000 second + bulb<br \/>\nExposure control: Aperture priority, manual exposure control<br \/>\nExposure compensation: \u00b1 2 EV <\/p>\n<\/td>\n<\/tr>\n<tr class=\"woocommerce-product-attributes-item wr-product-desc\">\n<th class=\"woocommerce-product-attributes-item__label\">Flash<\/th>\n<td class=\"woocommerce-product-attributes-item__value\">\n<p>External via hot shoe<br \/>\nPower supply: 2 \u00d7 1.5 V silver oxide batteries (e.g. LR44 \/ SR44)<br \/>\nWeight: approx. 775 g<\/p>\n<\/td>\n<\/tr>\n<tr class=\"woocommerce-product-attributes-item wr-product-desc empty\">\n<th>&nbsp;<\/th>\n<td>&nbsp;<\/td>\n<\/tr>\n<tr class=\"woocommerce-product-attributes-item wr-product-desc\">\n<th class=\"woocommerce-product-attributes-item__label\">::<\/th>\n<td class=\"woocommerce-product-attributes-item__value\">\n<p>LENS :::<\/p>\n<p>Bayonet: Minolta MD \/ SR<br \/>\nImage stabiliser: No<br \/>\nFocusing: Manual (MF)<br \/>\nFocal length: 35\u201370 mm<br \/>\nAperture: f\/3.5 (constant)<br \/>\nAperture blades: 6<br \/>\nMinimum focus distance: approx. 1 m, macro mode approx. 0.35 m<br \/>\nMax. reproduction ratio: approx. 1:4<br \/>\nFilter thread: 55 mm<br \/>\nDimensions (\u00d8 \u00d7 L): approx. 64 mm \u00d7 71 mm<br \/>\nWeight: approx. 300 g<\/p>\n<\/td>\n<\/tr>\n<\/tbody>\n<\/table>\n","protected":false},"excerpt":{"rendered":"<p>Minolta XE-1 with MD Zoom 35-70mm f\/3.5<\/p>\n","protected":false},"featured_media":1306134,"template":"","meta":[],"product_brand":[],"product_cat":[110],"product_tag":[],"class_list":{"0":"post-1306141","1":"product","2":"type-product","3":"status-publish","4":"has-post-thumbnail","6":"product_cat-film-cameras","7":"product_shipping_class-mail-up-to-2-kg","8":"pa_marke-minolta-en","10":"first","11":"outofstock","12":"purchasable","13":"product-type-simple"},"_links":{"self":[{"href":"https:\/\/fk-secondhand.com\/en\/wp-json\/wp\/v2\/product\/1306141","targetHints":{"allow":["GET"]}}],"collection":[{"href":"https:\/\/fk-secondhand.com\/en\/wp-json\/wp\/v2\/product"}],"about":[{"href":"https:\/\/fk-secondhand.com\/en\/wp-json\/wp\/v2\/types\/product"}],"wp:featuredmedia":[{"embeddable":true,"href":"https:\/\/fk-secondhand.com\/en\/wp-json\/wp\/v2\/media\/1306134"}],"wp:attachment":[{"href":"https:\/\/fk-secondhand.com\/en\/wp-json\/wp\/v2\/media?parent=1306141"}],"wp:term":[{"taxonomy":"product_brand","embeddable":true,"href":"https:\/\/fk-secondhand.com\/en\/wp-json\/wp\/v2\/product_brand?post=1306141"},{"taxonomy":"product_cat","embeddable":true,"href":"https:\/\/fk-secondhand.com\/en\/wp-json\/wp\/v2\/product_cat?post=1306141"},{"taxonomy":"product_tag","embeddable":true,"href":"https:\/\/fk-secondhand.com\/en\/wp-json\/wp\/v2\/product_tag?post=1306141"}],"curies":[{"name":"wp","href":"https:\/\/api.w.org\/{rel}","templated":true}]}}