{"id":1306939,"date":"2025-11-20T08:21:11","date_gmt":"2025-11-20T07:21:11","guid":{"rendered":"https:\/\/fk-secondhand.com\/shop\/canon-ef-m-15-45mm-35-63-is-stm-833208021310\/"},"modified":"2025-11-20T08:21:41","modified_gmt":"2025-11-20T07:21:41","slug":"canon-ef-m-15-45mm-35-63-is-stm-833208021310","status":"publish","type":"product","link":"https:\/\/fk-secondhand.com\/en\/shop\/canon-ef-m-15-45mm-35-63-is-stm-833208021310\/","title":{"rendered":"Canon EF-M 15-45mm 3,5-6,3 IS STM &#8211; #833208021310"},"content":{"rendered":"<table class=\"woocommerce-product-attributes shop_attributes\">\n<tbody>\n<tr class=\"woocommerce-product-attributes-item wr-product-desc\">\n<th class=\"woocommerce-product-attributes-item__label\">Market launch<\/th>\n<td class=\"woocommerce-product-attributes-item__value\">\n<p>2015<br \/>\nBayonet mount: Canon EF-M<br \/>\nImage stabiliser: Yes (optical)<br \/>\nFocusing: Autofocus, manual override possible<br \/>\nFocal length: 15\u201345 mm (equivalent to approx. 24\u201372 mm KB)<br \/>\nAperture: f\/3.5 \u2013 f\/6.3<br \/>\nAperture blades: 7 (circular)<br \/>\nMinimum focus distance: 0.25 m<br \/>\nMax. reproduction ratio: 0.25\u00d7<br \/>\nFilter thread: 49 mm<br \/>\nDimensions (\u00d8 \u00d7 L): approx. 60.9 \u00d7 44.5 mm<br \/>\nWeight: approx. 130 g<\/p>\n<\/td>\n<\/tr>\n<\/tbody>\n<\/table>\n","protected":false},"excerpt":{"rendered":"<p>Canon EF-M 15-45mm 3,5-6,3 IS STM<\/p>\n","protected":false},"featured_media":1306934,"template":"","meta":[],"product_brand":[],"product_cat":[288],"product_tag":[],"class_list":{"0":"post-1306939","1":"product","2":"type-product","3":"status-publish","4":"has-post-thumbnail","6":"product_cat-lenses-en","7":"product_shipping_class-mail-up-to-2-kg","8":"pa_marke-canon-en","10":"first","11":"outofstock","12":"purchasable","13":"product-type-simple"},"_links":{"self":[{"href":"https:\/\/fk-secondhand.com\/en\/wp-json\/wp\/v2\/product\/1306939","targetHints":{"allow":["GET"]}}],"collection":[{"href":"https:\/\/fk-secondhand.com\/en\/wp-json\/wp\/v2\/product"}],"about":[{"href":"https:\/\/fk-secondhand.com\/en\/wp-json\/wp\/v2\/types\/product"}],"wp:featuredmedia":[{"embeddable":true,"href":"https:\/\/fk-secondhand.com\/en\/wp-json\/wp\/v2\/media\/1306934"}],"wp:attachment":[{"href":"https:\/\/fk-secondhand.com\/en\/wp-json\/wp\/v2\/media?parent=1306939"}],"wp:term":[{"taxonomy":"product_brand","embeddable":true,"href":"https:\/\/fk-secondhand.com\/en\/wp-json\/wp\/v2\/product_brand?post=1306939"},{"taxonomy":"product_cat","embeddable":true,"href":"https:\/\/fk-secondhand.com\/en\/wp-json\/wp\/v2\/product_cat?post=1306939"},{"taxonomy":"product_tag","embeddable":true,"href":"https:\/\/fk-secondhand.com\/en\/wp-json\/wp\/v2\/product_tag?post=1306939"}],"curies":[{"name":"wp","href":"https:\/\/api.w.org\/{rel}","templated":true}]}}