{"id":1307335,"date":"2025-11-21T08:08:20","date_gmt":"2025-11-21T07:08:20","guid":{"rendered":"https:\/\/fk-secondhand.com\/shop\/tamron-80-210mm-f-38-40-adaptall-2-fuer-m-42-2120857\/"},"modified":"2025-11-21T08:09:00","modified_gmt":"2025-11-21T07:09:00","slug":"tamron-80-210mm-f-38-40-adaptall-2-fuer-m-42-2120857","status":"publish","type":"product","link":"https:\/\/fk-secondhand.com\/en\/shop\/tamron-80-210mm-f-38-40-adaptall-2-fuer-m-42-2120857\/","title":{"rendered":"Tamron 80-210mm f\/3,8-4,0 &#8211; Adaptall 2 f\u00fcr M-42 &#8211; #2120857"},"content":{"rendered":"<table class=\"woocommerce-product-attributes shop_attributes\">\n<tbody>\n<tr class=\"woocommerce-product-attributes-item wr-product-desc\">\n<th class=\"woocommerce-product-attributes-item__label\">Market launch<\/th>\n<td class=\"woocommerce-product-attributes-item__value\">\n<p>1979<br \/>\nBayonet mount: Tamron Adaptall-2 (M42 adapter)<br \/>\nImage stabiliser: No<br \/>\nFocusing: Manual<br \/>\nFocal length: 80\u2013210 mm<br \/>\nAperture: f\/3.8\u2013f\/4.0<br \/>\nAperture blades: 6<br \/>\nMax. reproduction ratio: approx. 1:2.8 (macro function)<br \/>\nFilter thread: 58 mm<br \/>\nDimensions (\u00d8 \u00d7 L): approx. 64.5 \u00d7 146.5 mm<br \/>\nWeight: approx. 610 g<\/p>\n<\/td>\n<\/tr>\n<\/tbody>\n<\/table>\n","protected":false},"excerpt":{"rendered":"<p>Tamron 80-210mm f\/3,8-4,0 Adaptall-2 <\/p>\n","protected":false},"featured_media":1307330,"template":"","meta":[],"product_brand":[],"product_cat":[288],"product_tag":[],"class_list":{"0":"post-1307335","1":"product","2":"type-product","3":"status-publish","4":"has-post-thumbnail","6":"product_cat-lenses-en","7":"product_shipping_class-mail-up-to-2-kg","8":"pa_marke-tamron-en","10":"first","11":"outofstock","12":"purchasable","13":"product-type-simple"},"_links":{"self":[{"href":"https:\/\/fk-secondhand.com\/en\/wp-json\/wp\/v2\/product\/1307335","targetHints":{"allow":["GET"]}}],"collection":[{"href":"https:\/\/fk-secondhand.com\/en\/wp-json\/wp\/v2\/product"}],"about":[{"href":"https:\/\/fk-secondhand.com\/en\/wp-json\/wp\/v2\/types\/product"}],"wp:featuredmedia":[{"embeddable":true,"href":"https:\/\/fk-secondhand.com\/en\/wp-json\/wp\/v2\/media\/1307330"}],"wp:attachment":[{"href":"https:\/\/fk-secondhand.com\/en\/wp-json\/wp\/v2\/media?parent=1307335"}],"wp:term":[{"taxonomy":"product_brand","embeddable":true,"href":"https:\/\/fk-secondhand.com\/en\/wp-json\/wp\/v2\/product_brand?post=1307335"},{"taxonomy":"product_cat","embeddable":true,"href":"https:\/\/fk-secondhand.com\/en\/wp-json\/wp\/v2\/product_cat?post=1307335"},{"taxonomy":"product_tag","embeddable":true,"href":"https:\/\/fk-secondhand.com\/en\/wp-json\/wp\/v2\/product_tag?post=1307335"}],"curies":[{"name":"wp","href":"https:\/\/api.w.org\/{rel}","templated":true}]}}