{"id":1307416,"date":"2025-11-21T10:02:20","date_gmt":"2025-11-21T09:02:20","guid":{"rendered":"https:\/\/fk-secondhand.com\/shop\/pentax-auto-takumar-55mm-f-18-fuer-m42-440025\/"},"modified":"2025-11-21T10:02:59","modified_gmt":"2025-11-21T09:02:59","slug":"pentax-auto-takumar-55mm-f-18-fuer-m42-440025","status":"publish","type":"product","link":"https:\/\/fk-secondhand.com\/en\/shop\/pentax-auto-takumar-55mm-f-18-fuer-m42-440025\/","title":{"rendered":"Pentax Auto-Takumar 55mm f\/1,8 f\u00fcr M42 &#8211; #440025"},"content":{"rendered":"<table class=\"woocommerce-product-attributes shop_attributes\">\n<tbody>\n<tr class=\"woocommerce-product-attributes-item wr-product-desc\">\n<th class=\"woocommerce-product-attributes-item__label\">Market launch<\/th>\n<td class=\"woocommerce-product-attributes-item__value\">\n<p>approx. 1960<br \/>\nBayonet mount: M42 (screw thread)<br \/>\nImage stabiliser: No<br \/>\nFocusing: Manual<br \/>\nFocal length: 55 mm<br \/>\nAperture: f\/1.8<br \/>\nAperture blades: 6<br \/>\nMinimum focus distance: approx. 0.45 m<br \/>\nFilter thread: 49 mm<br \/>\nDimensions (\u00d8 \u00d7 L): approx. \u00d8 59 mm \u00d7 length 42 mm<br \/>\nWeight: approx. 215 g<\/p>\n<\/td>\n<\/tr>\n<\/tbody>\n<\/table>\n","protected":false},"excerpt":{"rendered":"<p>Pentax Auto-Takumar 55mm f\/1,8 f\u00fcr M42<\/p>\n","protected":false},"featured_media":1307411,"template":"","meta":[],"product_brand":[],"product_cat":[288],"product_tag":[],"class_list":{"0":"post-1307416","1":"product","2":"type-product","3":"status-publish","4":"has-post-thumbnail","6":"product_cat-lenses-en","7":"product_shipping_class-mail-up-to-2-kg","8":"pa_marke-pentax-en","10":"first","11":"outofstock","12":"purchasable","13":"product-type-simple"},"_links":{"self":[{"href":"https:\/\/fk-secondhand.com\/en\/wp-json\/wp\/v2\/product\/1307416","targetHints":{"allow":["GET"]}}],"collection":[{"href":"https:\/\/fk-secondhand.com\/en\/wp-json\/wp\/v2\/product"}],"about":[{"href":"https:\/\/fk-secondhand.com\/en\/wp-json\/wp\/v2\/types\/product"}],"wp:featuredmedia":[{"embeddable":true,"href":"https:\/\/fk-secondhand.com\/en\/wp-json\/wp\/v2\/media\/1307411"}],"wp:attachment":[{"href":"https:\/\/fk-secondhand.com\/en\/wp-json\/wp\/v2\/media?parent=1307416"}],"wp:term":[{"taxonomy":"product_brand","embeddable":true,"href":"https:\/\/fk-secondhand.com\/en\/wp-json\/wp\/v2\/product_brand?post=1307416"},{"taxonomy":"product_cat","embeddable":true,"href":"https:\/\/fk-secondhand.com\/en\/wp-json\/wp\/v2\/product_cat?post=1307416"},{"taxonomy":"product_tag","embeddable":true,"href":"https:\/\/fk-secondhand.com\/en\/wp-json\/wp\/v2\/product_tag?post=1307416"}],"curies":[{"name":"wp","href":"https:\/\/api.w.org\/{rel}","templated":true}]}}