{"id":1307641,"date":"2025-11-21T14:42:01","date_gmt":"2025-11-21T13:42:01","guid":{"rendered":"https:\/\/fk-secondhand.com\/shop\/schneider-kreuznach-edixa-xenon-50mm-f-19-8494812\/"},"modified":"2025-11-21T14:42:36","modified_gmt":"2025-11-21T13:42:36","slug":"schneider-kreuznach-edixa-xenon-50mm-f-19-8494812","status":"publish","type":"product","link":"https:\/\/fk-secondhand.com\/en\/shop\/schneider-kreuznach-edixa-xenon-50mm-f-19-8494812\/","title":{"rendered":"Schneider-Kreuznach Edixa-Xenon 50mm f\/1,9 &#8211; #8494812"},"content":{"rendered":"<table class=\"woocommerce-product-attributes shop_attributes\">\n<tbody>\n<tr class=\"woocommerce-product-attributes-item wr-product-desc\">\n<th class=\"woocommerce-product-attributes-item__label\">Bayonet<\/th>\n<td class=\"woocommerce-product-attributes-item__value\">\n<p>M42 (screw thread)<br \/>\nImage stabiliser: No<br \/>\nFocusing: Manual<br \/>\nFocal length: 50 mm<br \/>\nAperture: f\/1.9<br \/>\nAperture blades: 6<br \/>\nFilter thread: 49 mm<br \/>\nDimensions (\u00d8 \u00d7 L): approx. 58 \u00d7 47 mm<br \/>\nWeight: approx. 232 g<\/p>\n<\/td>\n<\/tr>\n<\/tbody>\n<\/table>\n","protected":false},"excerpt":{"rendered":"<p>Schneider-Kreuznach Edixa-Xenon 50mm f\/1,9<\/p>\n","protected":false},"featured_media":1307636,"template":"","meta":[],"product_brand":[],"product_cat":[288],"product_tag":[],"class_list":{"0":"post-1307641","1":"product","2":"type-product","3":"status-publish","4":"has-post-thumbnail","6":"product_cat-lenses-en","7":"product_shipping_class-mail-up-to-2-kg","8":"pa_marke-schneider-kreuznach-en","10":"first","11":"outofstock","12":"purchasable","13":"product-type-simple"},"_links":{"self":[{"href":"https:\/\/fk-secondhand.com\/en\/wp-json\/wp\/v2\/product\/1307641","targetHints":{"allow":["GET"]}}],"collection":[{"href":"https:\/\/fk-secondhand.com\/en\/wp-json\/wp\/v2\/product"}],"about":[{"href":"https:\/\/fk-secondhand.com\/en\/wp-json\/wp\/v2\/types\/product"}],"wp:featuredmedia":[{"embeddable":true,"href":"https:\/\/fk-secondhand.com\/en\/wp-json\/wp\/v2\/media\/1307636"}],"wp:attachment":[{"href":"https:\/\/fk-secondhand.com\/en\/wp-json\/wp\/v2\/media?parent=1307641"}],"wp:term":[{"taxonomy":"product_brand","embeddable":true,"href":"https:\/\/fk-secondhand.com\/en\/wp-json\/wp\/v2\/product_brand?post=1307641"},{"taxonomy":"product_cat","embeddable":true,"href":"https:\/\/fk-secondhand.com\/en\/wp-json\/wp\/v2\/product_cat?post=1307641"},{"taxonomy":"product_tag","embeddable":true,"href":"https:\/\/fk-secondhand.com\/en\/wp-json\/wp\/v2\/product_tag?post=1307641"}],"curies":[{"name":"wp","href":"https:\/\/api.w.org\/{rel}","templated":true}]}}