{"id":1312058,"date":"2025-12-04T10:26:00","date_gmt":"2025-12-04T09:26:00","guid":{"rendered":"https:\/\/fk-secondhand.com\/shop\/godox-ad300-pro-akku-blitzgeraet\/"},"modified":"2025-12-04T10:26:14","modified_gmt":"2025-12-04T09:26:14","slug":"godox-ad300-pro-akku-blitzgeraet","status":"publish","type":"product","link":"https:\/\/fk-secondhand.com\/en\/shop\/godox-ad300-pro-akku-blitzgeraet\/","title":{"rendered":"Godox AD300 Pro Akku Blitzger\u00e4t"},"content":{"rendered":"<table class=\"woocommerce-product-attributes shop_attributes\">\n<tbody>\n<tr class=\"woocommerce-product-attributes-item wr-product-desc no-pair\">\n<th>&nbsp;<\/th>\n<td class=\"woocommerce-product-attributes-item__value\">The Godox AD300 Pro is a powerful, portable battery-powered flash unit with 300 Ws of power. It offers flash power adjustable from 1\/256 to 1\/1 in finely graduated steps, a colour temperature of approx. 5600 K \u00b1 200 K, a flash duration of approximately 1\/220\u20131\/10 200 s, and a recharge time of approximately 0.01\u20131.5 s. The integrated lithium-ion battery delivers approximately 320 full flashes per charge, and the device weighs around 1.25 kg with dimensions of approximately (W \u00d7 D \u00d7 H) 190 \u00d7 100 \u00d7 90 mm. It supports high-speed sync up to 1\/8000 s, wireless control via 2.4 GHz radio (32 channels \/ 5 groups) and has an LED modelling lamp (12 W, bi-colour).<\/td>\n<\/tr>\n<\/tbody>\n<\/table>\n","protected":false},"excerpt":{"rendered":"<p>Godox\u202fAD300\u202fPro<\/p>\n","protected":false},"featured_media":1312054,"template":"","meta":[],"product_brand":[],"product_cat":[308],"product_tag":[],"class_list":{"0":"post-1312058","1":"product","2":"type-product","3":"status-publish","4":"has-post-thumbnail","6":"product_cat-generators-flash-heads","7":"product_shipping_class-mail-up-to-4-kg","9":"first","10":"outofstock","11":"taxable","12":"shipping-taxable","13":"purchasable","14":"product-type-simple"},"_links":{"self":[{"href":"https:\/\/fk-secondhand.com\/en\/wp-json\/wp\/v2\/product\/1312058","targetHints":{"allow":["GET"]}}],"collection":[{"href":"https:\/\/fk-secondhand.com\/en\/wp-json\/wp\/v2\/product"}],"about":[{"href":"https:\/\/fk-secondhand.com\/en\/wp-json\/wp\/v2\/types\/product"}],"wp:featuredmedia":[{"embeddable":true,"href":"https:\/\/fk-secondhand.com\/en\/wp-json\/wp\/v2\/media\/1312054"}],"wp:attachment":[{"href":"https:\/\/fk-secondhand.com\/en\/wp-json\/wp\/v2\/media?parent=1312058"}],"wp:term":[{"taxonomy":"product_brand","embeddable":true,"href":"https:\/\/fk-secondhand.com\/en\/wp-json\/wp\/v2\/product_brand?post=1312058"},{"taxonomy":"product_cat","embeddable":true,"href":"https:\/\/fk-secondhand.com\/en\/wp-json\/wp\/v2\/product_cat?post=1312058"},{"taxonomy":"product_tag","embeddable":true,"href":"https:\/\/fk-secondhand.com\/en\/wp-json\/wp\/v2\/product_tag?post=1312058"}],"curies":[{"name":"wp","href":"https:\/\/api.w.org\/{rel}","templated":true}]}}