{"id":1312860,"date":"2025-12-05T12:37:34","date_gmt":"2025-12-05T11:37:34","guid":{"rendered":"https:\/\/fk-secondhand.com\/shop\/broncolor-pulso-g-blitzkopf-m040903\/"},"modified":"2025-12-05T12:37:47","modified_gmt":"2025-12-05T11:37:47","slug":"broncolor-pulso-g-blitzkopf-m040903","status":"publish","type":"product","link":"https:\/\/fk-secondhand.com\/en\/shop\/broncolor-pulso-g-blitzkopf-m040903\/","title":{"rendered":"Broncolor Pulso G Blitzkopf &#8211; #M040903"},"content":{"rendered":"<table class=\"woocommerce-product-attributes shop_attributes\">\n<tbody>\n<tr class=\"woocommerce-product-attributes-item wr-product-desc no-pair\">\n<th>&nbsp;<\/th>\n<td class=\"woocommerce-product-attributes-item__value\">Flash energy max. 1600 J<\/td>\n<\/tr>\n<tr class=\"woocommerce-product-attributes-item wr-product-desc\">\n<th class=\"woocommerce-product-attributes-item__label\">Modelling light<\/th>\n<td class=\"woocommerce-product-attributes-item__value\">\n<p>(230 V) halogen 300 W<\/p>\n<\/td>\n<\/tr>\n<tr class=\"woocommerce-product-attributes-item wr-product-desc\">\n<th class=\"woocommerce-product-attributes-item__label\">Length lamp cable<\/th>\n<td class=\"woocommerce-product-attributes-item__value\">\n<p>5 m <\/p>\n<\/td>\n<\/tr>\n<tr class=\"woocommerce-product-attributes-item wr-product-desc\">\n<th class=\"woocommerce-product-attributes-item__label\">Dimensions (\u00d8\u00d7L\u00d7H) \u00d8<\/th>\n<td class=\"woocommerce-product-attributes-item__value\">\n<p> 13 \u00d7 31 \u00d7 20 cm<\/p>\n<\/td>\n<\/tr>\n<tr class=\"woocommerce-product-attributes-item wr-product-desc no-pair\">\n<th>&nbsp;<\/th>\n<td class=\"woocommerce-product-attributes-item__value\">Weight (with cable) 3.15 kg <\/td>\n<\/tr>\n<tr class=\"woocommerce-product-attributes-item wr-product-desc no-pair\">\n<th>&nbsp;<\/th>\n<td class=\"woocommerce-product-attributes-item__value\">Stand adapter for bolts 12 mm, 3\/8\u201c thread and bolts 16 mm<\/td>\n<\/tr>\n<\/tbody>\n<\/table>\n","protected":false},"excerpt":{"rendered":"<p>Broncolor flash head <\/p>\n","protected":false},"featured_media":1312854,"template":"","meta":[],"product_brand":[],"product_cat":[308],"product_tag":[],"class_list":{"0":"post-1312860","1":"product","2":"type-product","3":"status-publish","4":"has-post-thumbnail","6":"product_cat-generators-flash-heads","7":"product_shipping_class-mail-up-to-4-kg","8":"pa_marke-broncolor-en","10":"first","11":"outofstock","12":"purchasable","13":"product-type-simple"},"_links":{"self":[{"href":"https:\/\/fk-secondhand.com\/en\/wp-json\/wp\/v2\/product\/1312860","targetHints":{"allow":["GET"]}}],"collection":[{"href":"https:\/\/fk-secondhand.com\/en\/wp-json\/wp\/v2\/product"}],"about":[{"href":"https:\/\/fk-secondhand.com\/en\/wp-json\/wp\/v2\/types\/product"}],"wp:featuredmedia":[{"embeddable":true,"href":"https:\/\/fk-secondhand.com\/en\/wp-json\/wp\/v2\/media\/1312854"}],"wp:attachment":[{"href":"https:\/\/fk-secondhand.com\/en\/wp-json\/wp\/v2\/media?parent=1312860"}],"wp:term":[{"taxonomy":"product_brand","embeddable":true,"href":"https:\/\/fk-secondhand.com\/en\/wp-json\/wp\/v2\/product_brand?post=1312860"},{"taxonomy":"product_cat","embeddable":true,"href":"https:\/\/fk-secondhand.com\/en\/wp-json\/wp\/v2\/product_cat?post=1312860"},{"taxonomy":"product_tag","embeddable":true,"href":"https:\/\/fk-secondhand.com\/en\/wp-json\/wp\/v2\/product_tag?post=1312860"}],"curies":[{"name":"wp","href":"https:\/\/api.w.org\/{rel}","templated":true}]}}