{"id":1316622,"date":"2025-12-18T16:44:42","date_gmt":"2025-12-18T15:44:42","guid":{"rendered":"https:\/\/fk-secondhand.com\/shop\/arsenal-mini-usb\/"},"modified":"2025-12-18T16:44:57","modified_gmt":"2025-12-18T15:44:57","slug":"arsenal-mini-usb","status":"publish","type":"product","link":"https:\/\/fk-secondhand.com\/en\/shop\/arsenal-mini-usb\/","title":{"rendered":"Arsenal &#8211; Mini USB"},"content":{"rendered":"<table class=\"woocommerce-product-attributes shop_attributes\">\n<tbody>\n<tr class=\"woocommerce-product-attributes-item wr-product-desc no-pair\">\n<th>&nbsp;<\/th>\n<td class=\"woocommerce-product-attributes-item__value\">Kontrolle \u00fcber ihre Kamera aus bis zu 30 m Entfernung \u00fcber die mobile App von Arsenal<br \/>\nBenutzer k\u00f6nnen Einstellungen, Live-Vorschau ansehen und den Ausl\u00f6ser aus der Ferne aus dem Smartphone ausl\u00f6sen (kompatibel mit aktuellen iOS und Android-Smartphone-Modellen)<\/td>\n<\/tr>\n<\/tbody>\n<\/table>\n","protected":false},"excerpt":{"rendered":"<p>Arsenal Camera Assistant USB Mini 8-Pin<\/p>\n","protected":false},"featured_media":1316617,"template":"","meta":[],"product_brand":[],"product_cat":[306],"product_tag":[],"class_list":{"0":"post-1316622","1":"product","2":"type-product","3":"status-publish","4":"has-post-thumbnail","6":"product_cat-trigger-power-supply","7":"product_shipping_class-mail-up-to-2-kg","9":"first","10":"instock","11":"purchasable","12":"product-type-simple"},"_links":{"self":[{"href":"https:\/\/fk-secondhand.com\/en\/wp-json\/wp\/v2\/product\/1316622","targetHints":{"allow":["GET"]}}],"collection":[{"href":"https:\/\/fk-secondhand.com\/en\/wp-json\/wp\/v2\/product"}],"about":[{"href":"https:\/\/fk-secondhand.com\/en\/wp-json\/wp\/v2\/types\/product"}],"wp:featuredmedia":[{"embeddable":true,"href":"https:\/\/fk-secondhand.com\/en\/wp-json\/wp\/v2\/media\/1316617"}],"wp:attachment":[{"href":"https:\/\/fk-secondhand.com\/en\/wp-json\/wp\/v2\/media?parent=1316622"}],"wp:term":[{"taxonomy":"product_brand","embeddable":true,"href":"https:\/\/fk-secondhand.com\/en\/wp-json\/wp\/v2\/product_brand?post=1316622"},{"taxonomy":"product_cat","embeddable":true,"href":"https:\/\/fk-secondhand.com\/en\/wp-json\/wp\/v2\/product_cat?post=1316622"},{"taxonomy":"product_tag","embeddable":true,"href":"https:\/\/fk-secondhand.com\/en\/wp-json\/wp\/v2\/product_tag?post=1316622"}],"curies":[{"name":"wp","href":"https:\/\/api.w.org\/{rel}","templated":true}]}}