{"id":1320749,"date":"2026-01-12T14:32:36","date_gmt":"2026-01-12T13:32:36","guid":{"rendered":"https:\/\/fk-secondhand.com\/shop\/haehnel-giga-t-pro-funk-fernausloeser-fuer-canon\/"},"modified":"2026-01-12T14:32:53","modified_gmt":"2026-01-12T13:32:53","slug":"haehnel-giga-t-pro-funk-fernausloeser-fuer-canon","status":"publish","type":"product","link":"https:\/\/fk-secondhand.com\/en\/shop\/haehnel-giga-t-pro-funk-fernausloeser-fuer-canon\/","title":{"rendered":"H\u00e4hnel Giga T Pro Funk-Fernausl\u00f6ser f\u00fcr Canon"},"content":{"rendered":"<table class=\"woocommerce-product-attributes shop_attributes\">\n<tbody>\n<tr class=\"woocommerce-product-attributes-item wr-product-desc\">\n<th class=\"woocommerce-product-attributes-item__label\">Model<\/th>\n<td class=\"woocommerce-product-attributes-item__value\">\n<p>Giga T Pro.<br \/>\nProduct Type: Professional 2.4GHz wireless timer remote control.<br \/>\nTransmission Technology: 2.4GHz FSK frequency to prevent signal interference.<br \/>\nFunctionality: Supports self-timer, interval timer, long exposure (Bulb), and continuous shooting modes.<br \/>\nDisplay: Easy-to-read backlit LCD screens on both transmitter and receiver units.<br \/>\nConnectivity: Receiver features a standard cold shoe and an integrated 1\/4&#8243; tripod thread for flexible mounting.<br \/>\nPower Supply: Transmitter is powered by a 3V Lithium CR2032 battery.<br \/>\nSpecial Feature: Highly versatile \u2013 functions as both a wireless radio trigger and a wired remote release.<\/p>\n<\/td>\n<\/tr>\n<\/tbody>\n<\/table>\n","protected":false},"excerpt":{"rendered":"<p>H\u00e4hnel wireless remote trigger for Canon<\/p>\n","protected":false},"featured_media":1320743,"template":"","meta":[],"product_brand":[],"product_cat":[342],"product_tag":[],"class_list":{"0":"post-1320749","1":"product","2":"type-product","3":"status-publish","4":"has-post-thumbnail","6":"product_cat-camera-triggers-remotes","7":"product_shipping_class-mail-up-to-2-kg","8":"pa_marke-haehnel-en","10":"first","11":"instock","12":"purchasable","13":"product-type-simple"},"_links":{"self":[{"href":"https:\/\/fk-secondhand.com\/en\/wp-json\/wp\/v2\/product\/1320749","targetHints":{"allow":["GET"]}}],"collection":[{"href":"https:\/\/fk-secondhand.com\/en\/wp-json\/wp\/v2\/product"}],"about":[{"href":"https:\/\/fk-secondhand.com\/en\/wp-json\/wp\/v2\/types\/product"}],"wp:featuredmedia":[{"embeddable":true,"href":"https:\/\/fk-secondhand.com\/en\/wp-json\/wp\/v2\/media\/1320743"}],"wp:attachment":[{"href":"https:\/\/fk-secondhand.com\/en\/wp-json\/wp\/v2\/media?parent=1320749"}],"wp:term":[{"taxonomy":"product_brand","embeddable":true,"href":"https:\/\/fk-secondhand.com\/en\/wp-json\/wp\/v2\/product_brand?post=1320749"},{"taxonomy":"product_cat","embeddable":true,"href":"https:\/\/fk-secondhand.com\/en\/wp-json\/wp\/v2\/product_cat?post=1320749"},{"taxonomy":"product_tag","embeddable":true,"href":"https:\/\/fk-secondhand.com\/en\/wp-json\/wp\/v2\/product_tag?post=1320749"}],"curies":[{"name":"wp","href":"https:\/\/api.w.org\/{rel}","templated":true}]}}