{"id":1321395,"date":"2026-01-13T11:39:19","date_gmt":"2026-01-13T10:39:19","guid":{"rendered":"https:\/\/fk-secondhand.com\/shop\/elinchrom-elc-500-ttl-set-2\/"},"modified":"2026-01-13T16:25:16","modified_gmt":"2026-01-13T15:25:16","slug":"elinchrom-elc-500-ttl-set-2","status":"publish","type":"product","link":"https:\/\/fk-secondhand.com\/en\/shop\/elinchrom-elc-500-ttl-set-2\/","title":{"rendered":"Elinchrom ELC 500 TTL SET"},"content":{"rendered":"<table class=\"woocommerce-product-attributes shop_attributes\">\n<tbody>\n<tr class=\"woocommerce-product-attributes-item wr-product-desc no-pair\">\n<th>&nbsp;<\/th>\n<td class=\"woocommerce-product-attributes-item__value\">Elinchrom ELC Pro HD 500 \u2013 Professioneller Studio-Kompaktblitz<\/td>\n<\/tr>\n<tr class=\"woocommerce-product-attributes-item wr-product-desc\">\n<th class=\"woocommerce-product-attributes-item__label\">Blitzleistung<\/th>\n<td class=\"woocommerce-product-attributes-item__value\">\n<p>500 J (Ws).<\/p>\n<\/td>\n<\/tr>\n<tr class=\"woocommerce-product-attributes-item wr-product-desc\">\n<th class=\"woocommerce-product-attributes-item__label\">Leistungsregelung<\/th>\n<td class=\"woocommerce-product-attributes-item__value\">\n<p>\u00dcber 7 Blendenstufen in 1\/10-Schritten einstellbar (7\u2013500 J).<\/p>\n<\/td>\n<\/tr>\n<tr class=\"woocommerce-product-attributes-item wr-product-desc\">\n<th class=\"woocommerce-product-attributes-item__label\">Blitzfolgezeit<\/th>\n<td class=\"woocommerce-product-attributes-item__value\">\n<p>Extrem schnell mit ca. 0,6 Sek. bei voller Leistung.<\/p>\n<\/td>\n<\/tr>\n<tr class=\"woocommerce-product-attributes-item wr-product-desc\">\n<th class=\"woocommerce-product-attributes-item__label\">Blitzdauer<\/th>\n<td class=\"woocommerce-product-attributes-item__value\">\n<p>K\u00fcrzeste Abbrennzeit von 1\/5000 Sek. (t0.5) bei ca. 80 J f\u00fcr perfekte Bewegungssch\u00e4rfe.<\/p>\n<\/td>\n<\/tr>\n<tr class=\"woocommerce-product-attributes-item wr-product-desc\">\n<th class=\"woocommerce-product-attributes-item__label\">Farbstabilit\u00e4t<\/th>\n<td class=\"woocommerce-product-attributes-item__value\">\n<p>Ausgezeichnete Konstanz \u00fcber den gesamten Leistungsbereich.<\/p>\n<\/td>\n<\/tr>\n<tr class=\"woocommerce-product-attributes-item wr-product-desc\">\n<th class=\"woocommerce-product-attributes-item__label\">Display<\/th>\n<td class=\"woocommerce-product-attributes-item__value\">\n<p>\u00dcbersichtliches OLED-Display f\u00fcr pr\u00e4zise Kontrolle aller Einstellungen.<\/p>\n<\/td>\n<\/tr>\n<tr class=\"woocommerce-product-attributes-item wr-product-desc\">\n<th class=\"woocommerce-product-attributes-item__label\">Spezialmodi<\/th>\n<td class=\"woocommerce-product-attributes-item__value\">\n<p>Sequence (bis zu 20 Blitze in Folge), Delayed (Synchronisation auf den zweiten Verschlussvorhang) und Strobo-Modus.<\/p>\n<\/td>\n<\/tr>\n<tr class=\"woocommerce-product-attributes-item wr-product-desc\">\n<th class=\"woocommerce-product-attributes-item__label\">Funksteuerung<\/th>\n<td class=\"woocommerce-product-attributes-item__value\">\n<p>Integrierter EL-Skyport Empf\u00e4nger zur drahtlosen Ausl\u00f6sung und Fernbedienung.<\/p>\n<p>Einstelllicht: 300 W Halogenlampe f\u00fcr pr\u00e4zise Lichtvorschau<\/p>\n<\/td>\n<\/tr>\n<tr class=\"woocommerce-product-attributes-item wr-product-desc empty\">\n<th>&nbsp;<\/th>\n<td>&nbsp;<\/td>\n<\/tr>\n<tr class=\"woocommerce-product-attributes-item wr-product-desc no-pair\">\n<th>&nbsp;<\/th>\n<td class=\"woocommerce-product-attributes-item__value\">\u2013 2\u00d7 ELC 500 TTL monolights<br \/>\n\u2013 2\u00d7 reflective umbrella<\/td>\n<\/tr>\n<tr class=\"woocommerce-product-attributes-item wr-product-desc no-pair\">\n<th>&nbsp;<\/th>\n<td class=\"woocommerce-product-attributes-item__value\">&#8211; 2x Reflektor  <\/td>\n<\/tr>\n<tr class=\"woocommerce-product-attributes-item wr-product-desc no-pair\">\n<th>&nbsp;<\/th>\n<td class=\"woocommerce-product-attributes-item__value\">\u2013 2\u00d7 Power cables<\/td>\n<\/tr>\n<tr class=\"woocommerce-product-attributes-item wr-product-desc no-pair\">\n<th>&nbsp;<\/th>\n<td class=\"woocommerce-product-attributes-item__value\">&#8211; 2 x Diffusor <\/td>\n<\/tr>\n<tr class=\"woocommerce-product-attributes-item wr-product-desc no-pair\">\n<th>&nbsp;<\/th>\n<td class=\"woocommerce-product-attributes-item__value\">\u2013 1\u00d7 Carrying case<\/td>\n<\/tr>\n<tr class=\"woocommerce-product-attributes-item wr-product-desc no-pair\">\n<th>&nbsp;<\/th>\n<td class=\"woocommerce-product-attributes-item__value\">&#8211; 1 x EL- Skyport <\/td>\n<\/tr>\n<\/tbody>\n<\/table>\n","protected":false},"excerpt":{"rendered":"<p>Complete set with two powerful 500 Ws TTL monolights &#8211; ideal for professional studio and on-location shoots<\/p>\n","protected":false},"featured_media":1321387,"template":"","meta":[],"product_brand":[],"product_cat":[311],"product_tag":[],"class_list":{"0":"post-1321395","1":"product","2":"type-product","3":"status-publish","4":"has-post-thumbnail","6":"product_cat-studio-equipment","7":"product_shipping_class-mail-up-to-12-kg","8":"pa_marke-elinchrom-en","10":"first","11":"outofstock","12":"purchasable","13":"product-type-simple"},"_links":{"self":[{"href":"https:\/\/fk-secondhand.com\/en\/wp-json\/wp\/v2\/product\/1321395","targetHints":{"allow":["GET"]}}],"collection":[{"href":"https:\/\/fk-secondhand.com\/en\/wp-json\/wp\/v2\/product"}],"about":[{"href":"https:\/\/fk-secondhand.com\/en\/wp-json\/wp\/v2\/types\/product"}],"wp:featuredmedia":[{"embeddable":true,"href":"https:\/\/fk-secondhand.com\/en\/wp-json\/wp\/v2\/media\/1321387"}],"wp:attachment":[{"href":"https:\/\/fk-secondhand.com\/en\/wp-json\/wp\/v2\/media?parent=1321395"}],"wp:term":[{"taxonomy":"product_brand","embeddable":true,"href":"https:\/\/fk-secondhand.com\/en\/wp-json\/wp\/v2\/product_brand?post=1321395"},{"taxonomy":"product_cat","embeddable":true,"href":"https:\/\/fk-secondhand.com\/en\/wp-json\/wp\/v2\/product_cat?post=1321395"},{"taxonomy":"product_tag","embeddable":true,"href":"https:\/\/fk-secondhand.com\/en\/wp-json\/wp\/v2\/product_tag?post=1321395"}],"curies":[{"name":"wp","href":"https:\/\/api.w.org\/{rel}","templated":true}]}}