{"id":1322516,"date":"2026-01-14T16:26:38","date_gmt":"2026-01-14T15:26:38","guid":{"rendered":"https:\/\/fk-secondhand.com\/shop\/haehnel-combi-tf-blitzausloeser-remote-reciver-fuer-canon-dslr\/"},"modified":"2026-01-14T16:26:52","modified_gmt":"2026-01-14T15:26:52","slug":"haehnel-combi-tf-blitzausloeser-remote-reciver-fuer-canon-dslr","status":"publish","type":"product","link":"https:\/\/fk-secondhand.com\/en\/shop\/haehnel-combi-tf-blitzausloeser-remote-reciver-fuer-canon-dslr\/","title":{"rendered":"H\u00e4hnel Combi TF Blitzausl\u00f6ser (Remote Reciver) f\u00fcr Canon DSLR"},"content":{"rendered":"<table class=\"woocommerce-product-attributes shop_attributes\">\n<tbody>\n<tr class=\"woocommerce-product-attributes-item wr-product-desc no-pair\">\n<th>&nbsp;<\/th>\n<td class=\"woocommerce-product-attributes-item__value\">Radio remote trigger for DSLR cameras<\/td>\n<\/tr>\n<tr class=\"woocommerce-product-attributes-item wr-product-desc no-pair\">\n<th>&nbsp;<\/th>\n<td class=\"woocommerce-product-attributes-item__value\">Worldwide license free FSK 2,4Ghz frequency<\/td>\n<\/tr>\n<tr class=\"woocommerce-product-attributes-item wr-product-desc no-pair\">\n<th>&nbsp;<\/th>\n<td class=\"woocommerce-product-attributes-item__value\">Remote control for DSLR flash<\/td>\n<\/tr>\n<tr class=\"woocommerce-product-attributes-item wr-product-desc no-pair\">\n<th>&nbsp;<\/th>\n<td class=\"woocommerce-product-attributes-item__value\">Interchangeable camera connection cable<\/td>\n<\/tr>\n<tr class=\"woocommerce-product-attributes-item wr-product-desc no-pair\">\n<th>&nbsp;<\/th>\n<td class=\"woocommerce-product-attributes-item__value\">Up to 100m range<\/td>\n<\/tr>\n<tr class=\"woocommerce-product-attributes-item wr-product-desc\">\n<th class=\"woocommerce-product-attributes-item__label\">Functions<\/th>\n<td class=\"woocommerce-product-attributes-item__value\">\n<p>Autofocus, Shutter, Continuous shooting, Bulb mode, 4 second delay functions<\/p>\n<\/td>\n<\/tr>\n<tr class=\"woocommerce-product-attributes-item wr-product-desc no-pair\">\n<th>&nbsp;<\/th>\n<td class=\"woocommerce-product-attributes-item__value\">Triggering of flash units as well as studio lighting<\/td>\n<\/tr>\n<tr class=\"woocommerce-product-attributes-item wr-product-desc no-pair\">\n<th>&nbsp;<\/th>\n<td class=\"woocommerce-product-attributes-item__value\">Compatible with all major Canon DSLR cameras<\/td>\n<\/tr>\n<tr class=\"woocommerce-product-attributes-item wr-product-desc\">\n<th class=\"woocommerce-product-attributes-item__label\">Power supply<\/th>\n<td class=\"woocommerce-product-attributes-item__value\">\n<p>2x 1.5V AAA<\/p>\n<\/td>\n<\/tr>\n<\/tbody>\n<\/table>\n","protected":false},"excerpt":{"rendered":"<p>Wireless remote control \/ wireless flash trigger for Canon DSLRs<\/p>\n","protected":false},"featured_media":1322513,"template":"","meta":[],"product_brand":[],"product_cat":[342],"product_tag":[],"class_list":{"0":"post-1322516","1":"product","2":"type-product","3":"status-publish","4":"has-post-thumbnail","6":"product_cat-camera-triggers-remotes","7":"product_shipping_class-mail-up-to-2-kg","8":"pa_marke-haehnel-en","10":"first","11":"instock","12":"taxable","13":"shipping-taxable","14":"purchasable","15":"product-type-simple"},"_links":{"self":[{"href":"https:\/\/fk-secondhand.com\/en\/wp-json\/wp\/v2\/product\/1322516","targetHints":{"allow":["GET"]}}],"collection":[{"href":"https:\/\/fk-secondhand.com\/en\/wp-json\/wp\/v2\/product"}],"about":[{"href":"https:\/\/fk-secondhand.com\/en\/wp-json\/wp\/v2\/types\/product"}],"wp:featuredmedia":[{"embeddable":true,"href":"https:\/\/fk-secondhand.com\/en\/wp-json\/wp\/v2\/media\/1322513"}],"wp:attachment":[{"href":"https:\/\/fk-secondhand.com\/en\/wp-json\/wp\/v2\/media?parent=1322516"}],"wp:term":[{"taxonomy":"product_brand","embeddable":true,"href":"https:\/\/fk-secondhand.com\/en\/wp-json\/wp\/v2\/product_brand?post=1322516"},{"taxonomy":"product_cat","embeddable":true,"href":"https:\/\/fk-secondhand.com\/en\/wp-json\/wp\/v2\/product_cat?post=1322516"},{"taxonomy":"product_tag","embeddable":true,"href":"https:\/\/fk-secondhand.com\/en\/wp-json\/wp\/v2\/product_tag?post=1322516"}],"curies":[{"name":"wp","href":"https:\/\/api.w.org\/{rel}","templated":true}]}}