{"id":1325313,"date":"2026-01-27T16:31:32","date_gmt":"2026-01-27T15:31:32","guid":{"rendered":"https:\/\/fk-secondhand.com\/shop\/fujifilm-fujicolor-reala-120-5-stueck-abgelaufen\/"},"modified":"2026-02-18T16:48:35","modified_gmt":"2026-02-18T15:48:35","slug":"fujifilm-fujicolor-reala-120-5-stueck-abgelaufen","status":"publish","type":"product","link":"https:\/\/fk-secondhand.com\/en\/shop\/fujifilm-fujicolor-reala-120-5-stueck-abgelaufen\/","title":{"rendered":"FUJIFILM Fujicolor Reala 120 \/ 5 St\u00fcck \/ abgelaufen"},"content":{"rendered":"<table class=\"woocommerce-product-attributes shop_attributes\">\n<tbody>\n<tr class=\"woocommerce-product-attributes-item wr-product-desc no-pair\">\n<th>&nbsp;<\/th>\n<td class=\"woocommerce-product-attributes-item__value\">Farbnegativfilm<\/td>\n<\/tr>\n<tr class=\"woocommerce-product-attributes-item wr-product-desc no-pair\">\n<th>&nbsp;<\/th>\n<td class=\"woocommerce-product-attributes-item__value\">Mittelformat<\/td>\n<\/tr>\n<tr class=\"woocommerce-product-attributes-item wr-product-desc no-pair\">\n<th>&nbsp;<\/th>\n<td class=\"woocommerce-product-attributes-item__value\">ISO 100<\/td>\n<\/tr>\n<tr class=\"woocommerce-product-attributes-item wr-product-desc no-pair\">\n<th>&nbsp;<\/th>\n<td class=\"woocommerce-product-attributes-item__value\">Hervorragende K\u00f6rnung und Sch\u00e4rfe<\/td>\n<\/tr>\n<tr class=\"woocommerce-product-attributes-item wr-product-desc no-pair\">\n<th>&nbsp;<\/th>\n<td class=\"woocommerce-product-attributes-item__value\">Wundersch\u00f6n glatte, detailreiche Bilder, auch bei Vergr\u00f6\u00dferungen<\/td>\n<\/tr>\n<tr class=\"woocommerce-product-attributes-item wr-product-desc no-pair\">\n<th>&nbsp;<\/th>\n<td class=\"woocommerce-product-attributes-item__value\">Weiche, subtile Abstufungen<\/td>\n<\/tr>\n<tr class=\"woocommerce-product-attributes-item wr-product-desc no-pair\">\n<th>&nbsp;<\/th>\n<td class=\"woocommerce-product-attributes-item__value\">Ausgewogene Balance zwischen Lichtern und Schatten, hervorragende Details und subtile Schattierungen, selbst bei den zartesten Farben<\/td>\n<\/tr>\n<tr class=\"woocommerce-product-attributes-item wr-product-desc no-pair\">\n<th>&nbsp;<\/th>\n<td class=\"woocommerce-product-attributes-item__value\">Hervorragende Ergebnisse unter Neonlicht, kein Gr\u00fcnstich<\/td>\n<\/tr>\n<tr class=\"woocommerce-product-attributes-item wr-product-desc no-pair\">\n<th>&nbsp;<\/th>\n<td class=\"woocommerce-product-attributes-item__value\">Erh\u00f6hte Farbgenauigkeit<\/td>\n<\/tr>\n<\/tbody>\n<\/table>\n","protected":false},"excerpt":{"rendered":"<p>Fujicolor Reala 100 ISO 120 size 5-pack CS &#8211; Expired 03.2014<\/p>\n","protected":false},"featured_media":1325310,"template":"","meta":[],"product_brand":[],"product_cat":[300],"product_tag":[],"class_list":{"0":"post-1325313","1":"product","2":"type-product","3":"status-publish","4":"has-post-thumbnail","6":"product_cat-film-material","7":"product_shipping_class-mail-up-to-2-kg","8":"pa_marke-fujifilm-en","10":"first","11":"outofstock","12":"purchasable","13":"product-type-simple"},"_links":{"self":[{"href":"https:\/\/fk-secondhand.com\/en\/wp-json\/wp\/v2\/product\/1325313","targetHints":{"allow":["GET"]}}],"collection":[{"href":"https:\/\/fk-secondhand.com\/en\/wp-json\/wp\/v2\/product"}],"about":[{"href":"https:\/\/fk-secondhand.com\/en\/wp-json\/wp\/v2\/types\/product"}],"wp:featuredmedia":[{"embeddable":true,"href":"https:\/\/fk-secondhand.com\/en\/wp-json\/wp\/v2\/media\/1325310"}],"wp:attachment":[{"href":"https:\/\/fk-secondhand.com\/en\/wp-json\/wp\/v2\/media?parent=1325313"}],"wp:term":[{"taxonomy":"product_brand","embeddable":true,"href":"https:\/\/fk-secondhand.com\/en\/wp-json\/wp\/v2\/product_brand?post=1325313"},{"taxonomy":"product_cat","embeddable":true,"href":"https:\/\/fk-secondhand.com\/en\/wp-json\/wp\/v2\/product_cat?post=1325313"},{"taxonomy":"product_tag","embeddable":true,"href":"https:\/\/fk-secondhand.com\/en\/wp-json\/wp\/v2\/product_tag?post=1325313"}],"curies":[{"name":"wp","href":"https:\/\/api.w.org\/{rel}","templated":true}]}}