{"id":1344419,"date":"2026-03-23T09:37:22","date_gmt":"2026-03-23T08:37:22","guid":{"rendered":"https:\/\/fk-secondhand.com\/shop\/konvolut-diverse-sammlergeraete-18-stueck-bastlergeraete-3\/"},"modified":"2026-03-23T09:37:30","modified_gmt":"2026-03-23T08:37:30","slug":"konvolut-diverse-sammlergeraete-18-stueck-bastlergeraete-3","status":"publish","type":"product","link":"https:\/\/fk-secondhand.com\/en\/shop\/konvolut-diverse-sammlergeraete-18-stueck-bastlergeraete-3\/","title":{"rendered":"Konvolut diverse Sammlerger\u00e4te &#8211; 18 St\u00fcck Bastlerger\u00e4te"},"content":{"rendered":"<table class=\"woocommerce-product-attributes shop_attributes\">\n<tbody>\n<tr class=\"woocommerce-product-attributes-item wr-product-desc no-pair\">\n<th>&nbsp;<\/th>\n<td class=\"woocommerce-product-attributes-item__value\">18 parts<\/td>\n<\/tr>\n<tr class=\"woocommerce-product-attributes-item wr-product-desc\">\n<th class=\"woocommerce-product-attributes-item__label\">Weight<\/th>\n<td class=\"woocommerce-product-attributes-item__value\">\n<p>approx. 7.200g<\/p>\n<\/td>\n<\/tr>\n<tr class=\"woocommerce-product-attributes-item wr-product-desc no-pair\">\n<th>&nbsp;<\/th>\n<td class=\"woocommerce-product-attributes-item__value\">2x Agfa Tully flash<\/td>\n<\/tr>\n<tr class=\"woocommerce-product-attributes-item wr-product-desc no-pair\">\n<th>&nbsp;<\/th>\n<td class=\"woocommerce-product-attributes-item__value\">1x Agfa Agfalux ci<\/td>\n<\/tr>\n<tr class=\"woocommerce-product-attributes-item wr-product-desc no-pair\">\n<th>&nbsp;<\/th>\n<td class=\"woocommerce-product-attributes-item__value\">1x Sixtomat lightmeter<\/td>\n<\/tr>\n<tr class=\"woocommerce-product-attributes-item wr-product-desc no-pair\">\n<th>&nbsp;<\/th>\n<td class=\"woocommerce-product-attributes-item__value\">1x Leica lens hood Elmar 5cm<\/td>\n<\/tr>\n<tr class=\"woocommerce-product-attributes-item wr-product-desc no-pair\">\n<th>&nbsp;<\/th>\n<td class=\"woocommerce-product-attributes-item__value\">1x Minolta Autopak 460T<\/td>\n<\/tr>\n<tr class=\"woocommerce-product-attributes-item wr-product-desc no-pair\">\n<th>&nbsp;<\/th>\n<td class=\"woocommerce-product-attributes-item__value\">1x Rollei pol filter for Ri<\/td>\n<\/tr>\n<tr class=\"woocommerce-product-attributes-item wr-product-desc no-pair\">\n<th>&nbsp;<\/th>\n<td class=\"woocommerce-product-attributes-item__value\">1x Zeiss Ikon Ikoblitz 4<\/td>\n<\/tr>\n<tr class=\"woocommerce-product-attributes-item wr-product-desc no-pair\">\n<th>&nbsp;<\/th>\n<td class=\"woocommerce-product-attributes-item__value\">1x Agfa Agfamatic 50<\/td>\n<\/tr>\n<tr class=\"woocommerce-product-attributes-item wr-product-desc no-pair\">\n<th>&nbsp;<\/th>\n<td class=\"woocommerce-product-attributes-item__value\">1x Eunig Zoom Reflex<\/td>\n<\/tr>\n<tr class=\"woocommerce-product-attributes-item wr-product-desc no-pair\">\n<th>&nbsp;<\/th>\n<td class=\"woocommerce-product-attributes-item__value\">1x Agfa Clack<\/td>\n<\/tr>\n<tr class=\"woocommerce-product-attributes-item wr-product-desc no-pair\">\n<th>&nbsp;<\/th>\n<td class=\"woocommerce-product-attributes-item__value\">1x Adox Pronto-LK<\/td>\n<\/tr>\n<tr class=\"woocommerce-product-attributes-item wr-product-desc no-pair\">\n<th>&nbsp;<\/th>\n<td class=\"woocommerce-product-attributes-item__value\">1x Minolta AutoFocus Tele<\/td>\n<\/tr>\n<tr class=\"woocommerce-product-attributes-item wr-product-desc no-pair\">\n<th>&nbsp;<\/th>\n<td class=\"woocommerce-product-attributes-item__value\">1x Voigtl\u00e4nder Vito CD<\/td>\n<\/tr>\n<tr class=\"woocommerce-product-attributes-item wr-product-desc no-pair\">\n<th>&nbsp;<\/th>\n<td class=\"woocommerce-product-attributes-item__value\">1x  Bilora Box<\/td>\n<\/tr>\n<tr class=\"woocommerce-product-attributes-item wr-product-desc no-pair\">\n<th>&nbsp;<\/th>\n<td class=\"woocommerce-product-attributes-item__value\">1x Agfa Optima<\/td>\n<\/tr>\n<tr class=\"woocommerce-product-attributes-item wr-product-desc no-pair\">\n<th>&nbsp;<\/th>\n<td class=\"woocommerce-product-attributes-item__value\">1x Ihagee Dresden A16 Bellows attachment<\/td>\n<\/tr>\n<tr class=\"woocommerce-product-attributes-item wr-product-desc no-pair\">\n<th>&nbsp;<\/th>\n<td class=\"woocommerce-product-attributes-item__value\">1x Kodak Instamatic Close-up Stand<\/td>\n<\/tr>\n<\/tbody>\n<\/table>\n","protected":false},"excerpt":{"rendered":"<p>Assortment of cameras and parts<\/p>\n","protected":false},"featured_media":1344415,"template":"","meta":[],"product_brand":[],"product_cat":[1335],"product_tag":[],"class_list":{"0":"post-1344419","1":"product","2":"type-product","3":"status-publish","4":"has-post-thumbnail","6":"product_cat-sets-convolutes","7":"product_shipping_class-mail-up-to-12-kg","9":"first","10":"instock","11":"purchasable","12":"product-type-simple"},"_links":{"self":[{"href":"https:\/\/fk-secondhand.com\/en\/wp-json\/wp\/v2\/product\/1344419","targetHints":{"allow":["GET"]}}],"collection":[{"href":"https:\/\/fk-secondhand.com\/en\/wp-json\/wp\/v2\/product"}],"about":[{"href":"https:\/\/fk-secondhand.com\/en\/wp-json\/wp\/v2\/types\/product"}],"wp:featuredmedia":[{"embeddable":true,"href":"https:\/\/fk-secondhand.com\/en\/wp-json\/wp\/v2\/media\/1344415"}],"wp:attachment":[{"href":"https:\/\/fk-secondhand.com\/en\/wp-json\/wp\/v2\/media?parent=1344419"}],"wp:term":[{"taxonomy":"product_brand","embeddable":true,"href":"https:\/\/fk-secondhand.com\/en\/wp-json\/wp\/v2\/product_brand?post=1344419"},{"taxonomy":"product_cat","embeddable":true,"href":"https:\/\/fk-secondhand.com\/en\/wp-json\/wp\/v2\/product_cat?post=1344419"},{"taxonomy":"product_tag","embeddable":true,"href":"https:\/\/fk-secondhand.com\/en\/wp-json\/wp\/v2\/product_tag?post=1344419"}],"curies":[{"name":"wp","href":"https:\/\/api.w.org\/{rel}","templated":true}]}}