{"id":1358672,"date":"2026-04-24T15:26:59","date_gmt":"2026-04-24T13:26:59","guid":{"rendered":"https:\/\/fk-secondhand.com\/shop\/konvolut-diverse-fotogeraete-32-stueck-bastlergeraete-2\/"},"modified":"2026-04-24T15:29:40","modified_gmt":"2026-04-24T13:29:40","slug":"konvolut-diverse-fotogeraete-32-stueck-bastlergeraete-2","status":"publish","type":"product","link":"https:\/\/fk-secondhand.com\/en\/shop\/konvolut-diverse-fotogeraete-32-stueck-bastlergeraete-2\/","title":{"rendered":"Konvolut diverse Fotoger\u00e4te &#8211; 32 St\u00fcck Bastlerger\u00e4te"},"content":{"rendered":"<table class=\"woocommerce-product-attributes shop_attributes\">\n<tbody>\n<tr class=\"woocommerce-product-attributes-item wr-product-desc\">\n<th class=\"woocommerce-product-attributes-item__label\">Quantity<\/th>\n<td class=\"woocommerce-product-attributes-item__value\">\n<p>approx. 32 items<\/p>\n<\/td>\n<\/tr>\n<tr class=\"woocommerce-product-attributes-item wr-product-desc\">\n<th class=\"woocommerce-product-attributes-item__label\">Lens Brands<\/th>\n<td class=\"woocommerce-product-attributes-item__value\">\n<p>Carl Zeiss Jena: Meyer-Optik: Pentacon: Voigtl\u00e4nder: Helios: Canon: Sigma: Enna M\u00fcnchen:<\/p>\n<\/td>\n<\/tr>\n<tr class=\"woocommerce-product-attributes-item wr-product-desc\">\n<th class=\"woocommerce-product-attributes-item__label\">Topcor<\/th>\n<td class=\"woocommerce-product-attributes-item__value\">\n<p>Mamiya: Miranda: Konica<\/p>\n<\/td>\n<\/tr>\n<tr class=\"woocommerce-product-attributes-item wr-product-desc\">\n<th class=\"woocommerce-product-attributes-item__label\">Optical Details<\/th>\n<td class=\"woocommerce-product-attributes-item__value\">\n<p>Focal lengths from 24mm up to 205mm: numerous classic 135mm telephoto lenses: various M42 and system mounts<\/p>\n<\/td>\n<\/tr>\n<tr class=\"woocommerce-product-attributes-item wr-product-desc\">\n<th class=\"woocommerce-product-attributes-item__label\">Cameras<\/th>\n<td class=\"woocommerce-product-attributes-item__value\">\n<p>Fujifilm Instax mini 9: Minox 35 PL: Traveler digital camera: silver compact camera<\/p>\n<\/td>\n<\/tr>\n<tr class=\"woocommerce-product-attributes-item wr-product-desc\">\n<th class=\"woocommerce-product-attributes-item__label\">Special Optics<\/th>\n<td class=\"woocommerce-product-attributes-item__value\">\n<p>Carl Zeiss Pro-Tessar set (35mm &amp; 85mm) in leather case<\/p>\n<\/td>\n<\/tr>\n<tr class=\"woocommerce-product-attributes-item wr-product-desc\">\n<th class=\"woocommerce-product-attributes-item__label\">Flash Unit<\/th>\n<td class=\"woocommerce-product-attributes-item__value\">\n<p>Metz 48 AF-1 digital<\/p>\n<\/td>\n<\/tr>\n<tr class=\"woocommerce-product-attributes-item wr-product-desc\">\n<th class=\"woocommerce-product-attributes-item__label\">Condition<\/th>\n<td class=\"woocommerce-product-attributes-item__value\">\n<p>For parts or repair \/ Untested \/ Partially defective<\/p>\n<\/td>\n<\/tr>\n<tr class=\"woocommerce-product-attributes-item wr-product-desc\">\n<th class=\"woocommerce-product-attributes-item__label\">Use Case<\/th>\n<td class=\"woocommerce-product-attributes-item__value\">\n<p>Spare parts \/ Decoration \/ Repair projects<\/p>\n<\/td>\n<\/tr>\n<\/tbody>\n<\/table>\n","protected":false},"excerpt":{"rendered":"<p>Extensive bundle of various photographic gear for collectors and enthusiasts. This set features a wide array of analog prime and zoom lenses from famous makers, several compact cameras, and a flash unit. All items are sold strictly as untested &#8220;for parts or repair&#8221; for component salvage or restoration projects<\/p>\n","protected":false},"featured_media":1358666,"template":"","meta":[],"product_brand":[],"product_cat":[1335],"product_tag":[],"class_list":{"0":"post-1358672","1":"product","2":"type-product","3":"status-publish","4":"has-post-thumbnail","6":"product_cat-sets-convolutes","7":"product_shipping_class-mail-up-to-12-kg","9":"first","10":"instock","11":"purchasable","12":"product-type-simple"},"_links":{"self":[{"href":"https:\/\/fk-secondhand.com\/en\/wp-json\/wp\/v2\/product\/1358672","targetHints":{"allow":["GET"]}}],"collection":[{"href":"https:\/\/fk-secondhand.com\/en\/wp-json\/wp\/v2\/product"}],"about":[{"href":"https:\/\/fk-secondhand.com\/en\/wp-json\/wp\/v2\/types\/product"}],"wp:featuredmedia":[{"embeddable":true,"href":"https:\/\/fk-secondhand.com\/en\/wp-json\/wp\/v2\/media\/1358666"}],"wp:attachment":[{"href":"https:\/\/fk-secondhand.com\/en\/wp-json\/wp\/v2\/media?parent=1358672"}],"wp:term":[{"taxonomy":"product_brand","embeddable":true,"href":"https:\/\/fk-secondhand.com\/en\/wp-json\/wp\/v2\/product_brand?post=1358672"},{"taxonomy":"product_cat","embeddable":true,"href":"https:\/\/fk-secondhand.com\/en\/wp-json\/wp\/v2\/product_cat?post=1358672"},{"taxonomy":"product_tag","embeddable":true,"href":"https:\/\/fk-secondhand.com\/en\/wp-json\/wp\/v2\/product_tag?post=1358672"}],"curies":[{"name":"wp","href":"https:\/\/api.w.org\/{rel}","templated":true}]}}