{"id":1358738,"date":"2026-04-24T15:59:38","date_gmt":"2026-04-24T13:59:38","guid":{"rendered":"https:\/\/fk-secondhand.com\/shop\/konvolut-diverse-sammlergeraet-20-stueck-bastlergeraete-3\/"},"modified":"2026-04-24T15:59:52","modified_gmt":"2026-04-24T13:59:52","slug":"konvolut-diverse-sammlergeraet-20-stueck-bastlergeraete-3","status":"publish","type":"product","link":"https:\/\/fk-secondhand.com\/en\/shop\/konvolut-diverse-sammlergeraet-20-stueck-bastlergeraete-3\/","title":{"rendered":"Konvolut diverse Sammlerger\u00e4t &#8211; 20 St\u00fcck Bastlerger\u00e4te"},"content":{"rendered":"<table class=\"woocommerce-product-attributes shop_attributes\">\n<tbody>\n<tr class=\"woocommerce-product-attributes-item wr-product-desc\">\n<th class=\"woocommerce-product-attributes-item__label\">Content<\/th>\n<td class=\"woocommerce-product-attributes-item__value\">\n<p>approx. 20 units (cameras, flash units, light meters, viewfinders)<\/p>\n<\/td>\n<\/tr>\n<tr class=\"woocommerce-product-attributes-item wr-product-desc\">\n<th class=\"woocommerce-product-attributes-item__label\">Cameras<\/th>\n<td class=\"woocommerce-product-attributes-item__value\">\n<p>Agfa Box, Zeiss Ikon Box-Tengor (with case), Kodak Instamatic 100 &amp; 104, Kodak Pleaser(Instant), Ihagee Exakta Varex, Voigtl\u00e4nder (Prontor 125), Agfa Iso-Rap, Agfa Autostar, and an Agfa folding camera<\/p>\n<\/td>\n<\/tr>\n<tr class=\"woocommerce-product-attributes-item wr-product-desc\">\n<th class=\"woocommerce-product-attributes-item__label\">Accessories<\/th>\n<td class=\"woocommerce-product-attributes-item__value\">\n<p>Gossen Sixtomat light meters, Sekonic light meter, Rollei A26 &amp; C26 flash units, Agfa ISI flash, various clip-on viewfinders (including Leitz\/Leica type), ever-ready cases<\/p>\n<\/td>\n<\/tr>\n<tr class=\"woocommerce-product-attributes-item wr-product-desc\">\n<th class=\"woocommerce-product-attributes-item__label\">Condition<\/th>\n<td class=\"woocommerce-product-attributes-item__value\">\n<p>Used collector items \/ for parts or repair (untested)<\/p>\n<\/td>\n<\/tr>\n<tr class=\"woocommerce-product-attributes-item wr-product-desc\">\n<th class=\"woocommerce-product-attributes-item__label\">Special Feature<\/th>\n<td class=\"woocommerce-product-attributes-item__value\">\n<p>A great cross-section of camera history, from early box cameras to Instamatic and instant systems<\/p>\n<\/td>\n<\/tr>\n<\/tbody>\n<\/table>\n","protected":false},"excerpt":{"rendered":"<p>Extensive Collection of Various Collector and Hobbyist Items &#8211; approx. 20 pieces<\/p>\n<p>This versatile collection features a selection of classic cameras and accessories from different eras of photographic history. It is ideal for collectors, decoration, or for hobbyists seeking spare parts. The items are explicitly offered as untested &#8220;for parts or repair&#8221;<\/p>\n","protected":false},"featured_media":1358731,"template":"","meta":[],"product_brand":[],"product_cat":[1335],"product_tag":[],"class_list":{"0":"post-1358738","1":"product","2":"type-product","3":"status-publish","4":"has-post-thumbnail","6":"product_cat-sets-convolutes","7":"product_shipping_class-mail-up-to-12-kg","9":"first","10":"instock","11":"purchasable","12":"product-type-simple"},"_links":{"self":[{"href":"https:\/\/fk-secondhand.com\/en\/wp-json\/wp\/v2\/product\/1358738","targetHints":{"allow":["GET"]}}],"collection":[{"href":"https:\/\/fk-secondhand.com\/en\/wp-json\/wp\/v2\/product"}],"about":[{"href":"https:\/\/fk-secondhand.com\/en\/wp-json\/wp\/v2\/types\/product"}],"wp:featuredmedia":[{"embeddable":true,"href":"https:\/\/fk-secondhand.com\/en\/wp-json\/wp\/v2\/media\/1358731"}],"wp:attachment":[{"href":"https:\/\/fk-secondhand.com\/en\/wp-json\/wp\/v2\/media?parent=1358738"}],"wp:term":[{"taxonomy":"product_brand","embeddable":true,"href":"https:\/\/fk-secondhand.com\/en\/wp-json\/wp\/v2\/product_brand?post=1358738"},{"taxonomy":"product_cat","embeddable":true,"href":"https:\/\/fk-secondhand.com\/en\/wp-json\/wp\/v2\/product_cat?post=1358738"},{"taxonomy":"product_tag","embeddable":true,"href":"https:\/\/fk-secondhand.com\/en\/wp-json\/wp\/v2\/product_tag?post=1358738"}],"curies":[{"name":"wp","href":"https:\/\/api.w.org\/{rel}","templated":true}]}}