{"id":1358773,"date":"2026-04-24T16:49:42","date_gmt":"2026-04-24T14:49:42","guid":{"rendered":"https:\/\/fk-secondhand.com\/shop\/konvolut-diverse-fotogeraete-20-stueck-bastlergeraete\/"},"modified":"2026-04-24T16:49:56","modified_gmt":"2026-04-24T14:49:56","slug":"konvolut-diverse-fotogeraete-20-stueck-bastlergeraete","status":"publish","type":"product","link":"https:\/\/fk-secondhand.com\/en\/shop\/konvolut-diverse-fotogeraete-20-stueck-bastlergeraete\/","title":{"rendered":"Konvolut diverse Fotoger\u00e4te &#8211; 20 St\u00fcck Bastlerger\u00e4te"},"content":{"rendered":"<table class=\"woocommerce-product-attributes shop_attributes\">\n<tbody>\n<tr class=\"woocommerce-product-attributes-item wr-product-desc\">\n<th class=\"woocommerce-product-attributes-item__label\">Quantity<\/th>\n<td class=\"woocommerce-product-attributes-item__value\">\n<p>approx. 20 items (cameras, camcorder, lenses, flash units)<\/p>\n<\/td>\n<\/tr>\n<tr class=\"woocommerce-product-attributes-item wr-product-desc\">\n<th class=\"woocommerce-product-attributes-item__label\">Cameras (Analog &amp; Digital)<\/th>\n<td class=\"woocommerce-product-attributes-item__value\">\n<p>Konica C35 (multiple models, incl. C35 EF3 Gold Edition in box), Minolta Weathermatic-A (underwater camera), Canon PowerShot A75, Pentax Espio 115, Agfa Silette-L, Konica Pop, Agfamatic 2008, Kodak Pocket Instamatic 400<\/p>\n<\/td>\n<\/tr>\n<tr class=\"woocommerce-product-attributes-item wr-product-desc\">\n<th class=\"woocommerce-product-attributes-item__label\">Camcorder<\/th>\n<td class=\"woocommerce-product-attributes-item__value\">\n<p>Sony Handycam Video Hi8 (Model CCD-TR705E)<\/p>\n<\/td>\n<\/tr>\n<tr class=\"woocommerce-product-attributes-item wr-product-desc\">\n<th class=\"woocommerce-product-attributes-item__label\">Lenses<\/th>\n<td class=\"woocommerce-product-attributes-item__value\">\n<p>Various prime and zoom lenses, including Minolta AF 50mm Macro, various telephoto lenses<\/p>\n<\/td>\n<\/tr>\n<tr class=\"woocommerce-product-attributes-item wr-product-desc\">\n<th class=\"woocommerce-product-attributes-item__label\">Flash Units<\/th>\n<td class=\"woocommerce-product-attributes-item__value\">\n<p>Sony HVL-F42AM, Canon Speedlite, Sunpak Power Zoom 4000AF<\/p>\n<\/td>\n<\/tr>\n<tr class=\"woocommerce-product-attributes-item wr-product-desc\">\n<th class=\"woocommerce-product-attributes-item__label\">Accessories<\/th>\n<td class=\"woocommerce-product-attributes-item__value\">\n<p>Various leather cases, ever-ready cases, and small parts<\/p>\n<\/td>\n<\/tr>\n<tr class=\"woocommerce-product-attributes-item wr-product-desc\">\n<th class=\"woocommerce-product-attributes-item__label\">Condition<\/th>\n<td class=\"woocommerce-product-attributes-item__value\">\n<p>For parts or repair \/ Untested \/ Partially defective<\/p>\n<\/td>\n<\/tr>\n<tr class=\"woocommerce-product-attributes-item wr-product-desc\">\n<th class=\"woocommerce-product-attributes-item__label\">Use Case<\/th>\n<td class=\"woocommerce-product-attributes-item__value\">\n<p>Spare parts, decoration, repair projects<\/p>\n<\/td>\n<\/tr>\n<\/tbody>\n<\/table>\n","protected":false},"excerpt":{"rendered":"<p>Mixed Photographic Equipment Lot &#8211; approx. 20 Pieces incl. Cameras, Camcorder, Lenses, and Flashes<\/p>\n<p>An extensive bundle for collectors and enthusiasts, featuring a versatile mix of analog and digital cameras, a camcorder, and various accessories. The collection includes classic rangefinders as well as modern compact devices. All items are sold strictly as untested &#8220;for parts or repair&#8221; for component salvage or restoration projects<\/p>\n","protected":false},"featured_media":1358766,"template":"","meta":[],"product_brand":[],"product_cat":[1335],"product_tag":[],"class_list":{"0":"post-1358773","1":"product","2":"type-product","3":"status-publish","4":"has-post-thumbnail","6":"product_cat-sets-convolutes","7":"product_shipping_class-mail-up-to-12-kg","9":"first","10":"instock","11":"purchasable","12":"product-type-simple"},"_links":{"self":[{"href":"https:\/\/fk-secondhand.com\/en\/wp-json\/wp\/v2\/product\/1358773","targetHints":{"allow":["GET"]}}],"collection":[{"href":"https:\/\/fk-secondhand.com\/en\/wp-json\/wp\/v2\/product"}],"about":[{"href":"https:\/\/fk-secondhand.com\/en\/wp-json\/wp\/v2\/types\/product"}],"wp:featuredmedia":[{"embeddable":true,"href":"https:\/\/fk-secondhand.com\/en\/wp-json\/wp\/v2\/media\/1358766"}],"wp:attachment":[{"href":"https:\/\/fk-secondhand.com\/en\/wp-json\/wp\/v2\/media?parent=1358773"}],"wp:term":[{"taxonomy":"product_brand","embeddable":true,"href":"https:\/\/fk-secondhand.com\/en\/wp-json\/wp\/v2\/product_brand?post=1358773"},{"taxonomy":"product_cat","embeddable":true,"href":"https:\/\/fk-secondhand.com\/en\/wp-json\/wp\/v2\/product_cat?post=1358773"},{"taxonomy":"product_tag","embeddable":true,"href":"https:\/\/fk-secondhand.com\/en\/wp-json\/wp\/v2\/product_tag?post=1358773"}],"curies":[{"name":"wp","href":"https:\/\/api.w.org\/{rel}","templated":true}]}}