{"id":1358798,"date":"2026-04-24T17:19:58","date_gmt":"2026-04-24T15:19:58","guid":{"rendered":"https:\/\/fk-secondhand.com\/shop\/konvolut-diverse-sammlergeraete-stueck-bastlergeraete-3\/"},"modified":"2026-04-24T17:21:50","modified_gmt":"2026-04-24T15:21:50","slug":"konvolut-diverse-sammlergeraete-stueck-bastlergeraete-3","status":"publish","type":"product","link":"https:\/\/fk-secondhand.com\/en\/shop\/konvolut-diverse-sammlergeraete-stueck-bastlergeraete-3\/","title":{"rendered":"Konvolut diverse Sammlerger\u00e4te &#8211; 20 St\u00fcck Bastlerger\u00e4te"},"content":{"rendered":"<table class=\"woocommerce-product-attributes shop_attributes\">\n<tbody>\n<tr class=\"woocommerce-product-attributes-item wr-product-desc\">\n<th class=\"woocommerce-product-attributes-item__label\">Cameras<\/th>\n<td class=\"woocommerce-product-attributes-item__value\">\n<p>Agfa Optima I, Agfa Silette Vario, Zeiss Ikon Baby-Box, Agfa Art-Box, plus several other Agfa models in leather ever-ready cases and a body featuring a Carl Zeiss Tessar 2.8\/50 lens<\/p>\n<\/td>\n<\/tr>\n<tr class=\"woocommerce-product-attributes-item wr-product-desc\">\n<th class=\"woocommerce-product-attributes-item__label\">Flash Units<\/th>\n<td class=\"woocommerce-product-attributes-item__value\">\n<p>Regula Variant 639 C, Brownie Flasholder 5 (in original box), Kobold flash unit<\/p>\n<\/td>\n<\/tr>\n<tr class=\"woocommerce-product-attributes-item wr-product-desc\">\n<th class=\"woocommerce-product-attributes-item__label\">Tripods<\/th>\n<td class=\"woocommerce-product-attributes-item__value\">\n<p>One large telescopic tripod (silver) with matching leather carrying case and one compact table-top tripod (black)<\/p>\n<\/td>\n<\/tr>\n<tr class=\"woocommerce-product-attributes-item wr-product-desc\">\n<th class=\"woocommerce-product-attributes-item__label\">Accessories<\/th>\n<td class=\"woocommerce-product-attributes-item__value\">\n<p>Numerous leather ever-ready cases, cable releases, and small parts<\/p>\n<\/td>\n<\/tr>\n<tr class=\"woocommerce-product-attributes-item wr-product-desc\">\n<th class=\"woocommerce-product-attributes-item__label\">Condition<\/th>\n<td class=\"woocommerce-product-attributes-item__value\">\n<p>Used collector items \/ for parts or repair (untested)<\/p>\n<\/td>\n<\/tr>\n<tr class=\"woocommerce-product-attributes-item wr-product-desc\">\n<th class=\"woocommerce-product-attributes-item__label\">Special Feature<\/th>\n<td class=\"woocommerce-product-attributes-item__value\">\n<p>Nice bundle focusing on traditional German brands like Agfa and Zeiss Ikon<\/p>\n<\/td>\n<\/tr>\n<\/tbody>\n<\/table>\n","protected":false},"excerpt":{"rendered":"<p>Collection of Various Collector Items &#8211; approx. 20 Pieces incl. Cameras, Tripods, and Flashes<\/p>\n<p>Extensive set of various historical cameras and photographic equipment. The collection primarily features classics from German manufacturers and various accessories. Due to their age and untested condition, these items are explicitly offered as &#8220;for parts or repair&#8221; for restoration, decoration, or salvage<\/p>\n","protected":false},"featured_media":1358792,"template":"","meta":[],"product_brand":[],"product_cat":[2021],"product_tag":[],"class_list":{"0":"post-1358798","1":"product","2":"type-product","3":"status-publish","4":"has-post-thumbnail","6":"product_cat-other-photographica","7":"product_shipping_class-mail-up-to-12-kg","9":"first","10":"instock","11":"purchasable","12":"product-type-simple"},"_links":{"self":[{"href":"https:\/\/fk-secondhand.com\/en\/wp-json\/wp\/v2\/product\/1358798","targetHints":{"allow":["GET"]}}],"collection":[{"href":"https:\/\/fk-secondhand.com\/en\/wp-json\/wp\/v2\/product"}],"about":[{"href":"https:\/\/fk-secondhand.com\/en\/wp-json\/wp\/v2\/types\/product"}],"wp:featuredmedia":[{"embeddable":true,"href":"https:\/\/fk-secondhand.com\/en\/wp-json\/wp\/v2\/media\/1358792"}],"wp:attachment":[{"href":"https:\/\/fk-secondhand.com\/en\/wp-json\/wp\/v2\/media?parent=1358798"}],"wp:term":[{"taxonomy":"product_brand","embeddable":true,"href":"https:\/\/fk-secondhand.com\/en\/wp-json\/wp\/v2\/product_brand?post=1358798"},{"taxonomy":"product_cat","embeddable":true,"href":"https:\/\/fk-secondhand.com\/en\/wp-json\/wp\/v2\/product_cat?post=1358798"},{"taxonomy":"product_tag","embeddable":true,"href":"https:\/\/fk-secondhand.com\/en\/wp-json\/wp\/v2\/product_tag?post=1358798"}],"curies":[{"name":"wp","href":"https:\/\/api.w.org\/{rel}","templated":true}]}}