{"id":22010,"date":"2022-02-10T15:49:01","date_gmt":"2022-02-10T14:49:01","guid":{"rendered":"https:\/\/r2d2.fk-secondhand.com\/shop\/buecherkonvolut-bildbaende-11-stueck\/"},"modified":"2022-02-10T15:49:04","modified_gmt":"2022-02-10T14:49:04","slug":"buecherkonvolut-bildbaende-11-stueck","status":"publish","type":"product","link":"https:\/\/fk-secondhand.com\/en\/shop\/buecherkonvolut-bildbaende-11-stueck\/","title":{"rendered":"B\u00fccherkonvolut &#8211; Bildb\u00e4nde &#8211; 11 St\u00fcck"},"content":{"rendered":"<table class=\"woocommerce-product-attributes shop_attributes\">\n<tbody>\n<tr class=\"woocommerce-product-attributes-item wr-product-desc no-pair\">\n<th>&nbsp;<\/th>\n<td class=\"woocommerce-product-attributes-item__value\">14 pieces<\/td>\n<\/tr>\n<tr class=\"woocommerce-product-attributes-item wr-product-desc\">\n<th class=\"woocommerce-product-attributes-item__label\">Language<\/th>\n<td class=\"woocommerce-product-attributes-item__value\">\n<p>German<\/p>\n<\/td>\n<\/tr>\n<\/tbody>\n<\/table>\n","protected":false},"excerpt":{"rendered":"<p>B\u00fccherkonvolut <\/p>\n","protected":false},"featured_media":22005,"template":"","meta":[],"product_brand":[],"product_cat":[1332],"product_tag":[],"class_list":{"0":"post-22010","1":"product","2":"type-product","3":"status-publish","4":"has-post-thumbnail","6":"product_cat-books-journals-magazines","7":"product_shipping_class-mail-up-to-2-kg","9":"first","10":"outofstock","11":"purchasable","12":"product-type-simple"},"_links":{"self":[{"href":"https:\/\/fk-secondhand.com\/en\/wp-json\/wp\/v2\/product\/22010","targetHints":{"allow":["GET"]}}],"collection":[{"href":"https:\/\/fk-secondhand.com\/en\/wp-json\/wp\/v2\/product"}],"about":[{"href":"https:\/\/fk-secondhand.com\/en\/wp-json\/wp\/v2\/types\/product"}],"wp:featuredmedia":[{"embeddable":true,"href":"https:\/\/fk-secondhand.com\/en\/wp-json\/wp\/v2\/media\/22005"}],"wp:attachment":[{"href":"https:\/\/fk-secondhand.com\/en\/wp-json\/wp\/v2\/media?parent=22010"}],"wp:term":[{"taxonomy":"product_brand","embeddable":true,"href":"https:\/\/fk-secondhand.com\/en\/wp-json\/wp\/v2\/product_brand?post=22010"},{"taxonomy":"product_cat","embeddable":true,"href":"https:\/\/fk-secondhand.com\/en\/wp-json\/wp\/v2\/product_cat?post=22010"},{"taxonomy":"product_tag","embeddable":true,"href":"https:\/\/fk-secondhand.com\/en\/wp-json\/wp\/v2\/product_tag?post=22010"}],"curies":[{"name":"wp","href":"https:\/\/api.w.org\/{rel}","templated":true}]}}